{"id":13252,"date":"2026-01-16T11:04:53","date_gmt":"2026-01-16T10:04:53","guid":{"rendered":"https:\/\/corailchaib.com\/?post_type=product&#038;p=13252"},"modified":"2026-05-02T10:43:36","modified_gmt":"2026-05-02T09:43:36","slug":"collier-corail-4-211","status":"publish","type":"product","link":"https:\/\/corailchaib.com\/ar\/product\/collier-corail-4-211\/","title":{"rendered":"\u0639\u0642\u062f \u0645\u0646 \u0627\u0644\u0645\u0631\u062c\u0627\u0646 4-211"},"content":{"rendered":"<h2 data-start=\"163\" data-end=\"186\">\u0639\u0642\u062f \u0645\u0646 \u0627\u0644\u0645\u0631\u062c\u0627\u0646 4-211<\/h2>\n<p data-start=\"188\" data-end=\"475\">\u0623\u0628\u0631\u0632\u064a \u062c\u0645\u0627\u0644 \u0625\u0637\u0644\u0627\u0644\u062a\u0643 \u0645\u0639 \u0647\u0630\u0627 \u0627\u0644\u0639\u0642\u062f \u0627\u0644\u0631\u0627\u0642\u064a \u0627\u0644\u0645\u0635\u0646\u0648\u0639 \u0645\u0646 \u0627\u0644\u0645\u0631\u062c\u0627\u0646 \u0627\u0644\u0623\u062d\u0645\u0631 \u0627\u0644\u0637\u0628\u064a\u0639\u064a \u0645\u0646 \u0627\u0644\u0628\u062d\u0631 \u0627\u0644\u0623\u0628\u064a\u0636 \u0627\u0644\u0645\u062a\u0648\u0633\u0637\u060c \u0648\u0627\u0644\u0645\u0642\u0637\u0651\u0639 \u0639\u0644\u0649 \u0634\u0643\u0644 \u0643\u0631\u0627\u062a \u0648\u0645\u0631\u0643\u0651\u0628 \u0639\u0644\u0649 \u0630\u0647\u0628 \u0645\u064f\u0635\u0641\u0651\u062d \u0644\u064a\u0645\u0646\u062d \u0644\u0645\u0639\u0627\u0646\u064b\u0627 \u0623\u0646\u064a\u0642\u064b\u0627 \u0648\u0641\u062e\u0627\u0645\u0629 \u0645\u0644\u0641\u062a\u0629. \u0623\u0645\u0651\u0627 \u0627\u0644\u0642\u0644\u0627\u062f\u0629 \u0627\u0644\u0645\u0643\u0648\u0651\u0646\u0629 \u0645\u0646 3 \u0643\u0631\u0627\u062a \u0641\u062a\u0636\u064a\u0641 \u0644\u0645\u0633\u0629 \u0645\u062a\u0646\u0627\u0633\u0642\u0629 \u0648\u0631\u0627\u0642\u064a\u0629\u060c \u0645\u062b\u0627\u0644\u064a\u0629 \u0644\u0625\u0637\u0644\u0627\u0644\u0629 \u0639\u0635\u0631\u064a\u0629 \u0648\u0645\u0645\u064a\u0632\u0629.<\/p>\n<p data-start=\"477\" data-end=\"512\">\u2728 \u0645\u0645\u064a\u0632\u0627\u062a \u0627\u0644\u0645\u0646\u062a\u062c:<\/p>\n<ul data-start=\"514\" data-end=\"896\">\n<li data-start=\"514\" data-end=\"613\">\n<p data-start=\"516\" data-end=\"613\">\u0645\u0631\u062c\u0627\u0646 \u0623\u062d\u0645\u0631 \u0637\u0628\u064a\u0639\u064a \u0645\u0646 \u0627\u0644\u0628\u062d\u0631 \u0627\u0644\u0623\u0628\u064a\u0636 \u0627\u0644\u0645\u062a\u0648\u0633\u0637\u060c \u0645\u0642\u0637\u0651\u0639 \u0625\u0644\u0649 \u0643\u0631\u0627\u062a \u0645\u0633\u062a\u062f\u064a\u0631\u0629 \u0648\u0645\u062e\u062a\u0627\u0631 \u0628\u0639\u0646\u0627\u064a\u0629.<\/p>\n<\/li>\n<li data-start=\"614\" data-end=\"696\">\n<p data-start=\"616\" data-end=\"696\">\u0642\u0644\u0627\u062f\u0629 \u0623\u0646\u064a\u0642\u0629 \u0645\u0643\u0648\u0651\u0646\u0629 \u0645\u0646 3 \u0643\u0631\u0627\u062a\u060c \u062a\u0645\u0646\u062d \u062a\u0648\u0627\u0632\u0646\u064b\u0627 \u0648\u062c\u0645\u0627\u0644\u064b\u0627 \u0631\u0627\u0642\u064a\u064b\u0627.<\/p>\n<\/li>\n<li data-start=\"697\" data-end=\"748\">\n<p data-start=\"699\" data-end=\"748\">\u062a\u0631\u0643\u064a\u0628 \u0639\u0644\u0649 \u0630\u0647\u0628 \u0645\u064f\u0635\u0641\u0651\u062d\u060c \u0645\u062a\u064a\u0646 \u0648\u0644\u0627\u0645\u0639.<\/p>\n<\/li>\n<li data-start=\"749\" data-end=\"821\">\n<p data-start=\"751\" data-end=\"821\">\u062d\u062c\u0645 \u0627\u0644\u0643\u0631\u0627\u062a: 10 \u0645\u0645\u060c \u0644\u0625\u0637\u0644\u0627\u0644\u0629 \u0648\u0627\u0636\u062d\u0629 \u0648\u0623\u0646\u064a\u0642\u0629.<\/p>\n<\/li>\n<li data-start=\"822\" data-end=\"896\">\n<p data-start=\"824\" data-end=\"896\">\u0637\u0648\u0644 \u0627\u0644\u0639\u0642\u062f: 45 \u0633\u0645\u060c \u0645\u062b\u0627\u0644\u064a \u0644\u0625\u0628\u0631\u0627\u0632 \u062c\u0645\u0627\u0644 \u0627\u0644\u0631\u0642\u0628\u0629.<\/p>\n<\/li>\n<\/ul>\n<p data-start=\"898\" data-end=\"1041\">\ud83d\udc8e \u0645\u062b\u0627\u0644\u064a \u0644\u0640:<br data-start=\"917\" data-end=\"920\" \/>\u0647\u062f\u064a\u0629 \u0641\u0627\u062e\u0631\u0629\u060c \u0645\u0646\u0627\u0633\u0628\u0629 \u062e\u0627\u0635\u0629\u060c \u0623\u0648 \u0644\u0625\u0636\u0627\u0641\u0629 \u0644\u0645\u0633\u0629 \u0645\u0646 \u0627\u0644\u0644\u0648\u0646 \u0648\u0627\u0644\u0631\u0642\u064a \u0625\u0644\u0649 \u0625\u0637\u0644\u0627\u0644\u0627\u062a\u0643 \u0627\u0644\u064a\u0648\u0645\u064a\u0629.<\/p>\n<p>\u062c\u0645\u064a\u0639\u00a0<a href=\"https:\/\/corailchaib.com\/boutique\/\">\u0645\u062c\u0648\u0647\u0631\u0627\u062a\u0646\u0627<\/a>\u00a0\u0645\u0635\u0646\u0648\u0639\u0629 \u0645\u0646 \u0627\u0644\u0645\u0631\u062c\u0627\u0646 \u0627\u0644\u0623\u062d\u0645\u0631 (<a href=\"https:\/\/fr.wikipedia.org\/wiki\/Corail_rouge\" target=\"_blank\" rel=\"noopener\">Corallium rubrum<\/a>)  \u0627\u0644\u0630\u064a \u064a\u062a\u0645 \u0635\u064a\u062f\u0647 \u0641\u064a \u0627\u0644\u062c\u0632\u0627\u0626\u0631.<\/p>","protected":false},"excerpt":{"rendered":"<p>\u2022 \u0628\u0627\u0644\u0625\u0636\u0627\u0641\u0629 \u0625\u0644\u0649 \u062a\u0643\u0627\u0644\u064a\u0641 \u0627\u0644\u0634\u062d\u0646 \u0627\u0644\u0645\u062d\u0633\u0648\u0628\u0629 \u0639\u0646\u062f \u0627\u0644\u0637\u0644\u0628.<\/p>","protected":false},"featured_media":13253,"comment_status":"open","ping_status":"closed","template":"","meta":{"site-sidebar-layout":"default","site-content-layout":"","ast-site-content-layout":"default","site-content-style":"default","site-sidebar-style":"default","ast-global-header-display":"","ast-banner-title-visibility":"","ast-main-header-display":"","ast-hfb-above-header-display":"","ast-hfb-below-header-display":"","ast-hfb-mobile-header-display":"","site-post-title":"","ast-breadcrumbs-content":"","ast-featured-img":"","footer-sml-layout":"","ast-disable-related-posts":"","theme-transparent-header-meta":"default","adv-header-id-meta":"","stick-header-meta":"default","header-above-stick-meta":"","header-main-stick-meta":"","header-below-stick-meta":"","astra-migrate-meta-layouts":"set","ast-page-background-enabled":"default","ast-page-background-meta":{"desktop":{"background-color":"","background-image":"","background-repeat":"repeat","background-position":"center center","background-size":"auto","background-attachment":"scroll","background-type":"","background-media":"","overlay-type":"","overlay-color":"","overlay-opacity":"","overlay-gradient":""},"tablet":{"background-color":"","background-image":"","background-repeat":"repeat","background-position":"center center","background-size":"auto","background-attachment":"scroll","background-type":"","background-media":"","overlay-type":"","overlay-color":"","overlay-opacity":"","overlay-gradient":""},"mobile":{"background-color":"","background-image":"","background-repeat":"repeat","background-position":"center center","background-size":"auto","background-attachment":"scroll","background-type":"","background-media":"","overlay-type":"","overlay-color":"","overlay-opacity":"","overlay-gradient":""}},"ast-content-background-meta":{"desktop":{"background-color":"var(--ast-global-color-5)","background-image":"","background-repeat":"repeat","background-position":"center center","background-size":"auto","background-attachment":"scroll","background-type":"","background-media":"","overlay-type":"","overlay-color":"","overlay-opacity":"","overlay-gradient":""},"tablet":{"background-color":"var(--ast-global-color-5)","background-image":"","background-repeat":"repeat","background-position":"center center","background-size":"auto","background-attachment":"scroll","background-type":"","background-media":"","overlay-type":"","overlay-color":"","overlay-opacity":"","overlay-gradient":""},"mobile":{"background-color":"var(--ast-global-color-5)","background-image":"","background-repeat":"repeat","background-position":"center center","background-size":"auto","background-attachment":"scroll","background-type":"","background-media":"","overlay-type":"","overlay-color":"","overlay-opacity":"","overlay-gradient":""}}},"product_brand":[],"product_cat":[23,68],"product_tag":[],"class_list":{"0":"post-13252","1":"product","2":"type-product","3":"status-publish","4":"has-post-thumbnail","6":"product_cat-colliers","7":"product_cat-monte-sur-or-lamine-14-carats","8":"desktop-align-center","9":"tablet-align-left","10":"mobile-align-left","12":"first","13":"outofstock","14":"featured","15":"shipping-taxable","16":"purchasable","17":"product-type-simple"},"yoast_head":"<!-- This site is optimized with the Yoast SEO plugin v27.4 - https:\/\/yoast.com\/product\/yoast-seo-wordpress\/ -->\n<title>Collier Corail 4-211 - Corail Chaib<\/title>\n<meta name=\"description\" content=\"Collier Corail 4-211 \/ Collier\u00a0 de corail rouge de M\u00e9diterran\u00e9e, taill\u00e9 en Boules corail Q 2,75, mont\u00e9es sur Or Lamin\u00e9, Taille des boules 10 mm.\" \/>\n<meta name=\"robots\" content=\"index, follow, max-snippet:-1, max-image-preview:large, max-video-preview:-1\" \/>\n<link rel=\"canonical\" href=\"https:\/\/corailchaib.com\/ar\/product\/collier-corail-4-211\/\" \/>\n<meta property=\"og:locale\" content=\"ar_AR\" \/>\n<meta property=\"og:type\" content=\"article\" \/>\n<meta property=\"og:title\" content=\"Collier Corail 4-211 - Corail Chaib\" \/>\n<meta property=\"og:description\" content=\"Collier Corail 4-211 \/ Collier\u00a0 de corail rouge de M\u00e9diterran\u00e9e, taill\u00e9 en Boules corail Q 2,75, mont\u00e9es sur Or Lamin\u00e9, Taille des boules 10 mm.\" \/>\n<meta property=\"og:url\" content=\"https:\/\/corailchaib.com\/ar\/product\/collier-corail-4-211\/\" \/>\n<meta property=\"og:site_name\" content=\"Corail Chaib\" \/>\n<meta property=\"article:publisher\" content=\"https:\/\/www.facebook.com\/Corailchaib\" \/>\n<meta property=\"article:modified_time\" content=\"2026-05-02T09:43:36+00:00\" \/>\n<meta property=\"og:image\" content=\"https:\/\/corailchaib.com\/wp-content\/uploads\/2026\/01\/Collier-Corail-4-211-3.webp\" \/>\n\t<meta property=\"og:image:width\" content=\"900\" \/>\n\t<meta property=\"og:image:height\" content=\"900\" \/>\n\t<meta property=\"og:image:type\" content=\"image\/webp\" \/>\n<meta name=\"twitter:card\" content=\"summary_large_image\" \/>\n<meta name=\"twitter:site\" content=\"@CorailChaib\" \/>\n<meta name=\"twitter:label1\" content=\"\u0648\u0642\u062a \u0627\u0644\u0642\u0631\u0627\u0621\u0629 \u0627\u0644\u0645\u064f\u0642\u062f\u0651\u0631\" \/>\n\t<meta name=\"twitter:data1\" content=\"\u062f\u0642\u064a\u0642\u0629 \u0648\u0627\u062d\u062f\u0629\" \/>\n<script type=\"application\/ld+json\" class=\"yoast-schema-graph\">{\"@context\":\"https:\\\/\\\/schema.org\",\"@graph\":[{\"@type\":\"WebPage\",\"@id\":\"https:\\\/\\\/corailchaib.com\\\/produit\\\/collier-corail-4-211\\\/\",\"url\":\"https:\\\/\\\/corailchaib.com\\\/produit\\\/collier-corail-4-211\\\/\",\"name\":\"Collier Corail 4-211 - Corail Chaib\",\"isPartOf\":{\"@id\":\"https:\\\/\\\/corailchaib.com\\\/#website\"},\"primaryImageOfPage\":{\"@id\":\"https:\\\/\\\/corailchaib.com\\\/produit\\\/collier-corail-4-211\\\/#primaryimage\"},\"image\":{\"@id\":\"https:\\\/\\\/corailchaib.com\\\/produit\\\/collier-corail-4-211\\\/#primaryimage\"},\"thumbnailUrl\":\"https:\\\/\\\/corailchaib.com\\\/wp-content\\\/uploads\\\/2026\\\/01\\\/Collier-Corail-4-211-3.webp\",\"datePublished\":\"2026-01-16T10:04:53+00:00\",\"dateModified\":\"2026-05-02T09:43:36+00:00\",\"description\":\"Collier Corail 4-211 \\\/ Collier\u00a0 de corail rouge de M\u00e9diterran\u00e9e, taill\u00e9 en Boules corail Q 2,75, mont\u00e9es sur Or Lamin\u00e9, Taille des boules 10 mm.\",\"breadcrumb\":{\"@id\":\"https:\\\/\\\/corailchaib.com\\\/produit\\\/collier-corail-4-211\\\/#breadcrumb\"},\"inLanguage\":\"ar\",\"potentialAction\":[{\"@type\":\"ReadAction\",\"target\":[\"https:\\\/\\\/corailchaib.com\\\/produit\\\/collier-corail-4-211\\\/\"]}]},{\"@type\":\"ImageObject\",\"inLanguage\":\"ar\",\"@id\":\"https:\\\/\\\/corailchaib.com\\\/produit\\\/collier-corail-4-211\\\/#primaryimage\",\"url\":\"https:\\\/\\\/corailchaib.com\\\/wp-content\\\/uploads\\\/2026\\\/01\\\/Collier-Corail-4-211-3.webp\",\"contentUrl\":\"https:\\\/\\\/corailchaib.com\\\/wp-content\\\/uploads\\\/2026\\\/01\\\/Collier-Corail-4-211-3.webp\",\"width\":900,\"height\":900},{\"@type\":\"BreadcrumbList\",\"@id\":\"https:\\\/\\\/corailchaib.com\\\/produit\\\/collier-corail-4-211\\\/#breadcrumb\",\"itemListElement\":[{\"@type\":\"ListItem\",\"position\":1,\"name\":\"Accueil\",\"item\":\"https:\\\/\\\/corailchaib.com\\\/\"},{\"@type\":\"ListItem\",\"position\":2,\"name\":\"Boutique\",\"item\":\"https:\\\/\\\/corailchaib.com\\\/boutique\\\/\"},{\"@type\":\"ListItem\",\"position\":3,\"name\":\"Collier Corail 4-211\"}]},{\"@type\":\"WebSite\",\"@id\":\"https:\\\/\\\/corailchaib.com\\\/#website\",\"url\":\"https:\\\/\\\/corailchaib.com\\\/\",\"name\":\"corailchaib.com\",\"description\":\"Bijoux en Corail Rouge\",\"publisher\":{\"@id\":\"https:\\\/\\\/corailchaib.com\\\/#organization\"},\"alternateName\":\"Corail Chaib\",\"potentialAction\":[{\"@type\":\"SearchAction\",\"target\":{\"@type\":\"EntryPoint\",\"urlTemplate\":\"https:\\\/\\\/corailchaib.com\\\/?s={search_term_string}\"},\"query-input\":{\"@type\":\"PropertyValueSpecification\",\"valueRequired\":true,\"valueName\":\"search_term_string\"}}],\"inLanguage\":\"ar\"},{\"@type\":\"Organization\",\"@id\":\"https:\\\/\\\/corailchaib.com\\\/#organization\",\"name\":\"Corail Chaib\",\"url\":\"https:\\\/\\\/corailchaib.com\\\/\",\"logo\":{\"@type\":\"ImageObject\",\"inLanguage\":\"ar\",\"@id\":\"https:\\\/\\\/corailchaib.com\\\/#\\\/schema\\\/logo\\\/image\\\/\",\"url\":\"https:\\\/\\\/corailchaib.com\\\/wp-content\\\/uploads\\\/2024\\\/01\\\/LogoP-removebg-preview.png\",\"contentUrl\":\"https:\\\/\\\/corailchaib.com\\\/wp-content\\\/uploads\\\/2024\\\/01\\\/LogoP-removebg-preview.png\",\"width\":255,\"height\":266,\"caption\":\"Corail Chaib\"},\"image\":{\"@id\":\"https:\\\/\\\/corailchaib.com\\\/#\\\/schema\\\/logo\\\/image\\\/\"},\"sameAs\":[\"https:\\\/\\\/www.facebook.com\\\/Corailchaib\",\"https:\\\/\\\/x.com\\\/CorailChaib\",\"https:\\\/\\\/www.instagram.com\\\/corail.chaib\\\/?hl=fr\"]}]}<\/script>\n<!-- \/ Yoast SEO plugin. -->","yoast_head_json":{"title":"Collier Corail 4-211 - Corail Chaib","description":"Collier Corail 4-211 \/ Collier\u00a0 de corail rouge de M\u00e9diterran\u00e9e, taill\u00e9 en Boules corail Q 2,75, mont\u00e9es sur Or Lamin\u00e9, Taille des boules 10 mm.","robots":{"index":"index","follow":"follow","max-snippet":"max-snippet:-1","max-image-preview":"max-image-preview:large","max-video-preview":"max-video-preview:-1"},"canonical":"https:\/\/corailchaib.com\/ar\/product\/collier-corail-4-211\/","og_locale":"ar_AR","og_type":"article","og_title":"Collier Corail 4-211 - Corail Chaib","og_description":"Collier Corail 4-211 \/ Collier\u00a0 de corail rouge de M\u00e9diterran\u00e9e, taill\u00e9 en Boules corail Q 2,75, mont\u00e9es sur Or Lamin\u00e9, Taille des boules 10 mm.","og_url":"https:\/\/corailchaib.com\/ar\/product\/collier-corail-4-211\/","og_site_name":"Corail Chaib","article_publisher":"https:\/\/www.facebook.com\/Corailchaib","article_modified_time":"2026-05-02T09:43:36+00:00","og_image":[{"width":900,"height":900,"url":"https:\/\/corailchaib.com\/wp-content\/uploads\/2026\/01\/Collier-Corail-4-211-3.webp","type":"image\/webp"}],"twitter_card":"summary_large_image","twitter_site":"@CorailChaib","twitter_misc":{"\u0648\u0642\u062a \u0627\u0644\u0642\u0631\u0627\u0621\u0629 \u0627\u0644\u0645\u064f\u0642\u062f\u0651\u0631":"\u062f\u0642\u064a\u0642\u0629 \u0648\u0627\u062d\u062f\u0629"},"schema":{"@context":"https:\/\/schema.org","@graph":[{"@type":"WebPage","@id":"https:\/\/corailchaib.com\/produit\/collier-corail-4-211\/","url":"https:\/\/corailchaib.com\/produit\/collier-corail-4-211\/","name":"Collier Corail 4-211 - Corail Chaib","isPartOf":{"@id":"https:\/\/corailchaib.com\/#website"},"primaryImageOfPage":{"@id":"https:\/\/corailchaib.com\/produit\/collier-corail-4-211\/#primaryimage"},"image":{"@id":"https:\/\/corailchaib.com\/produit\/collier-corail-4-211\/#primaryimage"},"thumbnailUrl":"https:\/\/corailchaib.com\/wp-content\/uploads\/2026\/01\/Collier-Corail-4-211-3.webp","datePublished":"2026-01-16T10:04:53+00:00","dateModified":"2026-05-02T09:43:36+00:00","description":"Collier Corail 4-211 \/ Collier\u00a0 de corail rouge de M\u00e9diterran\u00e9e, taill\u00e9 en Boules corail Q 2,75, mont\u00e9es sur Or Lamin\u00e9, Taille des boules 10 mm.","breadcrumb":{"@id":"https:\/\/corailchaib.com\/produit\/collier-corail-4-211\/#breadcrumb"},"inLanguage":"ar","potentialAction":[{"@type":"ReadAction","target":["https:\/\/corailchaib.com\/produit\/collier-corail-4-211\/"]}]},{"@type":"ImageObject","inLanguage":"ar","@id":"https:\/\/corailchaib.com\/produit\/collier-corail-4-211\/#primaryimage","url":"https:\/\/corailchaib.com\/wp-content\/uploads\/2026\/01\/Collier-Corail-4-211-3.webp","contentUrl":"https:\/\/corailchaib.com\/wp-content\/uploads\/2026\/01\/Collier-Corail-4-211-3.webp","width":900,"height":900},{"@type":"BreadcrumbList","@id":"https:\/\/corailchaib.com\/produit\/collier-corail-4-211\/#breadcrumb","itemListElement":[{"@type":"ListItem","position":1,"name":"Accueil","item":"https:\/\/corailchaib.com\/"},{"@type":"ListItem","position":2,"name":"Boutique","item":"https:\/\/corailchaib.com\/boutique\/"},{"@type":"ListItem","position":3,"name":"Collier Corail 4-211"}]},{"@type":"WebSite","@id":"https:\/\/corailchaib.com\/#website","url":"https:\/\/corailchaib.com\/","name":"corailchaib.com","description":"\u0645\u062c\u0648\u0647\u0631\u0627\u062a \u0645\u0646 \u0627\u0644\u0645\u0631\u062c\u0627\u0646 \u0627\u0644\u0623\u062d\u0645\u0631","publisher":{"@id":"https:\/\/corailchaib.com\/#organization"},"alternateName":"Corail Chaib","potentialAction":[{"@type":"SearchAction","target":{"@type":"EntryPoint","urlTemplate":"https:\/\/corailchaib.com\/?s={search_term_string}"},"query-input":{"@type":"PropertyValueSpecification","valueRequired":true,"valueName":"search_term_string"}}],"inLanguage":"ar"},{"@type":"Organization","@id":"https:\/\/corailchaib.com\/#organization","name":"\u0645\u0631\u062c\u0627\u0646 \u0634\u0627\u064a\u0628","url":"https:\/\/corailchaib.com\/","logo":{"@type":"ImageObject","inLanguage":"ar","@id":"https:\/\/corailchaib.com\/#\/schema\/logo\/image\/","url":"https:\/\/corailchaib.com\/wp-content\/uploads\/2024\/01\/LogoP-removebg-preview.png","contentUrl":"https:\/\/corailchaib.com\/wp-content\/uploads\/2024\/01\/LogoP-removebg-preview.png","width":255,"height":266,"caption":"Corail Chaib"},"image":{"@id":"https:\/\/corailchaib.com\/#\/schema\/logo\/image\/"},"sameAs":["https:\/\/www.facebook.com\/Corailchaib","https:\/\/x.com\/CorailChaib","https:\/\/www.instagram.com\/corail.chaib\/?hl=fr"]}]}},"jetpack_sharing_enabled":true,"_links":{"self":[{"href":"https:\/\/corailchaib.com\/ar\/wp-json\/wp\/v2\/product\/13252","targetHints":{"allow":["GET"]}}],"collection":[{"href":"https:\/\/corailchaib.com\/ar\/wp-json\/wp\/v2\/product"}],"about":[{"href":"https:\/\/corailchaib.com\/ar\/wp-json\/wp\/v2\/types\/product"}],"replies":[{"embeddable":true,"href":"https:\/\/corailchaib.com\/ar\/wp-json\/wp\/v2\/comments?post=13252"}],"version-history":[{"count":2,"href":"https:\/\/corailchaib.com\/ar\/wp-json\/wp\/v2\/product\/13252\/revisions"}],"predecessor-version":[{"id":13555,"href":"https:\/\/corailchaib.com\/ar\/wp-json\/wp\/v2\/product\/13252\/revisions\/13555"}],"wp:featuredmedia":[{"embeddable":true,"href":"https:\/\/corailchaib.com\/ar\/wp-json\/wp\/v2\/media\/13253"}],"wp:attachment":[{"href":"https:\/\/corailchaib.com\/ar\/wp-json\/wp\/v2\/media?parent=13252"}],"wp:term":[{"taxonomy":"product_brand","embeddable":true,"href":"https:\/\/corailchaib.com\/ar\/wp-json\/wp\/v2\/product_brand?post=13252"},{"taxonomy":"product_cat","embeddable":true,"href":"https:\/\/corailchaib.com\/ar\/wp-json\/wp\/v2\/product_cat?post=13252"},{"taxonomy":"product_tag","embeddable":true,"href":"https:\/\/corailchaib.com\/ar\/wp-json\/wp\/v2\/product_tag?post=13252"}],"curies":[{"name":"wp","href":"https:\/\/api.w.org\/{rel}","templated":true}]}}