{"id":10378,"date":"2024-11-14T15:42:19","date_gmt":"2024-11-14T14:42:19","guid":{"rendered":"https:\/\/corailchaib.dz\/?post_type=product&#038;p=10378"},"modified":"2025-11-27T12:30:48","modified_gmt":"2025-11-27T11:30:48","slug":"bracelet-corail-1-324","status":"publish","type":"product","link":"https:\/\/corailchaib.com\/en_gb\/product\/bracelet-corail-1-324\/","title":{"rendered":"Coral bracelet 1-324"},"content":{"rendered":"<p>Coral bracelet 1-324<\/p>\n<p>Bracelet en Perles corail rouge de M\u00e9diterran\u00e9e mont\u00e9 sur\u00a0 Argent.<\/p>\n<p>Dimensions des perles 3,5 mm, longueur Bracelet 19cm.<\/p>\n<p>All\u00a0<a href=\"https:\/\/corailchaib.com\/boutique\/\">our jewellery<\/a>\u00a0are made from red coral (<a href=\"https:\/\/fr.wikipedia.org\/wiki\/Corail_rouge\" target=\"_blank\" rel=\"noopener\">Corallium rubrum<\/a>) caught in Algeria.<\/p>","protected":false},"excerpt":{"rendered":"<p>\u2022 Plus shipping fees calculated at checkout.<\/p>","protected":false},"featured_media":10405,"comment_status":"open","ping_status":"closed","template":"","meta":{"site-sidebar-layout":"default","site-content-layout":"default","ast-site-content-layout":"default","site-content-style":"default","site-sidebar-style":"default","ast-global-header-display":"","ast-banner-title-visibility":"","ast-main-header-display":"","ast-hfb-above-header-display":"","ast-hfb-below-header-display":"","ast-hfb-mobile-header-display":"","site-post-title":"","ast-breadcrumbs-content":"","ast-featured-img":"","footer-sml-layout":"","ast-disable-related-posts":"","theme-transparent-header-meta":"default","adv-header-id-meta":"","stick-header-meta":"default","header-above-stick-meta":"","header-main-stick-meta":"","header-below-stick-meta":"","astra-migrate-meta-layouts":"set","ast-page-background-enabled":"default","ast-page-background-meta":{"desktop":{"background-color":"","background-image":"","background-repeat":"repeat","background-position":"center center","background-size":"auto","background-attachment":"scroll","background-type":"","background-media":"","overlay-type":"","overlay-color":"","overlay-opacity":"","overlay-gradient":""},"tablet":{"background-color":"","background-image":"","background-repeat":"repeat","background-position":"center center","background-size":"auto","background-attachment":"scroll","background-type":"","background-media":"","overlay-type":"","overlay-color":"","overlay-opacity":"","overlay-gradient":""},"mobile":{"background-color":"","background-image":"","background-repeat":"repeat","background-position":"center center","background-size":"auto","background-attachment":"scroll","background-type":"","background-media":"","overlay-type":"","overlay-color":"","overlay-opacity":"","overlay-gradient":""}},"ast-content-background-meta":{"desktop":{"background-color":"var(--ast-global-color-5)","background-image":"","background-repeat":"repeat","background-position":"center center","background-size":"auto","background-attachment":"scroll","background-type":"","background-media":"","overlay-type":"","overlay-color":"","overlay-opacity":"","overlay-gradient":""},"tablet":{"background-color":"var(--ast-global-color-5)","background-image":"","background-repeat":"repeat","background-position":"center center","background-size":"auto","background-attachment":"scroll","background-type":"","background-media":"","overlay-type":"","overlay-color":"","overlay-opacity":"","overlay-gradient":""},"mobile":{"background-color":"var(--ast-global-color-5)","background-image":"","background-repeat":"repeat","background-position":"center center","background-size":"auto","background-attachment":"scroll","background-type":"","background-media":"","overlay-type":"","overlay-color":"","overlay-opacity":"","overlay-gradient":""}}},"product_brand":[],"product_cat":[61,69],"product_tag":[],"class_list":{"0":"post-10378","1":"product","2":"type-product","3":"status-publish","4":"has-post-thumbnail","6":"product_cat-bracelets-de-corail","7":"product_cat-monte-sur-argent","8":"desktop-align-center","9":"tablet-align-left","10":"mobile-align-left","12":"first","13":"instock","14":"shipping-taxable","15":"purchasable","16":"product-type-simple"},"yoast_head":"<!-- This site is optimized with the Yoast SEO plugin v27.4 - https:\/\/yoast.com\/product\/yoast-seo-wordpress\/ -->\n<title>Bracelet Corail 1-324 - Corail Chaib<\/title>\n<meta name=\"description\" content=\"Bracelet Corail 1-324 \/ Bracelet en Perles corail rouge de M\u00e9diterran\u00e9e mont\u00e9 sur Argent Dimensions des perles 3mm, longueur Bracelet 19cm..\" \/>\n<meta name=\"robots\" content=\"index, follow, max-snippet:-1, max-image-preview:large, max-video-preview:-1\" \/>\n<link rel=\"canonical\" href=\"https:\/\/corailchaib.com\/en_gb\/product\/bracelet-corail-1-324\/\" \/>\n<meta property=\"og:locale\" content=\"en_GB\" \/>\n<meta property=\"og:type\" content=\"article\" \/>\n<meta property=\"og:title\" content=\"Bracelet Corail 1-324 - Corail Chaib\" \/>\n<meta property=\"og:description\" content=\"Bracelet Corail 1-324 \/ Bracelet en Perles corail rouge de M\u00e9diterran\u00e9e mont\u00e9 sur Argent Dimensions des perles 3mm, longueur Bracelet 19cm..\" \/>\n<meta property=\"og:url\" content=\"https:\/\/corailchaib.com\/en_gb\/product\/bracelet-corail-1-324\/\" \/>\n<meta property=\"og:site_name\" content=\"Corail Chaib\" \/>\n<meta property=\"article:publisher\" content=\"https:\/\/www.facebook.com\/Corailchaib\" \/>\n<meta property=\"article:modified_time\" content=\"2025-11-27T11:30:48+00:00\" \/>\n<meta property=\"og:image\" content=\"https:\/\/corailchaib.com\/wp-content\/uploads\/2024\/11\/Bracelet-Corail-1-324-8.webp\" \/>\n\t<meta property=\"og:image:width\" content=\"900\" \/>\n\t<meta property=\"og:image:height\" content=\"900\" \/>\n\t<meta property=\"og:image:type\" content=\"image\/webp\" \/>\n<meta name=\"twitter:card\" content=\"summary_large_image\" \/>\n<meta name=\"twitter:site\" content=\"@CorailChaib\" \/>\n<meta name=\"twitter:label1\" content=\"Estimated reading time\" \/>\n\t<meta name=\"twitter:data1\" content=\"1 minute\" \/>\n<script type=\"application\/ld+json\" class=\"yoast-schema-graph\">{\"@context\":\"https:\\\/\\\/schema.org\",\"@graph\":[{\"@type\":\"WebPage\",\"@id\":\"https:\\\/\\\/corailchaib.com\\\/produit\\\/bracelet-corail-1-324\\\/\",\"url\":\"https:\\\/\\\/corailchaib.com\\\/produit\\\/bracelet-corail-1-324\\\/\",\"name\":\"Bracelet Corail 1-324 - Corail Chaib\",\"isPartOf\":{\"@id\":\"https:\\\/\\\/corailchaib.com\\\/#website\"},\"primaryImageOfPage\":{\"@id\":\"https:\\\/\\\/corailchaib.com\\\/produit\\\/bracelet-corail-1-324\\\/#primaryimage\"},\"image\":{\"@id\":\"https:\\\/\\\/corailchaib.com\\\/produit\\\/bracelet-corail-1-324\\\/#primaryimage\"},\"thumbnailUrl\":\"https:\\\/\\\/corailchaib.com\\\/wp-content\\\/uploads\\\/2024\\\/11\\\/Bracelet-Corail-1-324-8.webp\",\"datePublished\":\"2024-11-14T14:42:19+00:00\",\"dateModified\":\"2025-11-27T11:30:48+00:00\",\"description\":\"Bracelet Corail 1-324 \\\/ Bracelet en Perles corail rouge de M\u00e9diterran\u00e9e mont\u00e9 sur Argent Dimensions des perles 3mm, longueur Bracelet 19cm..\",\"breadcrumb\":{\"@id\":\"https:\\\/\\\/corailchaib.com\\\/produit\\\/bracelet-corail-1-324\\\/#breadcrumb\"},\"inLanguage\":\"en-GB\",\"potentialAction\":[{\"@type\":\"ReadAction\",\"target\":[\"https:\\\/\\\/corailchaib.com\\\/produit\\\/bracelet-corail-1-324\\\/\"]}]},{\"@type\":\"ImageObject\",\"inLanguage\":\"en-GB\",\"@id\":\"https:\\\/\\\/corailchaib.com\\\/produit\\\/bracelet-corail-1-324\\\/#primaryimage\",\"url\":\"https:\\\/\\\/corailchaib.com\\\/wp-content\\\/uploads\\\/2024\\\/11\\\/Bracelet-Corail-1-324-8.webp\",\"contentUrl\":\"https:\\\/\\\/corailchaib.com\\\/wp-content\\\/uploads\\\/2024\\\/11\\\/Bracelet-Corail-1-324-8.webp\",\"width\":900,\"height\":900},{\"@type\":\"BreadcrumbList\",\"@id\":\"https:\\\/\\\/corailchaib.com\\\/produit\\\/bracelet-corail-1-324\\\/#breadcrumb\",\"itemListElement\":[{\"@type\":\"ListItem\",\"position\":1,\"name\":\"Accueil\",\"item\":\"https:\\\/\\\/corailchaib.com\\\/\"},{\"@type\":\"ListItem\",\"position\":2,\"name\":\"Boutique\",\"item\":\"https:\\\/\\\/corailchaib.com\\\/boutique\\\/\"},{\"@type\":\"ListItem\",\"position\":3,\"name\":\"Bracelet Corail 1-324\"}]},{\"@type\":\"WebSite\",\"@id\":\"https:\\\/\\\/corailchaib.com\\\/#website\",\"url\":\"https:\\\/\\\/corailchaib.com\\\/\",\"name\":\"corailchaib.com\",\"description\":\"Bijoux en Corail Rouge\",\"publisher\":{\"@id\":\"https:\\\/\\\/corailchaib.com\\\/#organization\"},\"alternateName\":\"Corail Chaib\",\"potentialAction\":[{\"@type\":\"SearchAction\",\"target\":{\"@type\":\"EntryPoint\",\"urlTemplate\":\"https:\\\/\\\/corailchaib.com\\\/?s={search_term_string}\"},\"query-input\":{\"@type\":\"PropertyValueSpecification\",\"valueRequired\":true,\"valueName\":\"search_term_string\"}}],\"inLanguage\":\"en-GB\"},{\"@type\":\"Organization\",\"@id\":\"https:\\\/\\\/corailchaib.com\\\/#organization\",\"name\":\"Corail Chaib\",\"url\":\"https:\\\/\\\/corailchaib.com\\\/\",\"logo\":{\"@type\":\"ImageObject\",\"inLanguage\":\"en-GB\",\"@id\":\"https:\\\/\\\/corailchaib.com\\\/#\\\/schema\\\/logo\\\/image\\\/\",\"url\":\"https:\\\/\\\/corailchaib.com\\\/wp-content\\\/uploads\\\/2024\\\/01\\\/LogoP-removebg-preview.png\",\"contentUrl\":\"https:\\\/\\\/corailchaib.com\\\/wp-content\\\/uploads\\\/2024\\\/01\\\/LogoP-removebg-preview.png\",\"width\":255,\"height\":266,\"caption\":\"Corail Chaib\"},\"image\":{\"@id\":\"https:\\\/\\\/corailchaib.com\\\/#\\\/schema\\\/logo\\\/image\\\/\"},\"sameAs\":[\"https:\\\/\\\/www.facebook.com\\\/Corailchaib\",\"https:\\\/\\\/x.com\\\/CorailChaib\",\"https:\\\/\\\/www.instagram.com\\\/corail.chaib\\\/?hl=fr\"]}]}<\/script>\n<!-- \/ Yoast SEO plugin. -->","yoast_head_json":{"title":"Bracelet Corail 1-324 - Corail Chaib","description":"Bracelet Corail 1-324 \/ Bracelet en Perles corail rouge de M\u00e9diterran\u00e9e mont\u00e9 sur Argent Dimensions des perles 3mm, longueur Bracelet 19cm..","robots":{"index":"index","follow":"follow","max-snippet":"max-snippet:-1","max-image-preview":"max-image-preview:large","max-video-preview":"max-video-preview:-1"},"canonical":"https:\/\/corailchaib.com\/en_gb\/product\/bracelet-corail-1-324\/","og_locale":"en_GB","og_type":"article","og_title":"Bracelet Corail 1-324 - Corail Chaib","og_description":"Bracelet Corail 1-324 \/ Bracelet en Perles corail rouge de M\u00e9diterran\u00e9e mont\u00e9 sur Argent Dimensions des perles 3mm, longueur Bracelet 19cm..","og_url":"https:\/\/corailchaib.com\/en_gb\/product\/bracelet-corail-1-324\/","og_site_name":"Corail Chaib","article_publisher":"https:\/\/www.facebook.com\/Corailchaib","article_modified_time":"2025-11-27T11:30:48+00:00","og_image":[{"width":900,"height":900,"url":"https:\/\/corailchaib.com\/wp-content\/uploads\/2024\/11\/Bracelet-Corail-1-324-8.webp","type":"image\/webp"}],"twitter_card":"summary_large_image","twitter_site":"@CorailChaib","twitter_misc":{"Estimated reading time":"1 minute"},"schema":{"@context":"https:\/\/schema.org","@graph":[{"@type":"WebPage","@id":"https:\/\/corailchaib.com\/produit\/bracelet-corail-1-324\/","url":"https:\/\/corailchaib.com\/produit\/bracelet-corail-1-324\/","name":"Bracelet Corail 1-324 - Corail Chaib","isPartOf":{"@id":"https:\/\/corailchaib.com\/#website"},"primaryImageOfPage":{"@id":"https:\/\/corailchaib.com\/produit\/bracelet-corail-1-324\/#primaryimage"},"image":{"@id":"https:\/\/corailchaib.com\/produit\/bracelet-corail-1-324\/#primaryimage"},"thumbnailUrl":"https:\/\/corailchaib.com\/wp-content\/uploads\/2024\/11\/Bracelet-Corail-1-324-8.webp","datePublished":"2024-11-14T14:42:19+00:00","dateModified":"2025-11-27T11:30:48+00:00","description":"Bracelet Corail 1-324 \/ Bracelet en Perles corail rouge de M\u00e9diterran\u00e9e mont\u00e9 sur Argent Dimensions des perles 3mm, longueur Bracelet 19cm..","breadcrumb":{"@id":"https:\/\/corailchaib.com\/produit\/bracelet-corail-1-324\/#breadcrumb"},"inLanguage":"en-GB","potentialAction":[{"@type":"ReadAction","target":["https:\/\/corailchaib.com\/produit\/bracelet-corail-1-324\/"]}]},{"@type":"ImageObject","inLanguage":"en-GB","@id":"https:\/\/corailchaib.com\/produit\/bracelet-corail-1-324\/#primaryimage","url":"https:\/\/corailchaib.com\/wp-content\/uploads\/2024\/11\/Bracelet-Corail-1-324-8.webp","contentUrl":"https:\/\/corailchaib.com\/wp-content\/uploads\/2024\/11\/Bracelet-Corail-1-324-8.webp","width":900,"height":900},{"@type":"BreadcrumbList","@id":"https:\/\/corailchaib.com\/produit\/bracelet-corail-1-324\/#breadcrumb","itemListElement":[{"@type":"ListItem","position":1,"name":"Accueil","item":"https:\/\/corailchaib.com\/"},{"@type":"ListItem","position":2,"name":"Boutique","item":"https:\/\/corailchaib.com\/boutique\/"},{"@type":"ListItem","position":3,"name":"Bracelet Corail 1-324"}]},{"@type":"WebSite","@id":"https:\/\/corailchaib.com\/#website","url":"https:\/\/corailchaib.com\/","name":"corailchaib.com","description":"Natural Red Coral Jewelry","publisher":{"@id":"https:\/\/corailchaib.com\/#organization"},"alternateName":"Corail Chaib","potentialAction":[{"@type":"SearchAction","target":{"@type":"EntryPoint","urlTemplate":"https:\/\/corailchaib.com\/?s={search_term_string}"},"query-input":{"@type":"PropertyValueSpecification","valueRequired":true,"valueName":"search_term_string"}}],"inLanguage":"en-GB"},{"@type":"Organization","@id":"https:\/\/corailchaib.com\/#organization","name":"Corail Chaib","url":"https:\/\/corailchaib.com\/","logo":{"@type":"ImageObject","inLanguage":"en-GB","@id":"https:\/\/corailchaib.com\/#\/schema\/logo\/image\/","url":"https:\/\/corailchaib.com\/wp-content\/uploads\/2024\/01\/LogoP-removebg-preview.png","contentUrl":"https:\/\/corailchaib.com\/wp-content\/uploads\/2024\/01\/LogoP-removebg-preview.png","width":255,"height":266,"caption":"Corail Chaib"},"image":{"@id":"https:\/\/corailchaib.com\/#\/schema\/logo\/image\/"},"sameAs":["https:\/\/www.facebook.com\/Corailchaib","https:\/\/x.com\/CorailChaib","https:\/\/www.instagram.com\/corail.chaib\/?hl=fr"]}]}},"jetpack_sharing_enabled":true,"_links":{"self":[{"href":"https:\/\/corailchaib.com\/en_gb\/wp-json\/wp\/v2\/product\/10378","targetHints":{"allow":["GET"]}}],"collection":[{"href":"https:\/\/corailchaib.com\/en_gb\/wp-json\/wp\/v2\/product"}],"about":[{"href":"https:\/\/corailchaib.com\/en_gb\/wp-json\/wp\/v2\/types\/product"}],"replies":[{"embeddable":true,"href":"https:\/\/corailchaib.com\/en_gb\/wp-json\/wp\/v2\/comments?post=10378"}],"version-history":[{"count":4,"href":"https:\/\/corailchaib.com\/en_gb\/wp-json\/wp\/v2\/product\/10378\/revisions"}],"predecessor-version":[{"id":12824,"href":"https:\/\/corailchaib.com\/en_gb\/wp-json\/wp\/v2\/product\/10378\/revisions\/12824"}],"wp:featuredmedia":[{"embeddable":true,"href":"https:\/\/corailchaib.com\/en_gb\/wp-json\/wp\/v2\/media\/10405"}],"wp:attachment":[{"href":"https:\/\/corailchaib.com\/en_gb\/wp-json\/wp\/v2\/media?parent=10378"}],"wp:term":[{"taxonomy":"product_brand","embeddable":true,"href":"https:\/\/corailchaib.com\/en_gb\/wp-json\/wp\/v2\/product_brand?post=10378"},{"taxonomy":"product_cat","embeddable":true,"href":"https:\/\/corailchaib.com\/en_gb\/wp-json\/wp\/v2\/product_cat?post=10378"},{"taxonomy":"product_tag","embeddable":true,"href":"https:\/\/corailchaib.com\/en_gb\/wp-json\/wp\/v2\/product_tag?post=10378"}],"curies":[{"name":"wp","href":"https:\/\/api.w.org\/{rel}","templated":true}]}}