{"id":5802,"date":"2022-08-13T22:01:11","date_gmt":"2022-08-13T21:01:11","guid":{"rendered":"https:\/\/corailchaib.dz\/?post_type=product&#038;p=5802"},"modified":"2025-11-22T20:56:17","modified_gmt":"2025-11-22T19:56:17","slug":"collier-corail-1-213","status":"publish","type":"product","link":"https:\/\/corailchaib.com\/en_gb\/product\/collier-corail-1-213\/","title":{"rendered":"Coral necklace 1-213"},"content":{"rendered":"<p>Coral necklace 1-213<\/p>\n<p>Collier\u00a0 de corail rouge de M\u00e9diterran\u00e9e, taill\u00e9 en b\u00e2tonnets de type copolino, mont\u00e9es sur chaine en Argent .<\/p>\n<p>Taille morceaux approximative 5 mm, longueur collier 40 cm.<\/p>\n<p>All\u00a0<a href=\"https:\/\/corailchaib.com\/boutique\/\">our jewellery<\/a>\u00a0are made from red coral (<a href=\"https:\/\/fr.wikipedia.org\/wiki\/Corail_rouge\" target=\"_blank\" rel=\"noopener\">Corallium rubrum<\/a>) caught in Algeria.<\/p>","protected":false},"excerpt":{"rendered":"<p>- Plus shipping costs calculated when the order is placed.<\/p>","protected":false},"featured_media":9771,"comment_status":"open","ping_status":"closed","template":"","meta":{"site-sidebar-layout":"default","site-content-layout":"default","ast-site-content-layout":"default","site-content-style":"default","site-sidebar-style":"default","ast-global-header-display":"","ast-banner-title-visibility":"","ast-main-header-display":"","ast-hfb-above-header-display":"","ast-hfb-below-header-display":"","ast-hfb-mobile-header-display":"","site-post-title":"","ast-breadcrumbs-content":"","ast-featured-img":"","footer-sml-layout":"","ast-disable-related-posts":"","theme-transparent-header-meta":"default","adv-header-id-meta":"","stick-header-meta":"default","header-above-stick-meta":"","header-main-stick-meta":"","header-below-stick-meta":"","astra-migrate-meta-layouts":"set","ast-page-background-enabled":"default","ast-page-background-meta":{"desktop":{"background-color":"","background-image":"","background-repeat":"repeat","background-position":"center center","background-size":"auto","background-attachment":"scroll","background-type":"","background-media":"","overlay-type":"","overlay-color":"","overlay-opacity":"","overlay-gradient":""},"tablet":{"background-color":"","background-image":"","background-repeat":"repeat","background-position":"center center","background-size":"auto","background-attachment":"scroll","background-type":"","background-media":"","overlay-type":"","overlay-color":"","overlay-opacity":"","overlay-gradient":""},"mobile":{"background-color":"","background-image":"","background-repeat":"repeat","background-position":"center center","background-size":"auto","background-attachment":"scroll","background-type":"","background-media":"","overlay-type":"","overlay-color":"","overlay-opacity":"","overlay-gradient":""}},"ast-content-background-meta":{"desktop":{"background-color":"var(--ast-global-color-5)","background-image":"","background-repeat":"repeat","background-position":"center center","background-size":"auto","background-attachment":"scroll","background-type":"","background-media":"","overlay-type":"","overlay-color":"","overlay-opacity":"","overlay-gradient":""},"tablet":{"background-color":"var(--ast-global-color-5)","background-image":"","background-repeat":"repeat","background-position":"center center","background-size":"auto","background-attachment":"scroll","background-type":"","background-media":"","overlay-type":"","overlay-color":"","overlay-opacity":"","overlay-gradient":""},"mobile":{"background-color":"var(--ast-global-color-5)","background-image":"","background-repeat":"repeat","background-position":"center center","background-size":"auto","background-attachment":"scroll","background-type":"","background-media":"","overlay-type":"","overlay-color":"","overlay-opacity":"","overlay-gradient":""}}},"product_brand":[],"product_cat":[23,69],"product_tag":[],"class_list":{"0":"post-5802","1":"product","2":"type-product","3":"status-publish","4":"has-post-thumbnail","6":"product_cat-colliers","7":"product_cat-monte-sur-argent","8":"desktop-align-center","9":"tablet-align-left","10":"mobile-align-left","12":"first","13":"outofstock","14":"featured","15":"shipping-taxable","16":"purchasable","17":"product-type-simple"},"yoast_head":"<!-- This site is optimized with the Yoast SEO plugin v27.1.1 - https:\/\/yoast.com\/product\/yoast-seo-wordpress\/ -->\n<title>Collier Corail 1-213 - Corail Chaib<\/title>\n<meta name=\"description\" content=\"Collier Corail 1-213 \/ Collier\u00a0 de corail rouge de M\u00e9diterran\u00e9e, taill\u00e9 en b\u00e2tonnets de type copolino, mont\u00e9es sur chaine en Argent .\" \/>\n<meta name=\"robots\" content=\"index, follow, max-snippet:-1, max-image-preview:large, max-video-preview:-1\" \/>\n<link rel=\"canonical\" href=\"https:\/\/corailchaib.com\/en_gb\/product\/collier-corail-1-213\/\" \/>\n<meta property=\"og:locale\" content=\"en_GB\" \/>\n<meta property=\"og:type\" content=\"article\" \/>\n<meta property=\"og:title\" content=\"Collier Corail 1-213 - Corail Chaib\" \/>\n<meta property=\"og:description\" content=\"Collier Corail 1-213 \/ Collier\u00a0 de corail rouge de M\u00e9diterran\u00e9e, taill\u00e9 en b\u00e2tonnets de type copolino, mont\u00e9es sur chaine en Argent .\" \/>\n<meta property=\"og:url\" content=\"https:\/\/corailchaib.com\/en_gb\/product\/collier-corail-1-213\/\" \/>\n<meta property=\"og:site_name\" content=\"Corail Chaib\" \/>\n<meta property=\"article:publisher\" content=\"https:\/\/www.facebook.com\/Corailchaib\" \/>\n<meta property=\"article:modified_time\" content=\"2025-11-22T19:56:17+00:00\" \/>\n<meta property=\"og:image\" content=\"https:\/\/corailchaib.com\/wp-content\/uploads\/2022\/08\/Bracelet-Corail-1-213.webp\" \/>\n\t<meta property=\"og:image:width\" content=\"1080\" \/>\n\t<meta property=\"og:image:height\" content=\"1080\" \/>\n\t<meta property=\"og:image:type\" content=\"image\/webp\" \/>\n<meta name=\"twitter:card\" content=\"summary_large_image\" \/>\n<meta name=\"twitter:site\" content=\"@CorailChaib\" \/>\n<meta name=\"twitter:label1\" content=\"Estimated reading time\" \/>\n\t<meta name=\"twitter:data1\" content=\"1 minute\" \/>\n<script type=\"application\/ld+json\" class=\"yoast-schema-graph\">{\"@context\":\"https:\/\/schema.org\",\"@graph\":[{\"@type\":\"WebPage\",\"@id\":\"https:\/\/corailchaib.com\/ar\/product\/collier-corail-1-213\/\",\"url\":\"https:\/\/corailchaib.com\/ar\/product\/collier-corail-1-213\/\",\"name\":\"Collier Corail 1-213 - Corail Chaib\",\"isPartOf\":{\"@id\":\"https:\/\/corailchaib.com\/#website\"},\"primaryImageOfPage\":{\"@id\":\"https:\/\/corailchaib.com\/ar\/product\/collier-corail-1-213\/#primaryimage\"},\"image\":{\"@id\":\"https:\/\/corailchaib.com\/ar\/product\/collier-corail-1-213\/#primaryimage\"},\"thumbnailUrl\":\"https:\/\/corailchaib.com\/wp-content\/uploads\/2022\/08\/Bracelet-Corail-1-213.webp\",\"datePublished\":\"2022-08-13T21:01:11+00:00\",\"dateModified\":\"2025-11-22T19:56:17+00:00\",\"description\":\"Collier Corail 1-213 \/ Collier\u00a0 de corail rouge de M\u00e9diterran\u00e9e, taill\u00e9 en b\u00e2tonnets de type copolino, mont\u00e9es sur chaine en Argent .\",\"breadcrumb\":{\"@id\":\"https:\/\/corailchaib.com\/ar\/product\/collier-corail-1-213\/#breadcrumb\"},\"inLanguage\":\"en-GB\",\"potentialAction\":[{\"@type\":\"ReadAction\",\"target\":[\"https:\/\/corailchaib.com\/ar\/product\/collier-corail-1-213\/\"]}]},{\"@type\":\"ImageObject\",\"inLanguage\":\"en-GB\",\"@id\":\"https:\/\/corailchaib.com\/ar\/product\/collier-corail-1-213\/#primaryimage\",\"url\":\"https:\/\/corailchaib.com\/wp-content\/uploads\/2022\/08\/Bracelet-Corail-1-213.webp\",\"contentUrl\":\"https:\/\/corailchaib.com\/wp-content\/uploads\/2022\/08\/Bracelet-Corail-1-213.webp\",\"width\":1080,\"height\":1080},{\"@type\":\"BreadcrumbList\",\"@id\":\"https:\/\/corailchaib.com\/ar\/product\/collier-corail-1-213\/#breadcrumb\",\"itemListElement\":[{\"@type\":\"ListItem\",\"position\":1,\"name\":\"Accueil\",\"item\":\"https:\/\/corailchaib.com\/\"},{\"@type\":\"ListItem\",\"position\":2,\"name\":\"Boutique\",\"item\":\"https:\/\/corailchaib.com\/boutique\/\"},{\"@type\":\"ListItem\",\"position\":3,\"name\":\"Collier Corail 1-213\"}]},{\"@type\":\"WebSite\",\"@id\":\"https:\/\/corailchaib.com\/#website\",\"url\":\"https:\/\/corailchaib.com\/\",\"name\":\"corailchaib.com\",\"description\":\"Bijoux en Corail Rouge\",\"publisher\":{\"@id\":\"https:\/\/corailchaib.com\/#organization\"},\"alternateName\":\"Corail Chaib\",\"potentialAction\":[{\"@type\":\"SearchAction\",\"target\":{\"@type\":\"EntryPoint\",\"urlTemplate\":\"https:\/\/corailchaib.com\/?s={search_term_string}\"},\"query-input\":{\"@type\":\"PropertyValueSpecification\",\"valueRequired\":true,\"valueName\":\"search_term_string\"}}],\"inLanguage\":\"en-GB\"},{\"@type\":\"Organization\",\"@id\":\"https:\/\/corailchaib.com\/#organization\",\"name\":\"Corail Chaib\",\"url\":\"https:\/\/corailchaib.com\/\",\"logo\":{\"@type\":\"ImageObject\",\"inLanguage\":\"en-GB\",\"@id\":\"https:\/\/corailchaib.com\/#\/schema\/logo\/image\/\",\"url\":\"https:\/\/corailchaib.com\/wp-content\/uploads\/2024\/01\/LogoP-removebg-preview.png\",\"contentUrl\":\"https:\/\/corailchaib.com\/wp-content\/uploads\/2024\/01\/LogoP-removebg-preview.png\",\"width\":255,\"height\":266,\"caption\":\"Corail Chaib\"},\"image\":{\"@id\":\"https:\/\/corailchaib.com\/#\/schema\/logo\/image\/\"},\"sameAs\":[\"https:\/\/www.facebook.com\/Corailchaib\",\"https:\/\/x.com\/CorailChaib\",\"https:\/\/www.instagram.com\/corail.chaib\/?hl=fr\"]}]}<\/script>\n<!-- \/ Yoast SEO plugin. -->","yoast_head_json":{"title":"Collier Corail 1-213 - Corail Chaib","description":"Collier Corail 1-213 \/ Collier\u00a0 de corail rouge de M\u00e9diterran\u00e9e, taill\u00e9 en b\u00e2tonnets de type copolino, mont\u00e9es sur chaine en Argent .","robots":{"index":"index","follow":"follow","max-snippet":"max-snippet:-1","max-image-preview":"max-image-preview:large","max-video-preview":"max-video-preview:-1"},"canonical":"https:\/\/corailchaib.com\/en_gb\/product\/collier-corail-1-213\/","og_locale":"en_GB","og_type":"article","og_title":"Collier Corail 1-213 - Corail Chaib","og_description":"Collier Corail 1-213 \/ Collier\u00a0 de corail rouge de M\u00e9diterran\u00e9e, taill\u00e9 en b\u00e2tonnets de type copolino, mont\u00e9es sur chaine en Argent .","og_url":"https:\/\/corailchaib.com\/en_gb\/product\/collier-corail-1-213\/","og_site_name":"Corail Chaib","article_publisher":"https:\/\/www.facebook.com\/Corailchaib","article_modified_time":"2025-11-22T19:56:17+00:00","og_image":[{"width":1080,"height":1080,"url":"https:\/\/corailchaib.com\/wp-content\/uploads\/2022\/08\/Bracelet-Corail-1-213.webp","type":"image\/webp"}],"twitter_card":"summary_large_image","twitter_site":"@CorailChaib","twitter_misc":{"Estimated reading time":"1 minute"},"schema":{"@context":"https:\/\/schema.org","@graph":[{"@type":"WebPage","@id":"https:\/\/corailchaib.com\/ar\/product\/collier-corail-1-213\/","url":"https:\/\/corailchaib.com\/ar\/product\/collier-corail-1-213\/","name":"Collier Corail 1-213 - Corail Chaib","isPartOf":{"@id":"https:\/\/corailchaib.com\/#website"},"primaryImageOfPage":{"@id":"https:\/\/corailchaib.com\/ar\/product\/collier-corail-1-213\/#primaryimage"},"image":{"@id":"https:\/\/corailchaib.com\/ar\/product\/collier-corail-1-213\/#primaryimage"},"thumbnailUrl":"https:\/\/corailchaib.com\/wp-content\/uploads\/2022\/08\/Bracelet-Corail-1-213.webp","datePublished":"2022-08-13T21:01:11+00:00","dateModified":"2025-11-22T19:56:17+00:00","description":"Collier Corail 1-213 \/ Collier\u00a0 de corail rouge de M\u00e9diterran\u00e9e, taill\u00e9 en b\u00e2tonnets de type copolino, mont\u00e9es sur chaine en Argent .","breadcrumb":{"@id":"https:\/\/corailchaib.com\/ar\/product\/collier-corail-1-213\/#breadcrumb"},"inLanguage":"en-GB","potentialAction":[{"@type":"ReadAction","target":["https:\/\/corailchaib.com\/ar\/product\/collier-corail-1-213\/"]}]},{"@type":"ImageObject","inLanguage":"en-GB","@id":"https:\/\/corailchaib.com\/ar\/product\/collier-corail-1-213\/#primaryimage","url":"https:\/\/corailchaib.com\/wp-content\/uploads\/2022\/08\/Bracelet-Corail-1-213.webp","contentUrl":"https:\/\/corailchaib.com\/wp-content\/uploads\/2022\/08\/Bracelet-Corail-1-213.webp","width":1080,"height":1080},{"@type":"BreadcrumbList","@id":"https:\/\/corailchaib.com\/ar\/product\/collier-corail-1-213\/#breadcrumb","itemListElement":[{"@type":"ListItem","position":1,"name":"Accueil","item":"https:\/\/corailchaib.com\/"},{"@type":"ListItem","position":2,"name":"Boutique","item":"https:\/\/corailchaib.com\/boutique\/"},{"@type":"ListItem","position":3,"name":"Collier Corail 1-213"}]},{"@type":"WebSite","@id":"https:\/\/corailchaib.com\/#website","url":"https:\/\/corailchaib.com\/","name":"corailchaib.com","description":"Natural Red Coral Jewelry","publisher":{"@id":"https:\/\/corailchaib.com\/#organization"},"alternateName":"Corail Chaib","potentialAction":[{"@type":"SearchAction","target":{"@type":"EntryPoint","urlTemplate":"https:\/\/corailchaib.com\/?s={search_term_string}"},"query-input":{"@type":"PropertyValueSpecification","valueRequired":true,"valueName":"search_term_string"}}],"inLanguage":"en-GB"},{"@type":"Organization","@id":"https:\/\/corailchaib.com\/#organization","name":"Corail Chaib","url":"https:\/\/corailchaib.com\/","logo":{"@type":"ImageObject","inLanguage":"en-GB","@id":"https:\/\/corailchaib.com\/#\/schema\/logo\/image\/","url":"https:\/\/corailchaib.com\/wp-content\/uploads\/2024\/01\/LogoP-removebg-preview.png","contentUrl":"https:\/\/corailchaib.com\/wp-content\/uploads\/2024\/01\/LogoP-removebg-preview.png","width":255,"height":266,"caption":"Corail Chaib"},"image":{"@id":"https:\/\/corailchaib.com\/#\/schema\/logo\/image\/"},"sameAs":["https:\/\/www.facebook.com\/Corailchaib","https:\/\/x.com\/CorailChaib","https:\/\/www.instagram.com\/corail.chaib\/?hl=fr"]}]}},"jetpack_sharing_enabled":true,"_links":{"self":[{"href":"https:\/\/corailchaib.com\/en_gb\/wp-json\/wp\/v2\/product\/5802","targetHints":{"allow":["GET"]}}],"collection":[{"href":"https:\/\/corailchaib.com\/en_gb\/wp-json\/wp\/v2\/product"}],"about":[{"href":"https:\/\/corailchaib.com\/en_gb\/wp-json\/wp\/v2\/types\/product"}],"replies":[{"embeddable":true,"href":"https:\/\/corailchaib.com\/en_gb\/wp-json\/wp\/v2\/comments?post=5802"}],"version-history":[{"count":3,"href":"https:\/\/corailchaib.com\/en_gb\/wp-json\/wp\/v2\/product\/5802\/revisions"}],"predecessor-version":[{"id":12700,"href":"https:\/\/corailchaib.com\/en_gb\/wp-json\/wp\/v2\/product\/5802\/revisions\/12700"}],"wp:featuredmedia":[{"embeddable":true,"href":"https:\/\/corailchaib.com\/en_gb\/wp-json\/wp\/v2\/media\/9771"}],"wp:attachment":[{"href":"https:\/\/corailchaib.com\/en_gb\/wp-json\/wp\/v2\/media?parent=5802"}],"wp:term":[{"taxonomy":"product_brand","embeddable":true,"href":"https:\/\/corailchaib.com\/en_gb\/wp-json\/wp\/v2\/product_brand?post=5802"},{"taxonomy":"product_cat","embeddable":true,"href":"https:\/\/corailchaib.com\/en_gb\/wp-json\/wp\/v2\/product_cat?post=5802"},{"taxonomy":"product_tag","embeddable":true,"href":"https:\/\/corailchaib.com\/en_gb\/wp-json\/wp\/v2\/product_tag?post=5802"}],"curies":[{"name":"wp","href":"https:\/\/api.w.org\/{rel}","templated":true}]}}