{"id":11304,"date":"2025-08-14T22:29:32","date_gmt":"2025-08-14T21:29:32","guid":{"rendered":"https:\/\/corailchaib.com\/?post_type=product&#038;p=11304"},"modified":"2026-03-10T11:26:13","modified_gmt":"2026-03-10T10:26:13","slug":"bracelet-corail-v-325","status":"publish","type":"product","link":"https:\/\/corailchaib.com\/es\/producto\/bracelet-corail-v-325\/","title":{"rendered":"Pulsera de coral V-325"},"content":{"rendered":"<p>Pulsera de coral V-325<\/p>\n<p>Bracelet de corail rouge de M\u00e9diterran\u00e9e, taill\u00e9 en b\u00e2tonnets de type copolino et perles blance, mont\u00e9es sur fil et fermoir Argent .<\/p>\n<p>Taille morceaux approximative 6mm,\u00a0 longueur bracelet 16 + 5cm.<\/p>\n<p>Todos\u00a0<a href=\"https:\/\/corailchaib.com\/boutique\/\">nuestras joyas<\/a>\u00a0est\u00e1n hechos de coral rojo (<a href=\"https:\/\/fr.wikipedia.org\/wiki\/Corail_rouge\" target=\"_blank\" rel=\"noopener\">Corallium rubrum<\/a>) capturado en Argelia.<\/p>","protected":false},"excerpt":{"rendered":"<p>\u2022 M\u00e1s los gastos de env\u00edo calculados durante el pedido.<\/p>","protected":false},"featured_media":11309,"comment_status":"open","ping_status":"closed","template":"","meta":{"site-sidebar-layout":"default","site-content-layout":"default","ast-site-content-layout":"default","site-content-style":"default","site-sidebar-style":"default","ast-global-header-display":"","ast-banner-title-visibility":"","ast-main-header-display":"","ast-hfb-above-header-display":"","ast-hfb-below-header-display":"","ast-hfb-mobile-header-display":"","site-post-title":"","ast-breadcrumbs-content":"","ast-featured-img":"","footer-sml-layout":"","ast-disable-related-posts":"","theme-transparent-header-meta":"default","adv-header-id-meta":"","stick-header-meta":"default","header-above-stick-meta":"","header-main-stick-meta":"","header-below-stick-meta":"","astra-migrate-meta-layouts":"set","ast-page-background-enabled":"default","ast-page-background-meta":{"desktop":{"background-color":"","background-image":"","background-repeat":"repeat","background-position":"center center","background-size":"auto","background-attachment":"scroll","background-type":"","background-media":"","overlay-type":"","overlay-color":"","overlay-opacity":"","overlay-gradient":""},"tablet":{"background-color":"","background-image":"","background-repeat":"repeat","background-position":"center center","background-size":"auto","background-attachment":"scroll","background-type":"","background-media":"","overlay-type":"","overlay-color":"","overlay-opacity":"","overlay-gradient":""},"mobile":{"background-color":"","background-image":"","background-repeat":"repeat","background-position":"center center","background-size":"auto","background-attachment":"scroll","background-type":"","background-media":"","overlay-type":"","overlay-color":"","overlay-opacity":"","overlay-gradient":""}},"ast-content-background-meta":{"desktop":{"background-color":"var(--ast-global-color-5)","background-image":"","background-repeat":"repeat","background-position":"center center","background-size":"auto","background-attachment":"scroll","background-type":"","background-media":"","overlay-type":"","overlay-color":"","overlay-opacity":"","overlay-gradient":""},"tablet":{"background-color":"var(--ast-global-color-5)","background-image":"","background-repeat":"repeat","background-position":"center center","background-size":"auto","background-attachment":"scroll","background-type":"","background-media":"","overlay-type":"","overlay-color":"","overlay-opacity":"","overlay-gradient":""},"mobile":{"background-color":"var(--ast-global-color-5)","background-image":"","background-repeat":"repeat","background-position":"center center","background-size":"auto","background-attachment":"scroll","background-type":"","background-media":"","overlay-type":"","overlay-color":"","overlay-opacity":"","overlay-gradient":""}}},"product_brand":[],"product_cat":[61,71,69],"product_tag":[],"class_list":{"0":"post-11304","1":"product","2":"type-product","3":"status-publish","4":"has-post-thumbnail","6":"product_cat-bracelets-de-corail","7":"product_cat-monte-sur-acier-inoxydable","8":"product_cat-monte-sur-argent","9":"desktop-align-center","10":"tablet-align-left","11":"mobile-align-left","13":"first","14":"instock","15":"shipping-taxable","16":"purchasable","17":"product-type-variable"},"yoast_head":"<!-- This site is optimized with the Yoast SEO plugin v27.4 - https:\/\/yoast.com\/product\/yoast-seo-wordpress\/ -->\n<title>Bracelet Corail V-325 - Corail Chaib<\/title>\n<meta name=\"description\" content=\"Bracelet Corail V-325 \/ de corail rouge de M\u00e9diterran\u00e9e, taill\u00e9 en b\u00e2tonnets de type copolino et perles blance, mont\u00e9es sur fil et fermoir Argent .\" \/>\n<meta name=\"robots\" content=\"index, follow, max-snippet:-1, max-image-preview:large, max-video-preview:-1\" \/>\n<link rel=\"canonical\" href=\"https:\/\/corailchaib.com\/es\/producto\/bracelet-corail-v-325\/\" \/>\n<meta property=\"og:locale\" content=\"es_ES\" \/>\n<meta property=\"og:type\" content=\"article\" \/>\n<meta property=\"og:title\" content=\"Bracelet Corail V-325 - Corail Chaib\" \/>\n<meta property=\"og:description\" content=\"Bracelet Corail V-325 \/ de corail rouge de M\u00e9diterran\u00e9e, taill\u00e9 en b\u00e2tonnets de type copolino et perles blance, mont\u00e9es sur fil et fermoir Argent .\" \/>\n<meta property=\"og:url\" content=\"https:\/\/corailchaib.com\/es\/producto\/bracelet-corail-v-325\/\" \/>\n<meta property=\"og:site_name\" content=\"Corail Chaib\" \/>\n<meta property=\"article:publisher\" content=\"https:\/\/www.facebook.com\/Corailchaib\" \/>\n<meta property=\"article:modified_time\" content=\"2026-03-10T10:26:13+00:00\" \/>\n<meta property=\"og:image\" content=\"https:\/\/corailchaib.com\/wp-content\/uploads\/2025\/08\/Bracelet-Corail-1-325.webp\" \/>\n\t<meta property=\"og:image:width\" content=\"900\" \/>\n\t<meta property=\"og:image:height\" content=\"900\" \/>\n\t<meta property=\"og:image:type\" content=\"image\/webp\" \/>\n<meta name=\"twitter:card\" content=\"summary_large_image\" \/>\n<meta name=\"twitter:site\" content=\"@CorailChaib\" \/>\n<meta name=\"twitter:label1\" content=\"Tiempo de lectura\" \/>\n\t<meta name=\"twitter:data1\" content=\"1 minuto\" \/>\n<script type=\"application\/ld+json\" class=\"yoast-schema-graph\">{\"@context\":\"https:\\\/\\\/schema.org\",\"@graph\":[{\"@type\":\"WebPage\",\"@id\":\"https:\\\/\\\/corailchaib.com\\\/produit\\\/bracelet-corail-v-325\\\/\",\"url\":\"https:\\\/\\\/corailchaib.com\\\/produit\\\/bracelet-corail-v-325\\\/\",\"name\":\"Bracelet Corail V-325 - Corail Chaib\",\"isPartOf\":{\"@id\":\"https:\\\/\\\/corailchaib.com\\\/#website\"},\"primaryImageOfPage\":{\"@id\":\"https:\\\/\\\/corailchaib.com\\\/produit\\\/bracelet-corail-v-325\\\/#primaryimage\"},\"image\":{\"@id\":\"https:\\\/\\\/corailchaib.com\\\/produit\\\/bracelet-corail-v-325\\\/#primaryimage\"},\"thumbnailUrl\":\"https:\\\/\\\/corailchaib.com\\\/wp-content\\\/uploads\\\/2025\\\/08\\\/Bracelet-Corail-1-325.webp\",\"datePublished\":\"2025-08-14T21:29:32+00:00\",\"dateModified\":\"2026-03-10T10:26:13+00:00\",\"description\":\"Bracelet Corail V-325 \\\/ de corail rouge de M\u00e9diterran\u00e9e, taill\u00e9 en b\u00e2tonnets de type copolino et perles blance, mont\u00e9es sur fil et fermoir Argent .\",\"breadcrumb\":{\"@id\":\"https:\\\/\\\/corailchaib.com\\\/produit\\\/bracelet-corail-v-325\\\/#breadcrumb\"},\"inLanguage\":\"es\",\"potentialAction\":[{\"@type\":\"ReadAction\",\"target\":[\"https:\\\/\\\/corailchaib.com\\\/produit\\\/bracelet-corail-v-325\\\/\"]}]},{\"@type\":\"ImageObject\",\"inLanguage\":\"es\",\"@id\":\"https:\\\/\\\/corailchaib.com\\\/produit\\\/bracelet-corail-v-325\\\/#primaryimage\",\"url\":\"https:\\\/\\\/corailchaib.com\\\/wp-content\\\/uploads\\\/2025\\\/08\\\/Bracelet-Corail-1-325.webp\",\"contentUrl\":\"https:\\\/\\\/corailchaib.com\\\/wp-content\\\/uploads\\\/2025\\\/08\\\/Bracelet-Corail-1-325.webp\",\"width\":900,\"height\":900},{\"@type\":\"BreadcrumbList\",\"@id\":\"https:\\\/\\\/corailchaib.com\\\/produit\\\/bracelet-corail-v-325\\\/#breadcrumb\",\"itemListElement\":[{\"@type\":\"ListItem\",\"position\":1,\"name\":\"Accueil\",\"item\":\"https:\\\/\\\/corailchaib.com\\\/\"},{\"@type\":\"ListItem\",\"position\":2,\"name\":\"Boutique\",\"item\":\"https:\\\/\\\/corailchaib.com\\\/boutique\\\/\"},{\"@type\":\"ListItem\",\"position\":3,\"name\":\"Bracelet Corail V-325\"}]},{\"@type\":\"WebSite\",\"@id\":\"https:\\\/\\\/corailchaib.com\\\/#website\",\"url\":\"https:\\\/\\\/corailchaib.com\\\/\",\"name\":\"corailchaib.com\",\"description\":\"Bijoux en Corail Rouge\",\"publisher\":{\"@id\":\"https:\\\/\\\/corailchaib.com\\\/#organization\"},\"alternateName\":\"Corail Chaib\",\"potentialAction\":[{\"@type\":\"SearchAction\",\"target\":{\"@type\":\"EntryPoint\",\"urlTemplate\":\"https:\\\/\\\/corailchaib.com\\\/?s={search_term_string}\"},\"query-input\":{\"@type\":\"PropertyValueSpecification\",\"valueRequired\":true,\"valueName\":\"search_term_string\"}}],\"inLanguage\":\"es\"},{\"@type\":\"Organization\",\"@id\":\"https:\\\/\\\/corailchaib.com\\\/#organization\",\"name\":\"Corail Chaib\",\"url\":\"https:\\\/\\\/corailchaib.com\\\/\",\"logo\":{\"@type\":\"ImageObject\",\"inLanguage\":\"es\",\"@id\":\"https:\\\/\\\/corailchaib.com\\\/#\\\/schema\\\/logo\\\/image\\\/\",\"url\":\"https:\\\/\\\/corailchaib.com\\\/wp-content\\\/uploads\\\/2024\\\/01\\\/LogoP-removebg-preview.png\",\"contentUrl\":\"https:\\\/\\\/corailchaib.com\\\/wp-content\\\/uploads\\\/2024\\\/01\\\/LogoP-removebg-preview.png\",\"width\":255,\"height\":266,\"caption\":\"Corail Chaib\"},\"image\":{\"@id\":\"https:\\\/\\\/corailchaib.com\\\/#\\\/schema\\\/logo\\\/image\\\/\"},\"sameAs\":[\"https:\\\/\\\/www.facebook.com\\\/Corailchaib\",\"https:\\\/\\\/x.com\\\/CorailChaib\",\"https:\\\/\\\/www.instagram.com\\\/corail.chaib\\\/?hl=fr\"]}]}<\/script>\n<!-- \/ Yoast SEO plugin. -->","yoast_head_json":{"title":"Bracelet Corail V-325 - Corail Chaib","description":"Bracelet Corail V-325 \/ de corail rouge de M\u00e9diterran\u00e9e, taill\u00e9 en b\u00e2tonnets de type copolino et perles blance, mont\u00e9es sur fil et fermoir Argent .","robots":{"index":"index","follow":"follow","max-snippet":"max-snippet:-1","max-image-preview":"max-image-preview:large","max-video-preview":"max-video-preview:-1"},"canonical":"https:\/\/corailchaib.com\/es\/producto\/bracelet-corail-v-325\/","og_locale":"es_ES","og_type":"article","og_title":"Bracelet Corail V-325 - Corail Chaib","og_description":"Bracelet Corail V-325 \/ de corail rouge de M\u00e9diterran\u00e9e, taill\u00e9 en b\u00e2tonnets de type copolino et perles blance, mont\u00e9es sur fil et fermoir Argent .","og_url":"https:\/\/corailchaib.com\/es\/producto\/bracelet-corail-v-325\/","og_site_name":"Corail Chaib","article_publisher":"https:\/\/www.facebook.com\/Corailchaib","article_modified_time":"2026-03-10T10:26:13+00:00","og_image":[{"width":900,"height":900,"url":"https:\/\/corailchaib.com\/wp-content\/uploads\/2025\/08\/Bracelet-Corail-1-325.webp","type":"image\/webp"}],"twitter_card":"summary_large_image","twitter_site":"@CorailChaib","twitter_misc":{"Tiempo de lectura":"1 minuto"},"schema":{"@context":"https:\/\/schema.org","@graph":[{"@type":"WebPage","@id":"https:\/\/corailchaib.com\/produit\/bracelet-corail-v-325\/","url":"https:\/\/corailchaib.com\/produit\/bracelet-corail-v-325\/","name":"Bracelet Corail V-325 - Corail Chaib","isPartOf":{"@id":"https:\/\/corailchaib.com\/#website"},"primaryImageOfPage":{"@id":"https:\/\/corailchaib.com\/produit\/bracelet-corail-v-325\/#primaryimage"},"image":{"@id":"https:\/\/corailchaib.com\/produit\/bracelet-corail-v-325\/#primaryimage"},"thumbnailUrl":"https:\/\/corailchaib.com\/wp-content\/uploads\/2025\/08\/Bracelet-Corail-1-325.webp","datePublished":"2025-08-14T21:29:32+00:00","dateModified":"2026-03-10T10:26:13+00:00","description":"Bracelet Corail V-325 \/ de corail rouge de M\u00e9diterran\u00e9e, taill\u00e9 en b\u00e2tonnets de type copolino et perles blance, mont\u00e9es sur fil et fermoir Argent .","breadcrumb":{"@id":"https:\/\/corailchaib.com\/produit\/bracelet-corail-v-325\/#breadcrumb"},"inLanguage":"es","potentialAction":[{"@type":"ReadAction","target":["https:\/\/corailchaib.com\/produit\/bracelet-corail-v-325\/"]}]},{"@type":"ImageObject","inLanguage":"es","@id":"https:\/\/corailchaib.com\/produit\/bracelet-corail-v-325\/#primaryimage","url":"https:\/\/corailchaib.com\/wp-content\/uploads\/2025\/08\/Bracelet-Corail-1-325.webp","contentUrl":"https:\/\/corailchaib.com\/wp-content\/uploads\/2025\/08\/Bracelet-Corail-1-325.webp","width":900,"height":900},{"@type":"BreadcrumbList","@id":"https:\/\/corailchaib.com\/produit\/bracelet-corail-v-325\/#breadcrumb","itemListElement":[{"@type":"ListItem","position":1,"name":"Accueil","item":"https:\/\/corailchaib.com\/"},{"@type":"ListItem","position":2,"name":"Boutique","item":"https:\/\/corailchaib.com\/boutique\/"},{"@type":"ListItem","position":3,"name":"Bracelet Corail V-325"}]},{"@type":"WebSite","@id":"https:\/\/corailchaib.com\/#website","url":"https:\/\/corailchaib.com\/","name":"corailchaib.com","description":"Joyas de Coral Rojo","publisher":{"@id":"https:\/\/corailchaib.com\/#organization"},"alternateName":"Corail Chaib","potentialAction":[{"@type":"SearchAction","target":{"@type":"EntryPoint","urlTemplate":"https:\/\/corailchaib.com\/?s={search_term_string}"},"query-input":{"@type":"PropertyValueSpecification","valueRequired":true,"valueName":"search_term_string"}}],"inLanguage":"es"},{"@type":"Organization","@id":"https:\/\/corailchaib.com\/#organization","name":"Corail Chaib","url":"https:\/\/corailchaib.com\/","logo":{"@type":"ImageObject","inLanguage":"es","@id":"https:\/\/corailchaib.com\/#\/schema\/logo\/image\/","url":"https:\/\/corailchaib.com\/wp-content\/uploads\/2024\/01\/LogoP-removebg-preview.png","contentUrl":"https:\/\/corailchaib.com\/wp-content\/uploads\/2024\/01\/LogoP-removebg-preview.png","width":255,"height":266,"caption":"Corail Chaib"},"image":{"@id":"https:\/\/corailchaib.com\/#\/schema\/logo\/image\/"},"sameAs":["https:\/\/www.facebook.com\/Corailchaib","https:\/\/x.com\/CorailChaib","https:\/\/www.instagram.com\/corail.chaib\/?hl=fr"]}]}},"jetpack_sharing_enabled":true,"_links":{"self":[{"href":"https:\/\/corailchaib.com\/es\/wp-json\/wp\/v2\/product\/11304","targetHints":{"allow":["GET"]}}],"collection":[{"href":"https:\/\/corailchaib.com\/es\/wp-json\/wp\/v2\/product"}],"about":[{"href":"https:\/\/corailchaib.com\/es\/wp-json\/wp\/v2\/types\/product"}],"replies":[{"embeddable":true,"href":"https:\/\/corailchaib.com\/es\/wp-json\/wp\/v2\/comments?post=11304"}],"version-history":[{"count":3,"href":"https:\/\/corailchaib.com\/es\/wp-json\/wp\/v2\/product\/11304\/revisions"}],"predecessor-version":[{"id":12146,"href":"https:\/\/corailchaib.com\/es\/wp-json\/wp\/v2\/product\/11304\/revisions\/12146"}],"wp:featuredmedia":[{"embeddable":true,"href":"https:\/\/corailchaib.com\/es\/wp-json\/wp\/v2\/media\/11309"}],"wp:attachment":[{"href":"https:\/\/corailchaib.com\/es\/wp-json\/wp\/v2\/media?parent=11304"}],"wp:term":[{"taxonomy":"product_brand","embeddable":true,"href":"https:\/\/corailchaib.com\/es\/wp-json\/wp\/v2\/product_brand?post=11304"},{"taxonomy":"product_cat","embeddable":true,"href":"https:\/\/corailchaib.com\/es\/wp-json\/wp\/v2\/product_cat?post=11304"},{"taxonomy":"product_tag","embeddable":true,"href":"https:\/\/corailchaib.com\/es\/wp-json\/wp\/v2\/product_tag?post=11304"}],"curies":[{"name":"wp","href":"https:\/\/api.w.org\/{rel}","templated":true}]}}