{"id":12038,"date":"2025-10-06T14:42:19","date_gmt":"2025-10-06T13:42:19","guid":{"rendered":"https:\/\/corailchaib.com\/?post_type=product&#038;p=12038"},"modified":"2026-02-15T13:58:00","modified_gmt":"2026-02-15T12:58:00","slug":"trio-corail-5-704","status":"publish","type":"product","link":"https:\/\/corailchaib.com\/es\/producto\/trio-corail-5-704\/","title":{"rendered":"Tr\u00edo Coral 5-704"},"content":{"rendered":"<p>Tr\u00edo Coral 5-704<\/p>\n<ul data-start=\"359\" data-end=\"799\">\n<li data-start=\"646\" data-end=\"707\">\n<p data-start=\"77\" data-end=\"228\">Sublimez votre style avec ce trio \u00e9l\u00e9gant en <strong data-start=\"122\" data-end=\"154\">corail rouge de M\u00e9diterran\u00e9e<\/strong>, mont\u00e9 sur <strong data-start=\"166\" data-end=\"186\">acier inoxydable<\/strong> pour une finition durable et brillante.<\/p>\n<p data-start=\"230\" data-end=\"267\">\u2728 <strong data-start=\"232\" data-end=\"265\">Caract\u00e9ristiques du produit :<\/strong><\/p>\n<ul data-start=\"268\" data-end=\"601\">\n<li data-start=\"268\" data-end=\"370\">\n<p data-start=\"270\" data-end=\"370\">Compos\u00e9 de <strong data-start=\"281\" data-end=\"328\">trois rangs de perles rouges de 1\u02b3\u1d49 qualit\u00e9<\/strong>, offrant un look raffin\u00e9 et harmonieux.<\/p>\n<\/li>\n<li data-start=\"371\" data-end=\"441\">\n<p data-start=\"373\" data-end=\"441\"><strong data-start=\"373\" data-end=\"391\">Perles de 3 mm<\/strong>, parfaitement calibr\u00e9es pour un rendu uniforme.<\/p>\n<\/li>\n<li data-start=\"442\" data-end=\"539\">\n<p data-start=\"444\" data-end=\"539\"><strong data-start=\"444\" data-end=\"455\">Collier<\/strong> : 44 cm \u2013 s\u2019adapte parfaitement \u00e0 votre cou pour un style \u00e9l\u00e9gant et confortable.<\/p>\n<\/li>\n<li data-start=\"540\" data-end=\"601\">\n<p data-start=\"542\" data-end=\"601\"><strong data-start=\"542\" data-end=\"554\">Bracelet<\/strong> : 18 cm \u2013 id\u00e9al pour compl\u00e9ter votre parure.<\/p>\n<\/li>\n<\/ul>\n<p data-start=\"603\" data-end=\"746\"><strong data-start=\"606\" data-end=\"620\"><img decoding=\"async\" src=\"https:\/\/static.xx.fbcdn.net\/images\/emoji.php\/v9\/tcf\/1\/16\/1fab8.png\" alt=\"\ud83e\udeb8\" \/> Id\u00e9al pour<\/strong> : un cadeau raffin\u00e9, les occasions sp\u00e9ciales ou pour ajouter une touche de couleur et d\u2019\u00e9l\u00e9gance \u00e0 votre tenue quotidienne.<\/p>\n<\/li>\n<\/ul>\n<p>Todos\u00a0<a href=\"https:\/\/corailchaib.com\/boutique\/\">nuestras joyas<\/a>\u00a0est\u00e1n hechos de coral rojo (<a href=\"https:\/\/fr.wikipedia.org\/wiki\/Corail_rouge\" target=\"_blank\" rel=\"noopener\">Corallium rubrum<\/a>) capturado en Argelia.<\/p>","protected":false},"excerpt":{"rendered":"<p>\u2022 M\u00e1s los gastos de env\u00edo calculados durante el pedido.<\/p>","protected":false},"featured_media":12039,"comment_status":"open","ping_status":"closed","template":"","meta":{"site-sidebar-layout":"default","site-content-layout":"default","ast-site-content-layout":"default","site-content-style":"default","site-sidebar-style":"default","ast-global-header-display":"","ast-banner-title-visibility":"","ast-main-header-display":"","ast-hfb-above-header-display":"","ast-hfb-below-header-display":"","ast-hfb-mobile-header-display":"","site-post-title":"","ast-breadcrumbs-content":"","ast-featured-img":"","footer-sml-layout":"","ast-disable-related-posts":"","theme-transparent-header-meta":"default","adv-header-id-meta":"","stick-header-meta":"default","header-above-stick-meta":"","header-main-stick-meta":"","header-below-stick-meta":"","astra-migrate-meta-layouts":"set","ast-page-background-enabled":"default","ast-page-background-meta":{"desktop":{"background-color":"","background-image":"","background-repeat":"repeat","background-position":"center center","background-size":"auto","background-attachment":"scroll","background-type":"","background-media":"","overlay-type":"","overlay-color":"","overlay-opacity":"","overlay-gradient":""},"tablet":{"background-color":"","background-image":"","background-repeat":"repeat","background-position":"center center","background-size":"auto","background-attachment":"scroll","background-type":"","background-media":"","overlay-type":"","overlay-color":"","overlay-opacity":"","overlay-gradient":""},"mobile":{"background-color":"","background-image":"","background-repeat":"repeat","background-position":"center center","background-size":"auto","background-attachment":"scroll","background-type":"","background-media":"","overlay-type":"","overlay-color":"","overlay-opacity":"","overlay-gradient":""}},"ast-content-background-meta":{"desktop":{"background-color":"var(--ast-global-color-5)","background-image":"","background-repeat":"repeat","background-position":"center center","background-size":"auto","background-attachment":"scroll","background-type":"","background-media":"","overlay-type":"","overlay-color":"","overlay-opacity":"","overlay-gradient":""},"tablet":{"background-color":"var(--ast-global-color-5)","background-image":"","background-repeat":"repeat","background-position":"center center","background-size":"auto","background-attachment":"scroll","background-type":"","background-media":"","overlay-type":"","overlay-color":"","overlay-opacity":"","overlay-gradient":""},"mobile":{"background-color":"var(--ast-global-color-5)","background-image":"","background-repeat":"repeat","background-position":"center center","background-size":"auto","background-attachment":"scroll","background-type":"","background-media":"","overlay-type":"","overlay-color":"","overlay-opacity":"","overlay-gradient":""}}},"product_brand":[],"product_cat":[71,62],"product_tag":[],"class_list":{"0":"post-12038","1":"product","2":"type-product","3":"status-publish","4":"has-post-thumbnail","6":"product_cat-monte-sur-acier-inoxydable","7":"product_cat-parures","8":"desktop-align-center","9":"tablet-align-left","10":"mobile-align-left","12":"first","13":"outofstock","14":"shipping-taxable","15":"purchasable","16":"product-type-simple"},"yoast_head":"<!-- This site is optimized with the Yoast SEO plugin v27.4 - https:\/\/yoast.com\/product\/yoast-seo-wordpress\/ -->\n<title>Trio Corail 5-704 - Corail Chaib<\/title>\n<meta name=\"description\" content=\"Trio Corail 5-704 \/ Trio en corail rouge de M\u00e9diterran\u00e9e mont\u00e9 sur acier inoxydable pour une finition durable et brillante.\" \/>\n<meta name=\"robots\" content=\"index, follow, max-snippet:-1, max-image-preview:large, max-video-preview:-1\" \/>\n<link rel=\"canonical\" href=\"https:\/\/corailchaib.com\/es\/producto\/trio-corail-5-704\/\" \/>\n<meta property=\"og:locale\" content=\"es_ES\" \/>\n<meta property=\"og:type\" content=\"article\" \/>\n<meta property=\"og:title\" content=\"Trio Corail 5-704 - Corail Chaib\" \/>\n<meta property=\"og:description\" content=\"Trio Corail 5-704 \/ Trio en corail rouge de M\u00e9diterran\u00e9e mont\u00e9 sur acier inoxydable pour une finition durable et brillante.\" \/>\n<meta property=\"og:url\" content=\"https:\/\/corailchaib.com\/es\/producto\/trio-corail-5-704\/\" \/>\n<meta property=\"og:site_name\" content=\"Corail Chaib\" \/>\n<meta property=\"article:publisher\" content=\"https:\/\/www.facebook.com\/Corailchaib\" \/>\n<meta property=\"article:modified_time\" content=\"2026-02-15T12:58:00+00:00\" \/>\n<meta property=\"og:image\" content=\"https:\/\/corailchaib.com\/wp-content\/uploads\/2025\/10\/Trio-Corail-5-703-1.webp\" \/>\n\t<meta property=\"og:image:width\" content=\"900\" \/>\n\t<meta property=\"og:image:height\" content=\"900\" \/>\n\t<meta property=\"og:image:type\" content=\"image\/webp\" \/>\n<meta name=\"twitter:card\" content=\"summary_large_image\" \/>\n<meta name=\"twitter:site\" content=\"@CorailChaib\" \/>\n<meta name=\"twitter:label1\" content=\"Tiempo de lectura\" \/>\n\t<meta name=\"twitter:data1\" content=\"1 minuto\" \/>\n<script type=\"application\/ld+json\" class=\"yoast-schema-graph\">{\"@context\":\"https:\\\/\\\/schema.org\",\"@graph\":[{\"@type\":\"WebPage\",\"@id\":\"https:\\\/\\\/corailchaib.com\\\/produit\\\/trio-corail-5-704\\\/\",\"url\":\"https:\\\/\\\/corailchaib.com\\\/produit\\\/trio-corail-5-704\\\/\",\"name\":\"Trio Corail 5-704 - Corail Chaib\",\"isPartOf\":{\"@id\":\"https:\\\/\\\/corailchaib.com\\\/#website\"},\"primaryImageOfPage\":{\"@id\":\"https:\\\/\\\/corailchaib.com\\\/produit\\\/trio-corail-5-704\\\/#primaryimage\"},\"image\":{\"@id\":\"https:\\\/\\\/corailchaib.com\\\/produit\\\/trio-corail-5-704\\\/#primaryimage\"},\"thumbnailUrl\":\"https:\\\/\\\/corailchaib.com\\\/wp-content\\\/uploads\\\/2025\\\/10\\\/Trio-Corail-5-703-1.webp\",\"datePublished\":\"2025-10-06T13:42:19+00:00\",\"dateModified\":\"2026-02-15T12:58:00+00:00\",\"description\":\"Trio Corail 5-704 \\\/ Trio en corail rouge de M\u00e9diterran\u00e9e mont\u00e9 sur acier inoxydable pour une finition durable et brillante.\",\"breadcrumb\":{\"@id\":\"https:\\\/\\\/corailchaib.com\\\/produit\\\/trio-corail-5-704\\\/#breadcrumb\"},\"inLanguage\":\"es\",\"potentialAction\":[{\"@type\":\"ReadAction\",\"target\":[\"https:\\\/\\\/corailchaib.com\\\/produit\\\/trio-corail-5-704\\\/\"]}]},{\"@type\":\"ImageObject\",\"inLanguage\":\"es\",\"@id\":\"https:\\\/\\\/corailchaib.com\\\/produit\\\/trio-corail-5-704\\\/#primaryimage\",\"url\":\"https:\\\/\\\/corailchaib.com\\\/wp-content\\\/uploads\\\/2025\\\/10\\\/Trio-Corail-5-703-1.webp\",\"contentUrl\":\"https:\\\/\\\/corailchaib.com\\\/wp-content\\\/uploads\\\/2025\\\/10\\\/Trio-Corail-5-703-1.webp\",\"width\":900,\"height\":900},{\"@type\":\"BreadcrumbList\",\"@id\":\"https:\\\/\\\/corailchaib.com\\\/produit\\\/trio-corail-5-704\\\/#breadcrumb\",\"itemListElement\":[{\"@type\":\"ListItem\",\"position\":1,\"name\":\"Accueil\",\"item\":\"https:\\\/\\\/corailchaib.com\\\/\"},{\"@type\":\"ListItem\",\"position\":2,\"name\":\"Boutique\",\"item\":\"https:\\\/\\\/corailchaib.com\\\/boutique\\\/\"},{\"@type\":\"ListItem\",\"position\":3,\"name\":\"Trio Corail 5-704\"}]},{\"@type\":\"WebSite\",\"@id\":\"https:\\\/\\\/corailchaib.com\\\/#website\",\"url\":\"https:\\\/\\\/corailchaib.com\\\/\",\"name\":\"corailchaib.com\",\"description\":\"Bijoux en Corail Rouge\",\"publisher\":{\"@id\":\"https:\\\/\\\/corailchaib.com\\\/#organization\"},\"alternateName\":\"Corail Chaib\",\"potentialAction\":[{\"@type\":\"SearchAction\",\"target\":{\"@type\":\"EntryPoint\",\"urlTemplate\":\"https:\\\/\\\/corailchaib.com\\\/?s={search_term_string}\"},\"query-input\":{\"@type\":\"PropertyValueSpecification\",\"valueRequired\":true,\"valueName\":\"search_term_string\"}}],\"inLanguage\":\"es\"},{\"@type\":\"Organization\",\"@id\":\"https:\\\/\\\/corailchaib.com\\\/#organization\",\"name\":\"Corail Chaib\",\"url\":\"https:\\\/\\\/corailchaib.com\\\/\",\"logo\":{\"@type\":\"ImageObject\",\"inLanguage\":\"es\",\"@id\":\"https:\\\/\\\/corailchaib.com\\\/#\\\/schema\\\/logo\\\/image\\\/\",\"url\":\"https:\\\/\\\/corailchaib.com\\\/wp-content\\\/uploads\\\/2024\\\/01\\\/LogoP-removebg-preview.png\",\"contentUrl\":\"https:\\\/\\\/corailchaib.com\\\/wp-content\\\/uploads\\\/2024\\\/01\\\/LogoP-removebg-preview.png\",\"width\":255,\"height\":266,\"caption\":\"Corail Chaib\"},\"image\":{\"@id\":\"https:\\\/\\\/corailchaib.com\\\/#\\\/schema\\\/logo\\\/image\\\/\"},\"sameAs\":[\"https:\\\/\\\/www.facebook.com\\\/Corailchaib\",\"https:\\\/\\\/x.com\\\/CorailChaib\",\"https:\\\/\\\/www.instagram.com\\\/corail.chaib\\\/?hl=fr\"]}]}<\/script>\n<!-- \/ Yoast SEO plugin. -->","yoast_head_json":{"title":"Trio Corail 5-704 - Corail Chaib","description":"Trio Corail 5-704 \/ Trio en corail rouge de M\u00e9diterran\u00e9e mont\u00e9 sur acier inoxydable pour une finition durable et brillante.","robots":{"index":"index","follow":"follow","max-snippet":"max-snippet:-1","max-image-preview":"max-image-preview:large","max-video-preview":"max-video-preview:-1"},"canonical":"https:\/\/corailchaib.com\/es\/producto\/trio-corail-5-704\/","og_locale":"es_ES","og_type":"article","og_title":"Trio Corail 5-704 - Corail Chaib","og_description":"Trio Corail 5-704 \/ Trio en corail rouge de M\u00e9diterran\u00e9e mont\u00e9 sur acier inoxydable pour une finition durable et brillante.","og_url":"https:\/\/corailchaib.com\/es\/producto\/trio-corail-5-704\/","og_site_name":"Corail Chaib","article_publisher":"https:\/\/www.facebook.com\/Corailchaib","article_modified_time":"2026-02-15T12:58:00+00:00","og_image":[{"width":900,"height":900,"url":"https:\/\/corailchaib.com\/wp-content\/uploads\/2025\/10\/Trio-Corail-5-703-1.webp","type":"image\/webp"}],"twitter_card":"summary_large_image","twitter_site":"@CorailChaib","twitter_misc":{"Tiempo de lectura":"1 minuto"},"schema":{"@context":"https:\/\/schema.org","@graph":[{"@type":"WebPage","@id":"https:\/\/corailchaib.com\/produit\/trio-corail-5-704\/","url":"https:\/\/corailchaib.com\/produit\/trio-corail-5-704\/","name":"Trio Corail 5-704 - Corail Chaib","isPartOf":{"@id":"https:\/\/corailchaib.com\/#website"},"primaryImageOfPage":{"@id":"https:\/\/corailchaib.com\/produit\/trio-corail-5-704\/#primaryimage"},"image":{"@id":"https:\/\/corailchaib.com\/produit\/trio-corail-5-704\/#primaryimage"},"thumbnailUrl":"https:\/\/corailchaib.com\/wp-content\/uploads\/2025\/10\/Trio-Corail-5-703-1.webp","datePublished":"2025-10-06T13:42:19+00:00","dateModified":"2026-02-15T12:58:00+00:00","description":"Trio Corail 5-704 \/ Trio en corail rouge de M\u00e9diterran\u00e9e mont\u00e9 sur acier inoxydable pour une finition durable et brillante.","breadcrumb":{"@id":"https:\/\/corailchaib.com\/produit\/trio-corail-5-704\/#breadcrumb"},"inLanguage":"es","potentialAction":[{"@type":"ReadAction","target":["https:\/\/corailchaib.com\/produit\/trio-corail-5-704\/"]}]},{"@type":"ImageObject","inLanguage":"es","@id":"https:\/\/corailchaib.com\/produit\/trio-corail-5-704\/#primaryimage","url":"https:\/\/corailchaib.com\/wp-content\/uploads\/2025\/10\/Trio-Corail-5-703-1.webp","contentUrl":"https:\/\/corailchaib.com\/wp-content\/uploads\/2025\/10\/Trio-Corail-5-703-1.webp","width":900,"height":900},{"@type":"BreadcrumbList","@id":"https:\/\/corailchaib.com\/produit\/trio-corail-5-704\/#breadcrumb","itemListElement":[{"@type":"ListItem","position":1,"name":"Accueil","item":"https:\/\/corailchaib.com\/"},{"@type":"ListItem","position":2,"name":"Boutique","item":"https:\/\/corailchaib.com\/boutique\/"},{"@type":"ListItem","position":3,"name":"Trio Corail 5-704"}]},{"@type":"WebSite","@id":"https:\/\/corailchaib.com\/#website","url":"https:\/\/corailchaib.com\/","name":"corailchaib.com","description":"Joyas de Coral Rojo","publisher":{"@id":"https:\/\/corailchaib.com\/#organization"},"alternateName":"Corail Chaib","potentialAction":[{"@type":"SearchAction","target":{"@type":"EntryPoint","urlTemplate":"https:\/\/corailchaib.com\/?s={search_term_string}"},"query-input":{"@type":"PropertyValueSpecification","valueRequired":true,"valueName":"search_term_string"}}],"inLanguage":"es"},{"@type":"Organization","@id":"https:\/\/corailchaib.com\/#organization","name":"Corail Chaib","url":"https:\/\/corailchaib.com\/","logo":{"@type":"ImageObject","inLanguage":"es","@id":"https:\/\/corailchaib.com\/#\/schema\/logo\/image\/","url":"https:\/\/corailchaib.com\/wp-content\/uploads\/2024\/01\/LogoP-removebg-preview.png","contentUrl":"https:\/\/corailchaib.com\/wp-content\/uploads\/2024\/01\/LogoP-removebg-preview.png","width":255,"height":266,"caption":"Corail Chaib"},"image":{"@id":"https:\/\/corailchaib.com\/#\/schema\/logo\/image\/"},"sameAs":["https:\/\/www.facebook.com\/Corailchaib","https:\/\/x.com\/CorailChaib","https:\/\/www.instagram.com\/corail.chaib\/?hl=fr"]}]}},"jetpack_sharing_enabled":true,"_links":{"self":[{"href":"https:\/\/corailchaib.com\/es\/wp-json\/wp\/v2\/product\/12038","targetHints":{"allow":["GET"]}}],"collection":[{"href":"https:\/\/corailchaib.com\/es\/wp-json\/wp\/v2\/product"}],"about":[{"href":"https:\/\/corailchaib.com\/es\/wp-json\/wp\/v2\/types\/product"}],"replies":[{"embeddable":true,"href":"https:\/\/corailchaib.com\/es\/wp-json\/wp\/v2\/comments?post=12038"}],"version-history":[{"count":5,"href":"https:\/\/corailchaib.com\/es\/wp-json\/wp\/v2\/product\/12038\/revisions"}],"predecessor-version":[{"id":12577,"href":"https:\/\/corailchaib.com\/es\/wp-json\/wp\/v2\/product\/12038\/revisions\/12577"}],"wp:featuredmedia":[{"embeddable":true,"href":"https:\/\/corailchaib.com\/es\/wp-json\/wp\/v2\/media\/12039"}],"wp:attachment":[{"href":"https:\/\/corailchaib.com\/es\/wp-json\/wp\/v2\/media?parent=12038"}],"wp:term":[{"taxonomy":"product_brand","embeddable":true,"href":"https:\/\/corailchaib.com\/es\/wp-json\/wp\/v2\/product_brand?post=12038"},{"taxonomy":"product_cat","embeddable":true,"href":"https:\/\/corailchaib.com\/es\/wp-json\/wp\/v2\/product_cat?post=12038"},{"taxonomy":"product_tag","embeddable":true,"href":"https:\/\/corailchaib.com\/es\/wp-json\/wp\/v2\/product_tag?post=12038"}],"curies":[{"name":"wp","href":"https:\/\/api.w.org\/{rel}","templated":true}]}}