{"id":11089,"date":"2025-06-02T21:20:11","date_gmt":"2025-06-02T20:20:11","guid":{"rendered":"https:\/\/corailchaib.com\/?post_type=product&#038;p=11089"},"modified":"2026-05-17T05:23:31","modified_gmt":"2026-05-17T04:23:31","slug":"bracelet-corail-5-310","status":"publish","type":"product","link":"https:\/\/corailchaib.com\/it\/prodotto\/bracelet-corail-5-310\/","title":{"rendered":"Bracciale in corallo 5-310"},"content":{"rendered":"<p>Bracciale in corallo 5-310<\/p>\n<p data-start=\"165\" data-end=\"320\">Mettez en valeur votre style avec ce bracelet artisanal en corail naturel, mont\u00e9 sur un cordon en caoutchouc rond de couleur, pour une touche \u00e0 la fois \u00e9l\u00e9gante et moderne.<\/p>\n<p data-start=\"322\" data-end=\"360\">\u2728 <strong data-start=\"324\" data-end=\"358\">Caratteristiche del bracciale :<\/strong><\/p>\n<ul data-start=\"361\" data-end=\"701\">\n<li data-start=\"361\" data-end=\"424\">\n<p data-start=\"363\" data-end=\"424\">Perle di <strong>corallo rosso naturale<\/strong> selezionati con cura.<\/p>\n<\/li>\n<li data-start=\"425\" data-end=\"503\">\n<p data-start=\"427\" data-end=\"503\">Cordone <strong>disponibile in due colori<\/strong>, per soddisfare ogni stile.<\/p>\n<\/li>\n<li data-start=\"504\" data-end=\"577\">\n<p data-start=\"506\" data-end=\"577\">Accessori <strong>en acier inoxydable<\/strong>, per un contrasto raffinato.<\/p>\n<\/li>\n<li data-start=\"578\" data-end=\"648\">\n<p data-start=\"580\" data-end=\"648\">Modelli con <strong data-start=\"882\" data-end=\"903\">chiusura regolabile<\/strong>\u00a0(pratico e sicuro)...<\/p>\n<\/li>\n<li data-start=\"649\" data-end=\"701\">\n<p data-start=\"651\" data-end=\"701\">Fabbricazione <strong>artigianato<\/strong>, Ogni pezzo \u00e8 unico.<\/p>\n<\/li>\n<\/ul>\n<p data-start=\"703\" data-end=\"813\">Questo bracciale versatile \u00e8 ideale sia per un abbigliamento casual che per completare qualsiasi outfit.<\/p>\n<p>Tutti\u00a0<a href=\"https:\/\/corailchaib.com\/boutique\/\">i nostri gioielli<\/a>\u00a0sono fatti di corallo rosso (<a href=\"https:\/\/fr.wikipedia.org\/wiki\/Corail_rouge\" target=\"_blank\" rel=\"noopener\">Corallium rubrum<\/a>) catturato in Algeria.<\/p>","protected":false},"excerpt":{"rendered":"<p>\u2022 Pi\u00f9 le spese di spedizione calcolate al momento dell\u2019ordine.<\/p>","protected":false},"featured_media":11098,"comment_status":"open","ping_status":"closed","template":"","meta":{"site-sidebar-layout":"default","site-content-layout":"default","ast-site-content-layout":"default","site-content-style":"default","site-sidebar-style":"default","ast-global-header-display":"","ast-banner-title-visibility":"","ast-main-header-display":"","ast-hfb-above-header-display":"","ast-hfb-below-header-display":"","ast-hfb-mobile-header-display":"","site-post-title":"","ast-breadcrumbs-content":"","ast-featured-img":"","footer-sml-layout":"","ast-disable-related-posts":"","theme-transparent-header-meta":"default","adv-header-id-meta":"","stick-header-meta":"default","header-above-stick-meta":"","header-main-stick-meta":"","header-below-stick-meta":"","astra-migrate-meta-layouts":"set","ast-page-background-enabled":"default","ast-page-background-meta":{"desktop":{"background-color":"","background-image":"","background-repeat":"repeat","background-position":"center center","background-size":"auto","background-attachment":"scroll","background-type":"","background-media":"","overlay-type":"","overlay-color":"","overlay-opacity":"","overlay-gradient":""},"tablet":{"background-color":"","background-image":"","background-repeat":"repeat","background-position":"center center","background-size":"auto","background-attachment":"scroll","background-type":"","background-media":"","overlay-type":"","overlay-color":"","overlay-opacity":"","overlay-gradient":""},"mobile":{"background-color":"","background-image":"","background-repeat":"repeat","background-position":"center center","background-size":"auto","background-attachment":"scroll","background-type":"","background-media":"","overlay-type":"","overlay-color":"","overlay-opacity":"","overlay-gradient":""}},"ast-content-background-meta":{"desktop":{"background-color":"var(--ast-global-color-5)","background-image":"","background-repeat":"repeat","background-position":"center center","background-size":"auto","background-attachment":"scroll","background-type":"","background-media":"","overlay-type":"","overlay-color":"","overlay-opacity":"","overlay-gradient":""},"tablet":{"background-color":"var(--ast-global-color-5)","background-image":"","background-repeat":"repeat","background-position":"center center","background-size":"auto","background-attachment":"scroll","background-type":"","background-media":"","overlay-type":"","overlay-color":"","overlay-opacity":"","overlay-gradient":""},"mobile":{"background-color":"var(--ast-global-color-5)","background-image":"","background-repeat":"repeat","background-position":"center center","background-size":"auto","background-attachment":"scroll","background-type":"","background-media":"","overlay-type":"","overlay-color":"","overlay-opacity":"","overlay-gradient":""}}},"product_brand":[],"product_cat":[61,71],"product_tag":[],"class_list":{"0":"post-11089","1":"product","2":"type-product","3":"status-publish","4":"has-post-thumbnail","6":"product_cat-bracelets-de-corail","7":"product_cat-monte-sur-acier-inoxydable","8":"desktop-align-center","9":"tablet-align-left","10":"mobile-align-left","12":"first","13":"instock","14":"sale","15":"featured","16":"shipping-taxable","17":"purchasable","18":"product-type-variable"},"yoast_head":"<!-- This site is optimized with the Yoast SEO plugin v27.4 - https:\/\/yoast.com\/product\/yoast-seo-wordpress\/ -->\n<title>Bracelet Corail 5-310 - Corail Chaib<\/title>\n<meta name=\"description\" content=\"Bracelet Corail 5-310 \/ Bracelet en corail rouge de M\u00e9diterran\u00e9e, taill\u00e9 en b\u00e2tonnets de type copolino, mont\u00e9es sur fil et fermoir Inox\" \/>\n<meta name=\"robots\" content=\"index, follow, max-snippet:-1, max-image-preview:large, max-video-preview:-1\" \/>\n<link rel=\"canonical\" href=\"https:\/\/corailchaib.com\/it\/prodotto\/bracelet-corail-5-310\/\" \/>\n<meta property=\"og:locale\" content=\"it_IT\" \/>\n<meta property=\"og:type\" content=\"article\" \/>\n<meta property=\"og:title\" content=\"Bracelet Corail 5-310 - Corail Chaib\" \/>\n<meta property=\"og:description\" content=\"Bracelet Corail 5-310 \/ Bracelet en corail rouge de M\u00e9diterran\u00e9e, taill\u00e9 en b\u00e2tonnets de type copolino, mont\u00e9es sur fil et fermoir Inox\" \/>\n<meta property=\"og:url\" content=\"https:\/\/corailchaib.com\/it\/prodotto\/bracelet-corail-5-310\/\" \/>\n<meta property=\"og:site_name\" content=\"Corail Chaib\" \/>\n<meta property=\"article:publisher\" content=\"https:\/\/www.facebook.com\/Corailchaib\" \/>\n<meta property=\"article:modified_time\" content=\"2026-05-17T04:23:31+00:00\" \/>\n<meta property=\"og:image\" content=\"https:\/\/corailchaib.com\/wp-content\/uploads\/2025\/06\/Bracelet-Corail-5-310.webp\" \/>\n\t<meta property=\"og:image:width\" content=\"900\" \/>\n\t<meta property=\"og:image:height\" content=\"900\" \/>\n\t<meta property=\"og:image:type\" content=\"image\/webp\" \/>\n<meta name=\"twitter:card\" content=\"summary_large_image\" \/>\n<meta name=\"twitter:site\" content=\"@CorailChaib\" \/>\n<meta name=\"twitter:label1\" content=\"Tempo di lettura stimato\" \/>\n\t<meta name=\"twitter:data1\" content=\"1 minuto\" \/>\n<script type=\"application\/ld+json\" class=\"yoast-schema-graph\">{\"@context\":\"https:\\\/\\\/schema.org\",\"@graph\":[{\"@type\":\"WebPage\",\"@id\":\"https:\\\/\\\/corailchaib.com\\\/produit\\\/bracelet-corail-5-310\\\/\",\"url\":\"https:\\\/\\\/corailchaib.com\\\/produit\\\/bracelet-corail-5-310\\\/\",\"name\":\"Bracelet Corail 5-310 - Corail Chaib\",\"isPartOf\":{\"@id\":\"https:\\\/\\\/corailchaib.com\\\/#website\"},\"primaryImageOfPage\":{\"@id\":\"https:\\\/\\\/corailchaib.com\\\/produit\\\/bracelet-corail-5-310\\\/#primaryimage\"},\"image\":{\"@id\":\"https:\\\/\\\/corailchaib.com\\\/produit\\\/bracelet-corail-5-310\\\/#primaryimage\"},\"thumbnailUrl\":\"https:\\\/\\\/corailchaib.com\\\/wp-content\\\/uploads\\\/2025\\\/06\\\/Bracelet-Corail-5-310.webp\",\"datePublished\":\"2025-06-02T20:20:11+00:00\",\"dateModified\":\"2026-05-17T04:23:31+00:00\",\"description\":\"Bracelet Corail 5-310 \\\/ Bracelet en corail rouge de M\u00e9diterran\u00e9e, taill\u00e9 en b\u00e2tonnets de type copolino, mont\u00e9es sur fil et fermoir Inox\",\"breadcrumb\":{\"@id\":\"https:\\\/\\\/corailchaib.com\\\/produit\\\/bracelet-corail-5-310\\\/#breadcrumb\"},\"inLanguage\":\"it-IT\",\"potentialAction\":[{\"@type\":\"ReadAction\",\"target\":[\"https:\\\/\\\/corailchaib.com\\\/produit\\\/bracelet-corail-5-310\\\/\"]}]},{\"@type\":\"ImageObject\",\"inLanguage\":\"it-IT\",\"@id\":\"https:\\\/\\\/corailchaib.com\\\/produit\\\/bracelet-corail-5-310\\\/#primaryimage\",\"url\":\"https:\\\/\\\/corailchaib.com\\\/wp-content\\\/uploads\\\/2025\\\/06\\\/Bracelet-Corail-5-310.webp\",\"contentUrl\":\"https:\\\/\\\/corailchaib.com\\\/wp-content\\\/uploads\\\/2025\\\/06\\\/Bracelet-Corail-5-310.webp\",\"width\":900,\"height\":900},{\"@type\":\"BreadcrumbList\",\"@id\":\"https:\\\/\\\/corailchaib.com\\\/produit\\\/bracelet-corail-5-310\\\/#breadcrumb\",\"itemListElement\":[{\"@type\":\"ListItem\",\"position\":1,\"name\":\"Accueil\",\"item\":\"https:\\\/\\\/corailchaib.com\\\/\"},{\"@type\":\"ListItem\",\"position\":2,\"name\":\"Boutique\",\"item\":\"https:\\\/\\\/corailchaib.com\\\/boutique\\\/\"},{\"@type\":\"ListItem\",\"position\":3,\"name\":\"Bracelet Corail 5-310\"}]},{\"@type\":\"WebSite\",\"@id\":\"https:\\\/\\\/corailchaib.com\\\/#website\",\"url\":\"https:\\\/\\\/corailchaib.com\\\/\",\"name\":\"corailchaib.com\",\"description\":\"Bijoux en Corail Rouge\",\"publisher\":{\"@id\":\"https:\\\/\\\/corailchaib.com\\\/#organization\"},\"alternateName\":\"Corail Chaib\",\"potentialAction\":[{\"@type\":\"SearchAction\",\"target\":{\"@type\":\"EntryPoint\",\"urlTemplate\":\"https:\\\/\\\/corailchaib.com\\\/?s={search_term_string}\"},\"query-input\":{\"@type\":\"PropertyValueSpecification\",\"valueRequired\":true,\"valueName\":\"search_term_string\"}}],\"inLanguage\":\"it-IT\"},{\"@type\":\"Organization\",\"@id\":\"https:\\\/\\\/corailchaib.com\\\/#organization\",\"name\":\"Corail Chaib\",\"url\":\"https:\\\/\\\/corailchaib.com\\\/\",\"logo\":{\"@type\":\"ImageObject\",\"inLanguage\":\"it-IT\",\"@id\":\"https:\\\/\\\/corailchaib.com\\\/#\\\/schema\\\/logo\\\/image\\\/\",\"url\":\"https:\\\/\\\/corailchaib.com\\\/wp-content\\\/uploads\\\/2024\\\/01\\\/LogoP-removebg-preview.png\",\"contentUrl\":\"https:\\\/\\\/corailchaib.com\\\/wp-content\\\/uploads\\\/2024\\\/01\\\/LogoP-removebg-preview.png\",\"width\":255,\"height\":266,\"caption\":\"Corail Chaib\"},\"image\":{\"@id\":\"https:\\\/\\\/corailchaib.com\\\/#\\\/schema\\\/logo\\\/image\\\/\"},\"sameAs\":[\"https:\\\/\\\/www.facebook.com\\\/Corailchaib\",\"https:\\\/\\\/x.com\\\/CorailChaib\",\"https:\\\/\\\/www.instagram.com\\\/corail.chaib\\\/?hl=fr\"]}]}<\/script>\n<!-- \/ Yoast SEO plugin. -->","yoast_head_json":{"title":"Bracelet Corail 5-310 - Corail Chaib","description":"Bracelet Corail 5-310 \/ Bracelet en corail rouge de M\u00e9diterran\u00e9e, taill\u00e9 en b\u00e2tonnets de type copolino, mont\u00e9es sur fil et fermoir Inox","robots":{"index":"index","follow":"follow","max-snippet":"max-snippet:-1","max-image-preview":"max-image-preview:large","max-video-preview":"max-video-preview:-1"},"canonical":"https:\/\/corailchaib.com\/it\/prodotto\/bracelet-corail-5-310\/","og_locale":"it_IT","og_type":"article","og_title":"Bracelet Corail 5-310 - Corail Chaib","og_description":"Bracelet Corail 5-310 \/ Bracelet en corail rouge de M\u00e9diterran\u00e9e, taill\u00e9 en b\u00e2tonnets de type copolino, mont\u00e9es sur fil et fermoir Inox","og_url":"https:\/\/corailchaib.com\/it\/prodotto\/bracelet-corail-5-310\/","og_site_name":"Corail Chaib","article_publisher":"https:\/\/www.facebook.com\/Corailchaib","article_modified_time":"2026-05-17T04:23:31+00:00","og_image":[{"width":900,"height":900,"url":"https:\/\/corailchaib.com\/wp-content\/uploads\/2025\/06\/Bracelet-Corail-5-310.webp","type":"image\/webp"}],"twitter_card":"summary_large_image","twitter_site":"@CorailChaib","twitter_misc":{"Tempo di lettura stimato":"1 minuto"},"schema":{"@context":"https:\/\/schema.org","@graph":[{"@type":"WebPage","@id":"https:\/\/corailchaib.com\/produit\/bracelet-corail-5-310\/","url":"https:\/\/corailchaib.com\/produit\/bracelet-corail-5-310\/","name":"Bracelet Corail 5-310 - Corail Chaib","isPartOf":{"@id":"https:\/\/corailchaib.com\/#website"},"primaryImageOfPage":{"@id":"https:\/\/corailchaib.com\/produit\/bracelet-corail-5-310\/#primaryimage"},"image":{"@id":"https:\/\/corailchaib.com\/produit\/bracelet-corail-5-310\/#primaryimage"},"thumbnailUrl":"https:\/\/corailchaib.com\/wp-content\/uploads\/2025\/06\/Bracelet-Corail-5-310.webp","datePublished":"2025-06-02T20:20:11+00:00","dateModified":"2026-05-17T04:23:31+00:00","description":"Bracelet Corail 5-310 \/ Bracelet en corail rouge de M\u00e9diterran\u00e9e, taill\u00e9 en b\u00e2tonnets de type copolino, mont\u00e9es sur fil et fermoir Inox","breadcrumb":{"@id":"https:\/\/corailchaib.com\/produit\/bracelet-corail-5-310\/#breadcrumb"},"inLanguage":"it-IT","potentialAction":[{"@type":"ReadAction","target":["https:\/\/corailchaib.com\/produit\/bracelet-corail-5-310\/"]}]},{"@type":"ImageObject","inLanguage":"it-IT","@id":"https:\/\/corailchaib.com\/produit\/bracelet-corail-5-310\/#primaryimage","url":"https:\/\/corailchaib.com\/wp-content\/uploads\/2025\/06\/Bracelet-Corail-5-310.webp","contentUrl":"https:\/\/corailchaib.com\/wp-content\/uploads\/2025\/06\/Bracelet-Corail-5-310.webp","width":900,"height":900},{"@type":"BreadcrumbList","@id":"https:\/\/corailchaib.com\/produit\/bracelet-corail-5-310\/#breadcrumb","itemListElement":[{"@type":"ListItem","position":1,"name":"Accueil","item":"https:\/\/corailchaib.com\/"},{"@type":"ListItem","position":2,"name":"Boutique","item":"https:\/\/corailchaib.com\/boutique\/"},{"@type":"ListItem","position":3,"name":"Bracelet Corail 5-310"}]},{"@type":"WebSite","@id":"https:\/\/corailchaib.com\/#website","url":"https:\/\/corailchaib.com\/","name":"corailchaib.com","description":"Gioielli in Corallo Rosso","publisher":{"@id":"https:\/\/corailchaib.com\/#organization"},"alternateName":"Corail Chaib","potentialAction":[{"@type":"SearchAction","target":{"@type":"EntryPoint","urlTemplate":"https:\/\/corailchaib.com\/?s={search_term_string}"},"query-input":{"@type":"PropertyValueSpecification","valueRequired":true,"valueName":"search_term_string"}}],"inLanguage":"it-IT"},{"@type":"Organization","@id":"https:\/\/corailchaib.com\/#organization","name":"Corail Chaib","url":"https:\/\/corailchaib.com\/","logo":{"@type":"ImageObject","inLanguage":"it-IT","@id":"https:\/\/corailchaib.com\/#\/schema\/logo\/image\/","url":"https:\/\/corailchaib.com\/wp-content\/uploads\/2024\/01\/LogoP-removebg-preview.png","contentUrl":"https:\/\/corailchaib.com\/wp-content\/uploads\/2024\/01\/LogoP-removebg-preview.png","width":255,"height":266,"caption":"Corail Chaib"},"image":{"@id":"https:\/\/corailchaib.com\/#\/schema\/logo\/image\/"},"sameAs":["https:\/\/www.facebook.com\/Corailchaib","https:\/\/x.com\/CorailChaib","https:\/\/www.instagram.com\/corail.chaib\/?hl=fr"]}]}},"jetpack_sharing_enabled":true,"_links":{"self":[{"href":"https:\/\/corailchaib.com\/it\/wp-json\/wp\/v2\/product\/11089","targetHints":{"allow":["GET"]}}],"collection":[{"href":"https:\/\/corailchaib.com\/it\/wp-json\/wp\/v2\/product"}],"about":[{"href":"https:\/\/corailchaib.com\/it\/wp-json\/wp\/v2\/types\/product"}],"replies":[{"embeddable":true,"href":"https:\/\/corailchaib.com\/it\/wp-json\/wp\/v2\/comments?post=11089"}],"version-history":[{"count":6,"href":"https:\/\/corailchaib.com\/it\/wp-json\/wp\/v2\/product\/11089\/revisions"}],"predecessor-version":[{"id":11102,"href":"https:\/\/corailchaib.com\/it\/wp-json\/wp\/v2\/product\/11089\/revisions\/11102"}],"wp:featuredmedia":[{"embeddable":true,"href":"https:\/\/corailchaib.com\/it\/wp-json\/wp\/v2\/media\/11098"}],"wp:attachment":[{"href":"https:\/\/corailchaib.com\/it\/wp-json\/wp\/v2\/media?parent=11089"}],"wp:term":[{"taxonomy":"product_brand","embeddable":true,"href":"https:\/\/corailchaib.com\/it\/wp-json\/wp\/v2\/product_brand?post=11089"},{"taxonomy":"product_cat","embeddable":true,"href":"https:\/\/corailchaib.com\/it\/wp-json\/wp\/v2\/product_cat?post=11089"},{"taxonomy":"product_tag","embeddable":true,"href":"https:\/\/corailchaib.com\/it\/wp-json\/wp\/v2\/product_tag?post=11089"}],"curies":[{"name":"wp","href":"https:\/\/api.w.org\/{rel}","templated":true}]}}