{"id":11477,"date":"2025-09-17T22:35:24","date_gmt":"2025-09-17T21:35:24","guid":{"rendered":"https:\/\/corailchaib.com\/?post_type=product&#038;p=11477"},"modified":"2026-02-07T23:05:34","modified_gmt":"2026-02-07T22:05:34","slug":"collier-corail-4-250","status":"publish","type":"product","link":"https:\/\/corailchaib.com\/it\/prodotto\/collier-corail-4-250\/","title":{"rendered":"Collana di corallo 4-250"},"content":{"rendered":"<p>Collana di corallo 4-250<\/p>\n<p data-start=\"434\" data-end=\"647\">Sublimate il vostro stile con questa collana di corallo rosso naturale, impreziosita da dettagli in <a href=\"https:\/\/www.google.com\/search?q=or+lamin%C3%A9&amp;sca_esv=c86351f7882d4df3&amp;rlz=1C1GCEA_enRO1019DZ1045&amp;sxsrf=AE3TifOQnuTfZ2OnXo6Zn4EGLskNBp8kZw%3A1758148010161&amp;ei=qjXLaLrUCbKrkdUPgfPloAE&amp;oq=or+la&amp;gs_lp=Egxnd3Mtd2l6LXNlcnAiBW9yIGxhKgIIADIFEAAYgAQyBRAAGIAEMgUQABiABDIFEAAYgAQyBRAAGIAEMgUQABiABDIFEAAYgAQyBRAAGIAEMgUQLhiABDIFEAAYgARIiCxQAFifE3AAeAGQAQCYAb4BoAGQB6oBAzAuNbgBAcgBAPgBAZgCBaACywfCAggQABiABBixA8ICCxAAGIAEGLEDGIMBwgILEC4YgAQY0QMYxwHCAg4QABiABBixAxiDARiKBcICCBAuGIAEGLEDwgITEC4YgAQYsQMY0QMYQxjHARiKBcICChAAGIAEGEMYigXCAhYQLhiABBixAxjRAxhDGIMBGMcBGIoFwgIQEC4YgAQY0QMYQxjHARiKBcICIhAuGIAEGLEDGNEDGEMYxwEYigUYlwUY3AQY3gQY4ATYAQGYAwC6BgYIARABGBSSBwUwLjQuMaAH2SqyBwUwLjQuMbgHywfCBwUyLTIuM8gHMw&amp;sclient=gws-wiz-serp\"><strong data-start=\"519\" data-end=\"532\">oro laminato<\/strong><\/a> che aggiungono scintillio e raffinatezza. Un pezzo unico di artigianato che unisce autenticit\u00e0 ed eleganza senza tempo.<\/p>\n<p data-start=\"649\" data-end=\"686\">\u2728 <strong data-start=\"651\" data-end=\"684\">Caratteristiche del collare :<\/strong><\/p>\n<ul data-start=\"687\" data-end=\"1164\">\n<li data-start=\"687\" data-end=\"756\">\n<p data-start=\"689\" data-end=\"756\"><strong data-start=\"689\" data-end=\"707\">Ciondolo a forma di V<\/strong> composto da sfere di corallo rosso da <strong data-start=\"745\" data-end=\"753\">5 mm<\/strong>.<\/p>\n<\/li>\n<li data-start=\"757\" data-end=\"875\">\n<p data-start=\"759\" data-end=\"875\"><strong data-start=\"759\" data-end=\"788\">6 palline grandi da 13 mm<\/strong>, a forma di piccole palline di <strong data-start=\"830\" data-end=\"838\">3 mm<\/strong>, per un effetto strutturato e raffinato.<\/p>\n<\/li>\n<li data-start=\"876\" data-end=\"965\">\n<p data-start=\"878\" data-end=\"965\"><strong data-start=\"878\" data-end=\"916\">Frange di steli di corallo naturale<\/strong> alle estremit\u00e0 per un tocco tradizionale.<\/p>\n<\/li>\n<li data-start=\"966\" data-end=\"1037\">\n<p data-start=\"968\" data-end=\"1037\"><strong data-start=\"968\" data-end=\"1005\">Elementi metallici in oro laminato<\/strong>, offrendo luminosit\u00e0 e durata.<\/p>\n<\/li>\n<li data-start=\"1038\" data-end=\"1091\">\n<p data-start=\"1040\" data-end=\"1091\"><strong data-start=\"1040\" data-end=\"1053\">Materiale :<\/strong> Vero corallo rosso e laminato oro.<\/p>\n<\/li>\n<li data-start=\"1092\" data-end=\"1130\">\n<p data-start=\"1094\" data-end=\"1130\"><strong data-start=\"1094\" data-end=\"1105\">Stile :<\/strong> Elegante e senza tempo.<\/p>\n<\/li>\n<li data-start=\"1131\" data-end=\"1164\">\n<p data-start=\"1133\" data-end=\"1164\"><strong data-start=\"1133\" data-end=\"1150\">Fabbricazione :<\/strong> Artigianale.<\/p>\n<\/li>\n<\/ul>\n<p>Tutti\u00a0<a href=\"https:\/\/corailchaib.com\/boutique\/\">i nostri gioielli<\/a>\u00a0sono fatti di corallo rosso (<a href=\"https:\/\/fr.wikipedia.org\/wiki\/Corail_rouge\" target=\"_blank\" rel=\"noopener\">Corallium rubrum<\/a>) catturato in Algeria.<\/p>","protected":false},"excerpt":{"rendered":"<p>- Pi\u00f9 le spese di spedizione calcolate al momento dell'ordine.<\/p>","protected":false},"featured_media":11482,"comment_status":"open","ping_status":"closed","template":"","meta":{"site-sidebar-layout":"default","site-content-layout":"","ast-site-content-layout":"default","site-content-style":"default","site-sidebar-style":"default","ast-global-header-display":"","ast-banner-title-visibility":"","ast-main-header-display":"","ast-hfb-above-header-display":"","ast-hfb-below-header-display":"","ast-hfb-mobile-header-display":"","site-post-title":"","ast-breadcrumbs-content":"","ast-featured-img":"","footer-sml-layout":"","ast-disable-related-posts":"","theme-transparent-header-meta":"default","adv-header-id-meta":"","stick-header-meta":"default","header-above-stick-meta":"","header-main-stick-meta":"","header-below-stick-meta":"","astra-migrate-meta-layouts":"set","ast-page-background-enabled":"default","ast-page-background-meta":{"desktop":{"background-color":"","background-image":"","background-repeat":"repeat","background-position":"center center","background-size":"auto","background-attachment":"scroll","background-type":"","background-media":"","overlay-type":"","overlay-color":"","overlay-opacity":"","overlay-gradient":""},"tablet":{"background-color":"","background-image":"","background-repeat":"repeat","background-position":"center center","background-size":"auto","background-attachment":"scroll","background-type":"","background-media":"","overlay-type":"","overlay-color":"","overlay-opacity":"","overlay-gradient":""},"mobile":{"background-color":"","background-image":"","background-repeat":"repeat","background-position":"center center","background-size":"auto","background-attachment":"scroll","background-type":"","background-media":"","overlay-type":"","overlay-color":"","overlay-opacity":"","overlay-gradient":""}},"ast-content-background-meta":{"desktop":{"background-color":"var(--ast-global-color-5)","background-image":"","background-repeat":"repeat","background-position":"center center","background-size":"auto","background-attachment":"scroll","background-type":"","background-media":"","overlay-type":"","overlay-color":"","overlay-opacity":"","overlay-gradient":""},"tablet":{"background-color":"var(--ast-global-color-5)","background-image":"","background-repeat":"repeat","background-position":"center center","background-size":"auto","background-attachment":"scroll","background-type":"","background-media":"","overlay-type":"","overlay-color":"","overlay-opacity":"","overlay-gradient":""},"mobile":{"background-color":"var(--ast-global-color-5)","background-image":"","background-repeat":"repeat","background-position":"center center","background-size":"auto","background-attachment":"scroll","background-type":"","background-media":"","overlay-type":"","overlay-color":"","overlay-opacity":"","overlay-gradient":""}}},"product_brand":[],"product_cat":[23,68],"product_tag":[],"class_list":{"0":"post-11477","1":"product","2":"type-product","3":"status-publish","4":"has-post-thumbnail","6":"product_cat-colliers","7":"product_cat-monte-sur-or-lamine-14-carats","8":"desktop-align-center","9":"tablet-align-left","10":"mobile-align-left","12":"first","13":"instock","14":"featured","15":"shipping-taxable","16":"purchasable","17":"product-type-simple"},"yoast_head":"<!-- This site is optimized with the Yoast SEO plugin v27.4 - https:\/\/yoast.com\/product\/yoast-seo-wordpress\/ -->\n<title>Collier Corail 4-250 - Corail Chaib<\/title>\n<meta name=\"description\" content=\"Collier Corail 4-250 naturel avec d\u00e9tails en or lamin\u00e9. Design en V, boules sculpt\u00e9es et franges en corail. \u00c9l\u00e9gance artisanale et intemporelle.\" \/>\n<meta name=\"robots\" content=\"index, follow, max-snippet:-1, max-image-preview:large, max-video-preview:-1\" \/>\n<link rel=\"canonical\" href=\"https:\/\/corailchaib.com\/it\/prodotto\/collier-corail-4-250\/\" \/>\n<meta property=\"og:locale\" content=\"it_IT\" \/>\n<meta property=\"og:type\" content=\"article\" \/>\n<meta property=\"og:title\" content=\"Collier Corail 4-250 - Corail Chaib\" \/>\n<meta property=\"og:description\" content=\"Collier Corail 4-250 naturel avec d\u00e9tails en or lamin\u00e9. Design en V, boules sculpt\u00e9es et franges en corail. \u00c9l\u00e9gance artisanale et intemporelle.\" \/>\n<meta property=\"og:url\" content=\"https:\/\/corailchaib.com\/it\/prodotto\/collier-corail-4-250\/\" \/>\n<meta property=\"og:site_name\" content=\"Corail Chaib\" \/>\n<meta property=\"article:publisher\" content=\"https:\/\/www.facebook.com\/Corailchaib\" \/>\n<meta property=\"article:modified_time\" content=\"2026-02-07T22:05:34+00:00\" \/>\n<meta property=\"og:image\" content=\"https:\/\/corailchaib.com\/wp-content\/uploads\/2025\/09\/Collier-Corail-4-250-3.webp\" \/>\n\t<meta property=\"og:image:width\" content=\"900\" \/>\n\t<meta property=\"og:image:height\" content=\"900\" \/>\n\t<meta property=\"og:image:type\" content=\"image\/webp\" \/>\n<meta name=\"twitter:card\" content=\"summary_large_image\" \/>\n<meta name=\"twitter:site\" content=\"@CorailChaib\" \/>\n<meta name=\"twitter:label1\" content=\"Tempo di lettura stimato\" \/>\n\t<meta name=\"twitter:data1\" content=\"1 minuto\" \/>\n<script type=\"application\/ld+json\" class=\"yoast-schema-graph\">{\"@context\":\"https:\\\/\\\/schema.org\",\"@graph\":[{\"@type\":\"WebPage\",\"@id\":\"https:\\\/\\\/corailchaib.com\\\/produit\\\/collier-corail-4-250\\\/\",\"url\":\"https:\\\/\\\/corailchaib.com\\\/produit\\\/collier-corail-4-250\\\/\",\"name\":\"Collier Corail 4-250 - Corail Chaib\",\"isPartOf\":{\"@id\":\"https:\\\/\\\/corailchaib.com\\\/#website\"},\"primaryImageOfPage\":{\"@id\":\"https:\\\/\\\/corailchaib.com\\\/produit\\\/collier-corail-4-250\\\/#primaryimage\"},\"image\":{\"@id\":\"https:\\\/\\\/corailchaib.com\\\/produit\\\/collier-corail-4-250\\\/#primaryimage\"},\"thumbnailUrl\":\"https:\\\/\\\/corailchaib.com\\\/wp-content\\\/uploads\\\/2025\\\/09\\\/Collier-Corail-4-250-3.webp\",\"datePublished\":\"2025-09-17T21:35:24+00:00\",\"dateModified\":\"2026-02-07T22:05:34+00:00\",\"description\":\"Collier Corail 4-250 naturel avec d\u00e9tails en or lamin\u00e9. Design en V, boules sculpt\u00e9es et franges en corail. \u00c9l\u00e9gance artisanale et intemporelle.\",\"breadcrumb\":{\"@id\":\"https:\\\/\\\/corailchaib.com\\\/produit\\\/collier-corail-4-250\\\/#breadcrumb\"},\"inLanguage\":\"it-IT\",\"potentialAction\":[{\"@type\":\"ReadAction\",\"target\":[\"https:\\\/\\\/corailchaib.com\\\/produit\\\/collier-corail-4-250\\\/\"]}]},{\"@type\":\"ImageObject\",\"inLanguage\":\"it-IT\",\"@id\":\"https:\\\/\\\/corailchaib.com\\\/produit\\\/collier-corail-4-250\\\/#primaryimage\",\"url\":\"https:\\\/\\\/corailchaib.com\\\/wp-content\\\/uploads\\\/2025\\\/09\\\/Collier-Corail-4-250-3.webp\",\"contentUrl\":\"https:\\\/\\\/corailchaib.com\\\/wp-content\\\/uploads\\\/2025\\\/09\\\/Collier-Corail-4-250-3.webp\",\"width\":900,\"height\":900},{\"@type\":\"BreadcrumbList\",\"@id\":\"https:\\\/\\\/corailchaib.com\\\/produit\\\/collier-corail-4-250\\\/#breadcrumb\",\"itemListElement\":[{\"@type\":\"ListItem\",\"position\":1,\"name\":\"Accueil\",\"item\":\"https:\\\/\\\/corailchaib.com\\\/\"},{\"@type\":\"ListItem\",\"position\":2,\"name\":\"Boutique\",\"item\":\"https:\\\/\\\/corailchaib.com\\\/boutique\\\/\"},{\"@type\":\"ListItem\",\"position\":3,\"name\":\"Collier Corail 4-250\"}]},{\"@type\":\"WebSite\",\"@id\":\"https:\\\/\\\/corailchaib.com\\\/#website\",\"url\":\"https:\\\/\\\/corailchaib.com\\\/\",\"name\":\"corailchaib.com\",\"description\":\"Bijoux en Corail Rouge\",\"publisher\":{\"@id\":\"https:\\\/\\\/corailchaib.com\\\/#organization\"},\"alternateName\":\"Corail Chaib\",\"potentialAction\":[{\"@type\":\"SearchAction\",\"target\":{\"@type\":\"EntryPoint\",\"urlTemplate\":\"https:\\\/\\\/corailchaib.com\\\/?s={search_term_string}\"},\"query-input\":{\"@type\":\"PropertyValueSpecification\",\"valueRequired\":true,\"valueName\":\"search_term_string\"}}],\"inLanguage\":\"it-IT\"},{\"@type\":\"Organization\",\"@id\":\"https:\\\/\\\/corailchaib.com\\\/#organization\",\"name\":\"Corail Chaib\",\"url\":\"https:\\\/\\\/corailchaib.com\\\/\",\"logo\":{\"@type\":\"ImageObject\",\"inLanguage\":\"it-IT\",\"@id\":\"https:\\\/\\\/corailchaib.com\\\/#\\\/schema\\\/logo\\\/image\\\/\",\"url\":\"https:\\\/\\\/corailchaib.com\\\/wp-content\\\/uploads\\\/2024\\\/01\\\/LogoP-removebg-preview.png\",\"contentUrl\":\"https:\\\/\\\/corailchaib.com\\\/wp-content\\\/uploads\\\/2024\\\/01\\\/LogoP-removebg-preview.png\",\"width\":255,\"height\":266,\"caption\":\"Corail Chaib\"},\"image\":{\"@id\":\"https:\\\/\\\/corailchaib.com\\\/#\\\/schema\\\/logo\\\/image\\\/\"},\"sameAs\":[\"https:\\\/\\\/www.facebook.com\\\/Corailchaib\",\"https:\\\/\\\/x.com\\\/CorailChaib\",\"https:\\\/\\\/www.instagram.com\\\/corail.chaib\\\/?hl=fr\"]}]}<\/script>\n<!-- \/ Yoast SEO plugin. -->","yoast_head_json":{"title":"Collier Corail 4-250 - Corail Chaib","description":"Collier Corail 4-250 naturel avec d\u00e9tails en or lamin\u00e9. Design en V, boules sculpt\u00e9es et franges en corail. \u00c9l\u00e9gance artisanale et intemporelle.","robots":{"index":"index","follow":"follow","max-snippet":"max-snippet:-1","max-image-preview":"max-image-preview:large","max-video-preview":"max-video-preview:-1"},"canonical":"https:\/\/corailchaib.com\/it\/prodotto\/collier-corail-4-250\/","og_locale":"it_IT","og_type":"article","og_title":"Collier Corail 4-250 - Corail Chaib","og_description":"Collier Corail 4-250 naturel avec d\u00e9tails en or lamin\u00e9. Design en V, boules sculpt\u00e9es et franges en corail. \u00c9l\u00e9gance artisanale et intemporelle.","og_url":"https:\/\/corailchaib.com\/it\/prodotto\/collier-corail-4-250\/","og_site_name":"Corail Chaib","article_publisher":"https:\/\/www.facebook.com\/Corailchaib","article_modified_time":"2026-02-07T22:05:34+00:00","og_image":[{"width":900,"height":900,"url":"https:\/\/corailchaib.com\/wp-content\/uploads\/2025\/09\/Collier-Corail-4-250-3.webp","type":"image\/webp"}],"twitter_card":"summary_large_image","twitter_site":"@CorailChaib","twitter_misc":{"Tempo di lettura stimato":"1 minuto"},"schema":{"@context":"https:\/\/schema.org","@graph":[{"@type":"WebPage","@id":"https:\/\/corailchaib.com\/produit\/collier-corail-4-250\/","url":"https:\/\/corailchaib.com\/produit\/collier-corail-4-250\/","name":"Collier Corail 4-250 - Corail Chaib","isPartOf":{"@id":"https:\/\/corailchaib.com\/#website"},"primaryImageOfPage":{"@id":"https:\/\/corailchaib.com\/produit\/collier-corail-4-250\/#primaryimage"},"image":{"@id":"https:\/\/corailchaib.com\/produit\/collier-corail-4-250\/#primaryimage"},"thumbnailUrl":"https:\/\/corailchaib.com\/wp-content\/uploads\/2025\/09\/Collier-Corail-4-250-3.webp","datePublished":"2025-09-17T21:35:24+00:00","dateModified":"2026-02-07T22:05:34+00:00","description":"Collier Corail 4-250 naturel avec d\u00e9tails en or lamin\u00e9. Design en V, boules sculpt\u00e9es et franges en corail. \u00c9l\u00e9gance artisanale et intemporelle.","breadcrumb":{"@id":"https:\/\/corailchaib.com\/produit\/collier-corail-4-250\/#breadcrumb"},"inLanguage":"it-IT","potentialAction":[{"@type":"ReadAction","target":["https:\/\/corailchaib.com\/produit\/collier-corail-4-250\/"]}]},{"@type":"ImageObject","inLanguage":"it-IT","@id":"https:\/\/corailchaib.com\/produit\/collier-corail-4-250\/#primaryimage","url":"https:\/\/corailchaib.com\/wp-content\/uploads\/2025\/09\/Collier-Corail-4-250-3.webp","contentUrl":"https:\/\/corailchaib.com\/wp-content\/uploads\/2025\/09\/Collier-Corail-4-250-3.webp","width":900,"height":900},{"@type":"BreadcrumbList","@id":"https:\/\/corailchaib.com\/produit\/collier-corail-4-250\/#breadcrumb","itemListElement":[{"@type":"ListItem","position":1,"name":"Accueil","item":"https:\/\/corailchaib.com\/"},{"@type":"ListItem","position":2,"name":"Boutique","item":"https:\/\/corailchaib.com\/boutique\/"},{"@type":"ListItem","position":3,"name":"Collier Corail 4-250"}]},{"@type":"WebSite","@id":"https:\/\/corailchaib.com\/#website","url":"https:\/\/corailchaib.com\/","name":"corailchaib.com","description":"Gioielli in Corallo Rosso","publisher":{"@id":"https:\/\/corailchaib.com\/#organization"},"alternateName":"Corail Chaib","potentialAction":[{"@type":"SearchAction","target":{"@type":"EntryPoint","urlTemplate":"https:\/\/corailchaib.com\/?s={search_term_string}"},"query-input":{"@type":"PropertyValueSpecification","valueRequired":true,"valueName":"search_term_string"}}],"inLanguage":"it-IT"},{"@type":"Organization","@id":"https:\/\/corailchaib.com\/#organization","name":"Corail Chaib","url":"https:\/\/corailchaib.com\/","logo":{"@type":"ImageObject","inLanguage":"it-IT","@id":"https:\/\/corailchaib.com\/#\/schema\/logo\/image\/","url":"https:\/\/corailchaib.com\/wp-content\/uploads\/2024\/01\/LogoP-removebg-preview.png","contentUrl":"https:\/\/corailchaib.com\/wp-content\/uploads\/2024\/01\/LogoP-removebg-preview.png","width":255,"height":266,"caption":"Corail Chaib"},"image":{"@id":"https:\/\/corailchaib.com\/#\/schema\/logo\/image\/"},"sameAs":["https:\/\/www.facebook.com\/Corailchaib","https:\/\/x.com\/CorailChaib","https:\/\/www.instagram.com\/corail.chaib\/?hl=fr"]}]}},"jetpack_sharing_enabled":true,"_links":{"self":[{"href":"https:\/\/corailchaib.com\/it\/wp-json\/wp\/v2\/product\/11477","targetHints":{"allow":["GET"]}}],"collection":[{"href":"https:\/\/corailchaib.com\/it\/wp-json\/wp\/v2\/product"}],"about":[{"href":"https:\/\/corailchaib.com\/it\/wp-json\/wp\/v2\/types\/product"}],"replies":[{"embeddable":true,"href":"https:\/\/corailchaib.com\/it\/wp-json\/wp\/v2\/comments?post=11477"}],"version-history":[{"count":7,"href":"https:\/\/corailchaib.com\/it\/wp-json\/wp\/v2\/product\/11477\/revisions"}],"predecessor-version":[{"id":11486,"href":"https:\/\/corailchaib.com\/it\/wp-json\/wp\/v2\/product\/11477\/revisions\/11486"}],"wp:featuredmedia":[{"embeddable":true,"href":"https:\/\/corailchaib.com\/it\/wp-json\/wp\/v2\/media\/11482"}],"wp:attachment":[{"href":"https:\/\/corailchaib.com\/it\/wp-json\/wp\/v2\/media?parent=11477"}],"wp:term":[{"taxonomy":"product_brand","embeddable":true,"href":"https:\/\/corailchaib.com\/it\/wp-json\/wp\/v2\/product_brand?post=11477"},{"taxonomy":"product_cat","embeddable":true,"href":"https:\/\/corailchaib.com\/it\/wp-json\/wp\/v2\/product_cat?post=11477"},{"taxonomy":"product_tag","embeddable":true,"href":"https:\/\/corailchaib.com\/it\/wp-json\/wp\/v2\/product_tag?post=11477"}],"curies":[{"name":"wp","href":"https:\/\/api.w.org\/{rel}","templated":true}]}}