{"id":3293,"date":"2020-12-14T12:19:29","date_gmt":"2020-12-14T11:19:29","guid":{"rendered":"https:\/\/corailchaib.com\/?post_type=product&#038;p=3293"},"modified":"2025-11-22T20:56:21","modified_gmt":"2025-11-22T19:56:21","slug":"bracelet-corail-en-torsade-copolino-oursin","status":"publish","type":"product","link":"https:\/\/corailchaib.com\/it\/prodotto\/bracelet-corail-en-torsade-copolino-oursin\/","title":{"rendered":"Bracciale in corallo 5-303"},"content":{"rendered":"<p>Bracciale in corallo 5-303<\/p>\n<p>Bracelet Torsad\u00e9 en corail rouge de M\u00e9diterran\u00e9e mont\u00e9es sur fil et fermoir en Inox.<\/p>\n<p>Compos\u00e9 de Trois rangs, Couleur rouge de qualit\u00e9 premier choix.<\/p>\n<p>Taille morceaux approximative 3 mm, longueur Bracelet 19cm.<\/p>\n<p>Tutti\u00a0<a href=\"https:\/\/corailchaib.com\/boutique\/\">i nostri gioielli<\/a>\u00a0sono fatti di corallo rosso (<a href=\"https:\/\/fr.wikipedia.org\/wiki\/Corail_rouge\" target=\"_blank\" rel=\"noopener\">Corallium rubrum<\/a>) catturato in Algeria.<\/p>","protected":false},"excerpt":{"rendered":"<p>\u2022 Pi\u00f9 le spese di spedizione calcolate al momento dell\u2019ordine.<br \/>\n\u2022 Livraison offerte des 20.000DA d\u2019achat.<\/p>","protected":false},"featured_media":5097,"comment_status":"open","ping_status":"closed","template":"","meta":{"site-sidebar-layout":"default","site-content-layout":"default","ast-site-content-layout":"default","site-content-style":"default","site-sidebar-style":"default","ast-global-header-display":"","ast-banner-title-visibility":"","ast-main-header-display":"","ast-hfb-above-header-display":"","ast-hfb-below-header-display":"","ast-hfb-mobile-header-display":"","site-post-title":"","ast-breadcrumbs-content":"","ast-featured-img":"","footer-sml-layout":"","ast-disable-related-posts":"","theme-transparent-header-meta":"default","adv-header-id-meta":"","stick-header-meta":"","header-above-stick-meta":"","header-main-stick-meta":"","header-below-stick-meta":"","astra-migrate-meta-layouts":"set","ast-page-background-enabled":"default","ast-page-background-meta":{"desktop":{"background-color":"","background-image":"","background-repeat":"repeat","background-position":"center center","background-size":"auto","background-attachment":"scroll","background-type":"","background-media":"","overlay-type":"","overlay-color":"","overlay-opacity":"","overlay-gradient":""},"tablet":{"background-color":"","background-image":"","background-repeat":"repeat","background-position":"center center","background-size":"auto","background-attachment":"scroll","background-type":"","background-media":"","overlay-type":"","overlay-color":"","overlay-opacity":"","overlay-gradient":""},"mobile":{"background-color":"","background-image":"","background-repeat":"repeat","background-position":"center center","background-size":"auto","background-attachment":"scroll","background-type":"","background-media":"","overlay-type":"","overlay-color":"","overlay-opacity":"","overlay-gradient":""}},"ast-content-background-meta":{"desktop":{"background-color":"var(--ast-global-color-5)","background-image":"","background-repeat":"repeat","background-position":"center center","background-size":"auto","background-attachment":"scroll","background-type":"","background-media":"","overlay-type":"","overlay-color":"","overlay-opacity":"","overlay-gradient":""},"tablet":{"background-color":"var(--ast-global-color-5)","background-image":"","background-repeat":"repeat","background-position":"center center","background-size":"auto","background-attachment":"scroll","background-type":"","background-media":"","overlay-type":"","overlay-color":"","overlay-opacity":"","overlay-gradient":""},"mobile":{"background-color":"var(--ast-global-color-5)","background-image":"","background-repeat":"repeat","background-position":"center center","background-size":"auto","background-attachment":"scroll","background-type":"","background-media":"","overlay-type":"","overlay-color":"","overlay-opacity":"","overlay-gradient":""}}},"product_brand":[],"product_cat":[61,71],"product_tag":[],"class_list":{"0":"post-3293","1":"product","2":"type-product","3":"status-publish","4":"has-post-thumbnail","6":"product_cat-bracelets-de-corail","7":"product_cat-monte-sur-acier-inoxydable","8":"desktop-align-center","9":"tablet-align-left","10":"mobile-align-left","12":"first","13":"outofstock","14":"featured","15":"shipping-taxable","16":"purchasable","17":"product-type-simple"},"yoast_head":"<!-- This site is optimized with the Yoast SEO plugin v27.1.1 - https:\/\/yoast.com\/product\/yoast-seo-wordpress\/ -->\n<title>Bracelet Corail 5-303 - Corail Chaib<\/title>\n<meta name=\"robots\" content=\"index, follow, max-snippet:-1, max-image-preview:large, max-video-preview:-1\" \/>\n<link rel=\"canonical\" href=\"https:\/\/corailchaib.com\/it\/prodotto\/bracelet-corail-en-torsade-copolino-oursin\/\" \/>\n<meta property=\"og:locale\" content=\"it_IT\" \/>\n<meta property=\"og:type\" content=\"article\" \/>\n<meta property=\"og:title\" content=\"Bracelet Corail 5-303 - Corail Chaib\" \/>\n<meta property=\"og:description\" content=\"\u2022 Plus frais d\u2019exp\u00e9dition calcul\u00e9s lors de la commande. \u2022 Livraison offerte des 20.000DA d\u2019achat.\" \/>\n<meta property=\"og:url\" content=\"https:\/\/corailchaib.com\/it\/prodotto\/bracelet-corail-en-torsade-copolino-oursin\/\" \/>\n<meta property=\"og:site_name\" content=\"Corail Chaib\" \/>\n<meta property=\"article:publisher\" content=\"https:\/\/www.facebook.com\/Corailchaib\" \/>\n<meta property=\"article:modified_time\" content=\"2025-11-22T19:56:21+00:00\" \/>\n<meta property=\"og:image\" content=\"https:\/\/corailchaib.com\/wp-content\/uploads\/2020\/12\/Copyright-\u00a9-Corail-Chaib-Copolino-12.jpg\" \/>\n\t<meta property=\"og:image:width\" content=\"900\" \/>\n\t<meta property=\"og:image:height\" content=\"900\" \/>\n\t<meta property=\"og:image:type\" content=\"image\/jpeg\" \/>\n<meta name=\"twitter:card\" content=\"summary_large_image\" \/>\n<meta name=\"twitter:site\" content=\"@CorailChaib\" \/>\n<meta name=\"twitter:label1\" content=\"Tempo di lettura stimato\" \/>\n\t<meta name=\"twitter:data1\" content=\"1 minuto\" \/>\n<script type=\"application\/ld+json\" class=\"yoast-schema-graph\">{\"@context\":\"https:\/\/schema.org\",\"@graph\":[{\"@type\":\"WebPage\",\"@id\":\"https:\/\/corailchaib.com\/produit\/bracelet-corail-en-torsade-copolino-oursin\/\",\"url\":\"https:\/\/corailchaib.com\/produit\/bracelet-corail-en-torsade-copolino-oursin\/\",\"name\":\"Bracelet Corail 5-303 - Corail Chaib\",\"isPartOf\":{\"@id\":\"https:\/\/corailchaib.com\/#website\"},\"primaryImageOfPage\":{\"@id\":\"https:\/\/corailchaib.com\/produit\/bracelet-corail-en-torsade-copolino-oursin\/#primaryimage\"},\"image\":{\"@id\":\"https:\/\/corailchaib.com\/produit\/bracelet-corail-en-torsade-copolino-oursin\/#primaryimage\"},\"thumbnailUrl\":\"https:\/\/corailchaib.com\/wp-content\/uploads\/2020\/12\/Copyright-\u00a9-Corail-Chaib-Copolino-12.jpg\",\"datePublished\":\"2020-12-14T11:19:29+00:00\",\"dateModified\":\"2025-11-22T19:56:21+00:00\",\"breadcrumb\":{\"@id\":\"https:\/\/corailchaib.com\/produit\/bracelet-corail-en-torsade-copolino-oursin\/#breadcrumb\"},\"inLanguage\":\"it-IT\",\"potentialAction\":[{\"@type\":\"ReadAction\",\"target\":[\"https:\/\/corailchaib.com\/produit\/bracelet-corail-en-torsade-copolino-oursin\/\"]}]},{\"@type\":\"ImageObject\",\"inLanguage\":\"it-IT\",\"@id\":\"https:\/\/corailchaib.com\/produit\/bracelet-corail-en-torsade-copolino-oursin\/#primaryimage\",\"url\":\"https:\/\/corailchaib.com\/wp-content\/uploads\/2020\/12\/Copyright-\u00a9-Corail-Chaib-Copolino-12.jpg\",\"contentUrl\":\"https:\/\/corailchaib.com\/wp-content\/uploads\/2020\/12\/Copyright-\u00a9-Corail-Chaib-Copolino-12.jpg\",\"width\":900,\"height\":900},{\"@type\":\"BreadcrumbList\",\"@id\":\"https:\/\/corailchaib.com\/produit\/bracelet-corail-en-torsade-copolino-oursin\/#breadcrumb\",\"itemListElement\":[{\"@type\":\"ListItem\",\"position\":1,\"name\":\"Accueil\",\"item\":\"https:\/\/corailchaib.com\/\"},{\"@type\":\"ListItem\",\"position\":2,\"name\":\"Boutique\",\"item\":\"https:\/\/corailchaib.com\/boutique\/\"},{\"@type\":\"ListItem\",\"position\":3,\"name\":\"Bracelet Corail 5-303\"}]},{\"@type\":\"WebSite\",\"@id\":\"https:\/\/corailchaib.com\/#website\",\"url\":\"https:\/\/corailchaib.com\/\",\"name\":\"corailchaib.com\",\"description\":\"Bijoux en Corail Rouge\",\"publisher\":{\"@id\":\"https:\/\/corailchaib.com\/#organization\"},\"alternateName\":\"Corail Chaib\",\"potentialAction\":[{\"@type\":\"SearchAction\",\"target\":{\"@type\":\"EntryPoint\",\"urlTemplate\":\"https:\/\/corailchaib.com\/?s={search_term_string}\"},\"query-input\":{\"@type\":\"PropertyValueSpecification\",\"valueRequired\":true,\"valueName\":\"search_term_string\"}}],\"inLanguage\":\"it-IT\"},{\"@type\":\"Organization\",\"@id\":\"https:\/\/corailchaib.com\/#organization\",\"name\":\"Corail Chaib\",\"url\":\"https:\/\/corailchaib.com\/\",\"logo\":{\"@type\":\"ImageObject\",\"inLanguage\":\"it-IT\",\"@id\":\"https:\/\/corailchaib.com\/#\/schema\/logo\/image\/\",\"url\":\"https:\/\/corailchaib.com\/wp-content\/uploads\/2024\/01\/LogoP-removebg-preview.png\",\"contentUrl\":\"https:\/\/corailchaib.com\/wp-content\/uploads\/2024\/01\/LogoP-removebg-preview.png\",\"width\":255,\"height\":266,\"caption\":\"Corail Chaib\"},\"image\":{\"@id\":\"https:\/\/corailchaib.com\/#\/schema\/logo\/image\/\"},\"sameAs\":[\"https:\/\/www.facebook.com\/Corailchaib\",\"https:\/\/x.com\/CorailChaib\",\"https:\/\/www.instagram.com\/corail.chaib\/?hl=fr\"]}]}<\/script>\n<!-- \/ Yoast SEO plugin. -->","yoast_head_json":{"title":"Bracelet Corail 5-303 - Corail Chaib","robots":{"index":"index","follow":"follow","max-snippet":"max-snippet:-1","max-image-preview":"max-image-preview:large","max-video-preview":"max-video-preview:-1"},"canonical":"https:\/\/corailchaib.com\/it\/prodotto\/bracelet-corail-en-torsade-copolino-oursin\/","og_locale":"it_IT","og_type":"article","og_title":"Bracelet Corail 5-303 - Corail Chaib","og_description":"\u2022 Plus frais d\u2019exp\u00e9dition calcul\u00e9s lors de la commande. \u2022 Livraison offerte des 20.000DA d\u2019achat.","og_url":"https:\/\/corailchaib.com\/it\/prodotto\/bracelet-corail-en-torsade-copolino-oursin\/","og_site_name":"Corail Chaib","article_publisher":"https:\/\/www.facebook.com\/Corailchaib","article_modified_time":"2025-11-22T19:56:21+00:00","og_image":[{"width":900,"height":900,"url":"https:\/\/corailchaib.com\/wp-content\/uploads\/2020\/12\/Copyright-\u00a9-Corail-Chaib-Copolino-12.jpg","type":"image\/jpeg"}],"twitter_card":"summary_large_image","twitter_site":"@CorailChaib","twitter_misc":{"Tempo di lettura stimato":"1 minuto"},"schema":{"@context":"https:\/\/schema.org","@graph":[{"@type":"WebPage","@id":"https:\/\/corailchaib.com\/produit\/bracelet-corail-en-torsade-copolino-oursin\/","url":"https:\/\/corailchaib.com\/produit\/bracelet-corail-en-torsade-copolino-oursin\/","name":"Bracelet Corail 5-303 - Corail Chaib","isPartOf":{"@id":"https:\/\/corailchaib.com\/#website"},"primaryImageOfPage":{"@id":"https:\/\/corailchaib.com\/produit\/bracelet-corail-en-torsade-copolino-oursin\/#primaryimage"},"image":{"@id":"https:\/\/corailchaib.com\/produit\/bracelet-corail-en-torsade-copolino-oursin\/#primaryimage"},"thumbnailUrl":"https:\/\/corailchaib.com\/wp-content\/uploads\/2020\/12\/Copyright-\u00a9-Corail-Chaib-Copolino-12.jpg","datePublished":"2020-12-14T11:19:29+00:00","dateModified":"2025-11-22T19:56:21+00:00","breadcrumb":{"@id":"https:\/\/corailchaib.com\/produit\/bracelet-corail-en-torsade-copolino-oursin\/#breadcrumb"},"inLanguage":"it-IT","potentialAction":[{"@type":"ReadAction","target":["https:\/\/corailchaib.com\/produit\/bracelet-corail-en-torsade-copolino-oursin\/"]}]},{"@type":"ImageObject","inLanguage":"it-IT","@id":"https:\/\/corailchaib.com\/produit\/bracelet-corail-en-torsade-copolino-oursin\/#primaryimage","url":"https:\/\/corailchaib.com\/wp-content\/uploads\/2020\/12\/Copyright-\u00a9-Corail-Chaib-Copolino-12.jpg","contentUrl":"https:\/\/corailchaib.com\/wp-content\/uploads\/2020\/12\/Copyright-\u00a9-Corail-Chaib-Copolino-12.jpg","width":900,"height":900},{"@type":"BreadcrumbList","@id":"https:\/\/corailchaib.com\/produit\/bracelet-corail-en-torsade-copolino-oursin\/#breadcrumb","itemListElement":[{"@type":"ListItem","position":1,"name":"Accueil","item":"https:\/\/corailchaib.com\/"},{"@type":"ListItem","position":2,"name":"Boutique","item":"https:\/\/corailchaib.com\/boutique\/"},{"@type":"ListItem","position":3,"name":"Bracelet Corail 5-303"}]},{"@type":"WebSite","@id":"https:\/\/corailchaib.com\/#website","url":"https:\/\/corailchaib.com\/","name":"corailchaib.com","description":"Gioielli in Corallo Rosso","publisher":{"@id":"https:\/\/corailchaib.com\/#organization"},"alternateName":"Corail Chaib","potentialAction":[{"@type":"SearchAction","target":{"@type":"EntryPoint","urlTemplate":"https:\/\/corailchaib.com\/?s={search_term_string}"},"query-input":{"@type":"PropertyValueSpecification","valueRequired":true,"valueName":"search_term_string"}}],"inLanguage":"it-IT"},{"@type":"Organization","@id":"https:\/\/corailchaib.com\/#organization","name":"Corail Chaib","url":"https:\/\/corailchaib.com\/","logo":{"@type":"ImageObject","inLanguage":"it-IT","@id":"https:\/\/corailchaib.com\/#\/schema\/logo\/image\/","url":"https:\/\/corailchaib.com\/wp-content\/uploads\/2024\/01\/LogoP-removebg-preview.png","contentUrl":"https:\/\/corailchaib.com\/wp-content\/uploads\/2024\/01\/LogoP-removebg-preview.png","width":255,"height":266,"caption":"Corail Chaib"},"image":{"@id":"https:\/\/corailchaib.com\/#\/schema\/logo\/image\/"},"sameAs":["https:\/\/www.facebook.com\/Corailchaib","https:\/\/x.com\/CorailChaib","https:\/\/www.instagram.com\/corail.chaib\/?hl=fr"]}]}},"jetpack_sharing_enabled":true,"_links":{"self":[{"href":"https:\/\/corailchaib.com\/it\/wp-json\/wp\/v2\/product\/3293","targetHints":{"allow":["GET"]}}],"collection":[{"href":"https:\/\/corailchaib.com\/it\/wp-json\/wp\/v2\/product"}],"about":[{"href":"https:\/\/corailchaib.com\/it\/wp-json\/wp\/v2\/types\/product"}],"replies":[{"embeddable":true,"href":"https:\/\/corailchaib.com\/it\/wp-json\/wp\/v2\/comments?post=3293"}],"version-history":[{"count":4,"href":"https:\/\/corailchaib.com\/it\/wp-json\/wp\/v2\/product\/3293\/revisions"}],"predecessor-version":[{"id":12760,"href":"https:\/\/corailchaib.com\/it\/wp-json\/wp\/v2\/product\/3293\/revisions\/12760"}],"wp:featuredmedia":[{"embeddable":true,"href":"https:\/\/corailchaib.com\/it\/wp-json\/wp\/v2\/media\/5097"}],"wp:attachment":[{"href":"https:\/\/corailchaib.com\/it\/wp-json\/wp\/v2\/media?parent=3293"}],"wp:term":[{"taxonomy":"product_brand","embeddable":true,"href":"https:\/\/corailchaib.com\/it\/wp-json\/wp\/v2\/product_brand?post=3293"},{"taxonomy":"product_cat","embeddable":true,"href":"https:\/\/corailchaib.com\/it\/wp-json\/wp\/v2\/product_cat?post=3293"},{"taxonomy":"product_tag","embeddable":true,"href":"https:\/\/corailchaib.com\/it\/wp-json\/wp\/v2\/product_tag?post=3293"}],"curies":[{"name":"wp","href":"https:\/\/api.w.org\/{rel}","templated":true}]}}