{"id":11138,"date":"2025-06-15T22:31:52","date_gmt":"2025-06-15T21:31:52","guid":{"rendered":"https:\/\/corailchaib.com\/?post_type=product&#038;p=11138"},"modified":"2025-11-22T20:56:12","modified_gmt":"2025-11-22T19:56:12","slug":"trio-corail-4-701","status":"publish","type":"product","link":"https:\/\/corailchaib.com\/pt\/produto\/trio-corail-4-701\/","title":{"rendered":"Trio Coral 4-701"},"content":{"rendered":"<p>Trio Coral 4-701<\/p>\n<p>Trio en Perles tiss\u00e9es, corail rouge de M\u00e9diterran\u00e9e mont\u00e9 sur\u00a0 Accessoires en Or lamin\u00e9.<\/p>\n<p>Dimensions des perles 3 mm, longueur Collier 43cm, Bracelet 19cm, Boucle d&rsquo;oreille 2,5cm.<\/p>\n<p>Poids net corail 47g, Or lamin\u00e9 6,8g.<\/p>\n<p>Todos\u00a0<a href=\"https:\/\/corailchaib.com\/boutique\/\">as nossas j\u00f3ias<\/a>\u00a0s\u00e3o feitos de coral vermelho (<a href=\"https:\/\/fr.wikipedia.org\/wiki\/Corail_rouge\" target=\"_blank\" rel=\"noopener\">Corallium rubrum<\/a>) capturados na Arg\u00e9lia.<\/p>","protected":false},"excerpt":{"rendered":"<p>\u2022 Mais as taxas de envio calculadas no momento da compra.<\/p>","protected":false},"featured_media":11393,"comment_status":"open","ping_status":"closed","template":"","meta":{"site-sidebar-layout":"default","site-content-layout":"default","ast-site-content-layout":"default","site-content-style":"default","site-sidebar-style":"default","ast-global-header-display":"","ast-banner-title-visibility":"","ast-main-header-display":"","ast-hfb-above-header-display":"","ast-hfb-below-header-display":"","ast-hfb-mobile-header-display":"","site-post-title":"","ast-breadcrumbs-content":"","ast-featured-img":"","footer-sml-layout":"","ast-disable-related-posts":"","theme-transparent-header-meta":"default","adv-header-id-meta":"","stick-header-meta":"default","header-above-stick-meta":"","header-main-stick-meta":"","header-below-stick-meta":"","astra-migrate-meta-layouts":"set","ast-page-background-enabled":"default","ast-page-background-meta":{"desktop":{"background-color":"","background-image":"","background-repeat":"repeat","background-position":"center center","background-size":"auto","background-attachment":"scroll","background-type":"","background-media":"","overlay-type":"","overlay-color":"","overlay-opacity":"","overlay-gradient":""},"tablet":{"background-color":"","background-image":"","background-repeat":"repeat","background-position":"center center","background-size":"auto","background-attachment":"scroll","background-type":"","background-media":"","overlay-type":"","overlay-color":"","overlay-opacity":"","overlay-gradient":""},"mobile":{"background-color":"","background-image":"","background-repeat":"repeat","background-position":"center center","background-size":"auto","background-attachment":"scroll","background-type":"","background-media":"","overlay-type":"","overlay-color":"","overlay-opacity":"","overlay-gradient":""}},"ast-content-background-meta":{"desktop":{"background-color":"var(--ast-global-color-5)","background-image":"","background-repeat":"repeat","background-position":"center center","background-size":"auto","background-attachment":"scroll","background-type":"","background-media":"","overlay-type":"","overlay-color":"","overlay-opacity":"","overlay-gradient":""},"tablet":{"background-color":"var(--ast-global-color-5)","background-image":"","background-repeat":"repeat","background-position":"center center","background-size":"auto","background-attachment":"scroll","background-type":"","background-media":"","overlay-type":"","overlay-color":"","overlay-opacity":"","overlay-gradient":""},"mobile":{"background-color":"var(--ast-global-color-5)","background-image":"","background-repeat":"repeat","background-position":"center center","background-size":"auto","background-attachment":"scroll","background-type":"","background-media":"","overlay-type":"","overlay-color":"","overlay-opacity":"","overlay-gradient":""}}},"product_brand":[],"product_cat":[68,62],"product_tag":[],"class_list":{"0":"post-11138","1":"product","2":"type-product","3":"status-publish","4":"has-post-thumbnail","6":"product_cat-monte-sur-or-lamine-14-carats","7":"product_cat-parures","8":"desktop-align-center","9":"tablet-align-left","10":"mobile-align-left","12":"first","13":"outofstock","14":"featured","15":"shipping-taxable","16":"purchasable","17":"product-type-simple"},"yoast_head":"<!-- This site is optimized with the Yoast SEO plugin v27.4 - https:\/\/yoast.com\/product\/yoast-seo-wordpress\/ -->\n<title>Trio Corail 4-701 - Corail Chaib<\/title>\n<meta name=\"description\" content=\"Trio Corail 4-701 \/Trio en Perles tiss\u00e9es, corail rouge de M\u00e9diterran\u00e9e mont\u00e9 sur\u00a0 Accessoires en Or lamin\u00e9.Dimensions des perles 3 mm.\" \/>\n<meta name=\"robots\" content=\"index, follow, max-snippet:-1, max-image-preview:large, max-video-preview:-1\" \/>\n<link rel=\"canonical\" href=\"https:\/\/corailchaib.com\/pt\/produto\/trio-corail-4-701\/\" \/>\n<meta property=\"og:locale\" content=\"pt_PT\" \/>\n<meta property=\"og:type\" content=\"article\" \/>\n<meta property=\"og:title\" content=\"Trio Corail 4-701 - Corail Chaib\" \/>\n<meta property=\"og:description\" content=\"Trio Corail 4-701 \/Trio en Perles tiss\u00e9es, corail rouge de M\u00e9diterran\u00e9e mont\u00e9 sur\u00a0 Accessoires en Or lamin\u00e9.Dimensions des perles 3 mm.\" \/>\n<meta property=\"og:url\" content=\"https:\/\/corailchaib.com\/pt\/produto\/trio-corail-4-701\/\" \/>\n<meta property=\"og:site_name\" content=\"Corail Chaib\" \/>\n<meta property=\"article:publisher\" content=\"https:\/\/www.facebook.com\/Corailchaib\" \/>\n<meta property=\"article:modified_time\" content=\"2025-11-22T19:56:12+00:00\" \/>\n<meta property=\"og:image\" content=\"https:\/\/corailchaib.com\/wp-content\/uploads\/2025\/06\/Trio-Corail-4-701-27.webp\" \/>\n\t<meta property=\"og:image:width\" content=\"900\" \/>\n\t<meta property=\"og:image:height\" content=\"900\" \/>\n\t<meta property=\"og:image:type\" content=\"image\/webp\" \/>\n<meta name=\"twitter:card\" content=\"summary_large_image\" \/>\n<meta name=\"twitter:site\" content=\"@CorailChaib\" \/>\n<meta name=\"twitter:label1\" content=\"Tempo estimado de leitura\" \/>\n\t<meta name=\"twitter:data1\" content=\"1 minuto\" \/>\n<script type=\"application\/ld+json\" class=\"yoast-schema-graph\">{\"@context\":\"https:\\\/\\\/schema.org\",\"@graph\":[{\"@type\":\"WebPage\",\"@id\":\"https:\\\/\\\/corailchaib.com\\\/produit\\\/trio-corail-4-701\\\/\",\"url\":\"https:\\\/\\\/corailchaib.com\\\/produit\\\/trio-corail-4-701\\\/\",\"name\":\"Trio Corail 4-701 - Corail Chaib\",\"isPartOf\":{\"@id\":\"https:\\\/\\\/corailchaib.com\\\/#website\"},\"primaryImageOfPage\":{\"@id\":\"https:\\\/\\\/corailchaib.com\\\/produit\\\/trio-corail-4-701\\\/#primaryimage\"},\"image\":{\"@id\":\"https:\\\/\\\/corailchaib.com\\\/produit\\\/trio-corail-4-701\\\/#primaryimage\"},\"thumbnailUrl\":\"https:\\\/\\\/corailchaib.com\\\/wp-content\\\/uploads\\\/2025\\\/06\\\/Trio-Corail-4-701-27.webp\",\"datePublished\":\"2025-06-15T21:31:52+00:00\",\"dateModified\":\"2025-11-22T19:56:12+00:00\",\"description\":\"Trio Corail 4-701 \\\/Trio en Perles tiss\u00e9es, corail rouge de M\u00e9diterran\u00e9e mont\u00e9 sur\u00a0 Accessoires en Or lamin\u00e9.Dimensions des perles 3 mm.\",\"breadcrumb\":{\"@id\":\"https:\\\/\\\/corailchaib.com\\\/produit\\\/trio-corail-4-701\\\/#breadcrumb\"},\"inLanguage\":\"pt-PT\",\"potentialAction\":[{\"@type\":\"ReadAction\",\"target\":[\"https:\\\/\\\/corailchaib.com\\\/produit\\\/trio-corail-4-701\\\/\"]}]},{\"@type\":\"ImageObject\",\"inLanguage\":\"pt-PT\",\"@id\":\"https:\\\/\\\/corailchaib.com\\\/produit\\\/trio-corail-4-701\\\/#primaryimage\",\"url\":\"https:\\\/\\\/corailchaib.com\\\/wp-content\\\/uploads\\\/2025\\\/06\\\/Trio-Corail-4-701-27.webp\",\"contentUrl\":\"https:\\\/\\\/corailchaib.com\\\/wp-content\\\/uploads\\\/2025\\\/06\\\/Trio-Corail-4-701-27.webp\",\"width\":900,\"height\":900},{\"@type\":\"BreadcrumbList\",\"@id\":\"https:\\\/\\\/corailchaib.com\\\/produit\\\/trio-corail-4-701\\\/#breadcrumb\",\"itemListElement\":[{\"@type\":\"ListItem\",\"position\":1,\"name\":\"Accueil\",\"item\":\"https:\\\/\\\/corailchaib.com\\\/\"},{\"@type\":\"ListItem\",\"position\":2,\"name\":\"Boutique\",\"item\":\"https:\\\/\\\/corailchaib.com\\\/boutique\\\/\"},{\"@type\":\"ListItem\",\"position\":3,\"name\":\"Trio Corail 4-701\"}]},{\"@type\":\"WebSite\",\"@id\":\"https:\\\/\\\/corailchaib.com\\\/#website\",\"url\":\"https:\\\/\\\/corailchaib.com\\\/\",\"name\":\"corailchaib.com\",\"description\":\"Bijoux en Corail Rouge\",\"publisher\":{\"@id\":\"https:\\\/\\\/corailchaib.com\\\/#organization\"},\"alternateName\":\"Corail Chaib\",\"potentialAction\":[{\"@type\":\"SearchAction\",\"target\":{\"@type\":\"EntryPoint\",\"urlTemplate\":\"https:\\\/\\\/corailchaib.com\\\/?s={search_term_string}\"},\"query-input\":{\"@type\":\"PropertyValueSpecification\",\"valueRequired\":true,\"valueName\":\"search_term_string\"}}],\"inLanguage\":\"pt-PT\"},{\"@type\":\"Organization\",\"@id\":\"https:\\\/\\\/corailchaib.com\\\/#organization\",\"name\":\"Corail Chaib\",\"url\":\"https:\\\/\\\/corailchaib.com\\\/\",\"logo\":{\"@type\":\"ImageObject\",\"inLanguage\":\"pt-PT\",\"@id\":\"https:\\\/\\\/corailchaib.com\\\/#\\\/schema\\\/logo\\\/image\\\/\",\"url\":\"https:\\\/\\\/corailchaib.com\\\/wp-content\\\/uploads\\\/2024\\\/01\\\/LogoP-removebg-preview.png\",\"contentUrl\":\"https:\\\/\\\/corailchaib.com\\\/wp-content\\\/uploads\\\/2024\\\/01\\\/LogoP-removebg-preview.png\",\"width\":255,\"height\":266,\"caption\":\"Corail Chaib\"},\"image\":{\"@id\":\"https:\\\/\\\/corailchaib.com\\\/#\\\/schema\\\/logo\\\/image\\\/\"},\"sameAs\":[\"https:\\\/\\\/www.facebook.com\\\/Corailchaib\",\"https:\\\/\\\/x.com\\\/CorailChaib\",\"https:\\\/\\\/www.instagram.com\\\/corail.chaib\\\/?hl=fr\"]}]}<\/script>\n<!-- \/ Yoast SEO plugin. -->","yoast_head_json":{"title":"Trio Corail 4-701 - Corail Chaib","description":"Trio Corail 4-701 \/Trio en Perles tiss\u00e9es, corail rouge de M\u00e9diterran\u00e9e mont\u00e9 sur\u00a0 Accessoires en Or lamin\u00e9.Dimensions des perles 3 mm.","robots":{"index":"index","follow":"follow","max-snippet":"max-snippet:-1","max-image-preview":"max-image-preview:large","max-video-preview":"max-video-preview:-1"},"canonical":"https:\/\/corailchaib.com\/pt\/produto\/trio-corail-4-701\/","og_locale":"pt_PT","og_type":"article","og_title":"Trio Corail 4-701 - Corail Chaib","og_description":"Trio Corail 4-701 \/Trio en Perles tiss\u00e9es, corail rouge de M\u00e9diterran\u00e9e mont\u00e9 sur\u00a0 Accessoires en Or lamin\u00e9.Dimensions des perles 3 mm.","og_url":"https:\/\/corailchaib.com\/pt\/produto\/trio-corail-4-701\/","og_site_name":"Corail Chaib","article_publisher":"https:\/\/www.facebook.com\/Corailchaib","article_modified_time":"2025-11-22T19:56:12+00:00","og_image":[{"width":900,"height":900,"url":"https:\/\/corailchaib.com\/wp-content\/uploads\/2025\/06\/Trio-Corail-4-701-27.webp","type":"image\/webp"}],"twitter_card":"summary_large_image","twitter_site":"@CorailChaib","twitter_misc":{"Tempo estimado de leitura":"1 minuto"},"schema":{"@context":"https:\/\/schema.org","@graph":[{"@type":"WebPage","@id":"https:\/\/corailchaib.com\/produit\/trio-corail-4-701\/","url":"https:\/\/corailchaib.com\/produit\/trio-corail-4-701\/","name":"Trio Corail 4-701 - Corail Chaib","isPartOf":{"@id":"https:\/\/corailchaib.com\/#website"},"primaryImageOfPage":{"@id":"https:\/\/corailchaib.com\/produit\/trio-corail-4-701\/#primaryimage"},"image":{"@id":"https:\/\/corailchaib.com\/produit\/trio-corail-4-701\/#primaryimage"},"thumbnailUrl":"https:\/\/corailchaib.com\/wp-content\/uploads\/2025\/06\/Trio-Corail-4-701-27.webp","datePublished":"2025-06-15T21:31:52+00:00","dateModified":"2025-11-22T19:56:12+00:00","description":"Trio Corail 4-701 \/Trio en Perles tiss\u00e9es, corail rouge de M\u00e9diterran\u00e9e mont\u00e9 sur\u00a0 Accessoires en Or lamin\u00e9.Dimensions des perles 3 mm.","breadcrumb":{"@id":"https:\/\/corailchaib.com\/produit\/trio-corail-4-701\/#breadcrumb"},"inLanguage":"pt-PT","potentialAction":[{"@type":"ReadAction","target":["https:\/\/corailchaib.com\/produit\/trio-corail-4-701\/"]}]},{"@type":"ImageObject","inLanguage":"pt-PT","@id":"https:\/\/corailchaib.com\/produit\/trio-corail-4-701\/#primaryimage","url":"https:\/\/corailchaib.com\/wp-content\/uploads\/2025\/06\/Trio-Corail-4-701-27.webp","contentUrl":"https:\/\/corailchaib.com\/wp-content\/uploads\/2025\/06\/Trio-Corail-4-701-27.webp","width":900,"height":900},{"@type":"BreadcrumbList","@id":"https:\/\/corailchaib.com\/produit\/trio-corail-4-701\/#breadcrumb","itemListElement":[{"@type":"ListItem","position":1,"name":"Accueil","item":"https:\/\/corailchaib.com\/"},{"@type":"ListItem","position":2,"name":"Boutique","item":"https:\/\/corailchaib.com\/boutique\/"},{"@type":"ListItem","position":3,"name":"Trio Corail 4-701"}]},{"@type":"WebSite","@id":"https:\/\/corailchaib.com\/#website","url":"https:\/\/corailchaib.com\/","name":"corailchaib.com","description":"J\u00f3ias de Coral Vermelho","publisher":{"@id":"https:\/\/corailchaib.com\/#organization"},"alternateName":"Corail Chaib","potentialAction":[{"@type":"SearchAction","target":{"@type":"EntryPoint","urlTemplate":"https:\/\/corailchaib.com\/?s={search_term_string}"},"query-input":{"@type":"PropertyValueSpecification","valueRequired":true,"valueName":"search_term_string"}}],"inLanguage":"pt-PT"},{"@type":"Organization","@id":"https:\/\/corailchaib.com\/#organization","name":"Corail Chaib","url":"https:\/\/corailchaib.com\/","logo":{"@type":"ImageObject","inLanguage":"pt-PT","@id":"https:\/\/corailchaib.com\/#\/schema\/logo\/image\/","url":"https:\/\/corailchaib.com\/wp-content\/uploads\/2024\/01\/LogoP-removebg-preview.png","contentUrl":"https:\/\/corailchaib.com\/wp-content\/uploads\/2024\/01\/LogoP-removebg-preview.png","width":255,"height":266,"caption":"Corail Chaib"},"image":{"@id":"https:\/\/corailchaib.com\/#\/schema\/logo\/image\/"},"sameAs":["https:\/\/www.facebook.com\/Corailchaib","https:\/\/x.com\/CorailChaib","https:\/\/www.instagram.com\/corail.chaib\/?hl=fr"]}]}},"jetpack_sharing_enabled":true,"_links":{"self":[{"href":"https:\/\/corailchaib.com\/pt\/wp-json\/wp\/v2\/product\/11138","targetHints":{"allow":["GET"]}}],"collection":[{"href":"https:\/\/corailchaib.com\/pt\/wp-json\/wp\/v2\/product"}],"about":[{"href":"https:\/\/corailchaib.com\/pt\/wp-json\/wp\/v2\/types\/product"}],"replies":[{"embeddable":true,"href":"https:\/\/corailchaib.com\/pt\/wp-json\/wp\/v2\/comments?post=11138"}],"version-history":[{"count":4,"href":"https:\/\/corailchaib.com\/pt\/wp-json\/wp\/v2\/product\/11138\/revisions"}],"predecessor-version":[{"id":12591,"href":"https:\/\/corailchaib.com\/pt\/wp-json\/wp\/v2\/product\/11138\/revisions\/12591"}],"wp:featuredmedia":[{"embeddable":true,"href":"https:\/\/corailchaib.com\/pt\/wp-json\/wp\/v2\/media\/11393"}],"wp:attachment":[{"href":"https:\/\/corailchaib.com\/pt\/wp-json\/wp\/v2\/media?parent=11138"}],"wp:term":[{"taxonomy":"product_brand","embeddable":true,"href":"https:\/\/corailchaib.com\/pt\/wp-json\/wp\/v2\/product_brand?post=11138"},{"taxonomy":"product_cat","embeddable":true,"href":"https:\/\/corailchaib.com\/pt\/wp-json\/wp\/v2\/product_cat?post=11138"},{"taxonomy":"product_tag","embeddable":true,"href":"https:\/\/corailchaib.com\/pt\/wp-json\/wp\/v2\/product_tag?post=11138"}],"curies":[{"name":"wp","href":"https:\/\/api.w.org\/{rel}","templated":true}]}}