{"id":13252,"date":"2026-01-16T11:04:53","date_gmt":"2026-01-16T10:04:53","guid":{"rendered":"https:\/\/corailchaib.com\/?post_type=product&#038;p=13252"},"modified":"2026-05-02T10:43:36","modified_gmt":"2026-05-02T09:43:36","slug":"collier-corail-4-211","status":"publish","type":"product","link":"https:\/\/corailchaib.com\/pt\/produto\/collier-corail-4-211\/","title":{"rendered":"Colar de coral 4-211"},"content":{"rendered":"<h2 data-start=\"163\" data-end=\"186\">Colar de coral 4-211<\/h2>\n<p data-start=\"188\" data-end=\"475\">Realce o seu decote com este colar refinado em coral vermelho natural do Mediterr\u00e2neo, lapidado em esferas e montado em ouro laminado para um acabamento luminoso e elegante. O seu pendente com 3 esferas traz um toque chique e harmonioso, perfeito para um visual moderno e sofisticado.<\/p>\n<p data-start=\"477\" data-end=\"512\">\u2728 Caracter\u00edsticas do produto:<\/p>\n<ul data-start=\"514\" data-end=\"896\">\n<li data-start=\"514\" data-end=\"613\">\n<p data-start=\"516\" data-end=\"613\">Coral vermelho natural do Mediterr\u00e2neo, lapidado em esferas redondas, cuidadosamente selecionadas.<\/p>\n<\/li>\n<li data-start=\"614\" data-end=\"696\">\n<p data-start=\"616\" data-end=\"696\">Pendente elegante composto por 3 esferas, para um resultado equilibrado e refinado.<\/p>\n<\/li>\n<li data-start=\"697\" data-end=\"748\">\n<p data-start=\"699\" data-end=\"748\">Montagem em ouro laminado, dur\u00e1vel e brilhante.<\/p>\n<\/li>\n<li data-start=\"749\" data-end=\"821\">\n<p data-start=\"751\" data-end=\"821\">Tamanho das esferas: 10 mm, para um efeito vis\u00edvel e elegante.<\/p>\n<\/li>\n<li data-start=\"822\" data-end=\"896\">\n<p data-start=\"824\" data-end=\"896\">Comprimento do colar: 45 cm, ideal para valorizar o pesco\u00e7o.<\/p>\n<\/li>\n<\/ul>\n<p data-start=\"898\" data-end=\"1041\">\ud83d\udc8e Ideal para:<br data-start=\"917\" data-end=\"920\" \/>Um presente refinado, uma ocasi\u00e3o especial ou para adicionar um toque de cor e prest\u00edgio aos seus looks do dia a dia.<\/p>\n<p>Todos\u00a0<a href=\"https:\/\/corailchaib.com\/boutique\/\">as nossas j\u00f3ias<\/a>\u00a0s\u00e3o feitos de coral vermelho (<a href=\"https:\/\/fr.wikipedia.org\/wiki\/Corail_rouge\" target=\"_blank\" rel=\"noopener\">Corallium rubrum<\/a>) capturados na Arg\u00e9lia.<\/p>","protected":false},"excerpt":{"rendered":"<p>- Mais os custos de envio calculados aquando da encomenda.<\/p>","protected":false},"featured_media":13253,"comment_status":"open","ping_status":"closed","template":"","meta":{"site-sidebar-layout":"default","site-content-layout":"","ast-site-content-layout":"default","site-content-style":"default","site-sidebar-style":"default","ast-global-header-display":"","ast-banner-title-visibility":"","ast-main-header-display":"","ast-hfb-above-header-display":"","ast-hfb-below-header-display":"","ast-hfb-mobile-header-display":"","site-post-title":"","ast-breadcrumbs-content":"","ast-featured-img":"","footer-sml-layout":"","ast-disable-related-posts":"","theme-transparent-header-meta":"default","adv-header-id-meta":"","stick-header-meta":"default","header-above-stick-meta":"","header-main-stick-meta":"","header-below-stick-meta":"","astra-migrate-meta-layouts":"set","ast-page-background-enabled":"default","ast-page-background-meta":{"desktop":{"background-color":"","background-image":"","background-repeat":"repeat","background-position":"center center","background-size":"auto","background-attachment":"scroll","background-type":"","background-media":"","overlay-type":"","overlay-color":"","overlay-opacity":"","overlay-gradient":""},"tablet":{"background-color":"","background-image":"","background-repeat":"repeat","background-position":"center center","background-size":"auto","background-attachment":"scroll","background-type":"","background-media":"","overlay-type":"","overlay-color":"","overlay-opacity":"","overlay-gradient":""},"mobile":{"background-color":"","background-image":"","background-repeat":"repeat","background-position":"center center","background-size":"auto","background-attachment":"scroll","background-type":"","background-media":"","overlay-type":"","overlay-color":"","overlay-opacity":"","overlay-gradient":""}},"ast-content-background-meta":{"desktop":{"background-color":"var(--ast-global-color-5)","background-image":"","background-repeat":"repeat","background-position":"center center","background-size":"auto","background-attachment":"scroll","background-type":"","background-media":"","overlay-type":"","overlay-color":"","overlay-opacity":"","overlay-gradient":""},"tablet":{"background-color":"var(--ast-global-color-5)","background-image":"","background-repeat":"repeat","background-position":"center center","background-size":"auto","background-attachment":"scroll","background-type":"","background-media":"","overlay-type":"","overlay-color":"","overlay-opacity":"","overlay-gradient":""},"mobile":{"background-color":"var(--ast-global-color-5)","background-image":"","background-repeat":"repeat","background-position":"center center","background-size":"auto","background-attachment":"scroll","background-type":"","background-media":"","overlay-type":"","overlay-color":"","overlay-opacity":"","overlay-gradient":""}}},"product_brand":[],"product_cat":[23,68],"product_tag":[],"class_list":{"0":"post-13252","1":"product","2":"type-product","3":"status-publish","4":"has-post-thumbnail","6":"product_cat-colliers","7":"product_cat-monte-sur-or-lamine-14-carats","8":"desktop-align-center","9":"tablet-align-left","10":"mobile-align-left","12":"first","13":"outofstock","14":"featured","15":"shipping-taxable","16":"purchasable","17":"product-type-simple"},"yoast_head":"<!-- This site is optimized with the Yoast SEO plugin v27.4 - https:\/\/yoast.com\/product\/yoast-seo-wordpress\/ -->\n<title>Collier Corail 4-211 - Corail Chaib<\/title>\n<meta name=\"description\" content=\"Collier Corail 4-211 \/ Collier\u00a0 de corail rouge de M\u00e9diterran\u00e9e, taill\u00e9 en Boules corail Q 2,75, mont\u00e9es sur Or Lamin\u00e9, Taille des boules 10 mm.\" \/>\n<meta name=\"robots\" content=\"index, follow, max-snippet:-1, max-image-preview:large, max-video-preview:-1\" \/>\n<link rel=\"canonical\" href=\"https:\/\/corailchaib.com\/pt\/produto\/collier-corail-4-211\/\" \/>\n<meta property=\"og:locale\" content=\"pt_PT\" \/>\n<meta property=\"og:type\" content=\"article\" \/>\n<meta property=\"og:title\" content=\"Collier Corail 4-211 - Corail Chaib\" \/>\n<meta property=\"og:description\" content=\"Collier Corail 4-211 \/ Collier\u00a0 de corail rouge de M\u00e9diterran\u00e9e, taill\u00e9 en Boules corail Q 2,75, mont\u00e9es sur Or Lamin\u00e9, Taille des boules 10 mm.\" \/>\n<meta property=\"og:url\" content=\"https:\/\/corailchaib.com\/pt\/produto\/collier-corail-4-211\/\" \/>\n<meta property=\"og:site_name\" content=\"Corail Chaib\" \/>\n<meta property=\"article:publisher\" content=\"https:\/\/www.facebook.com\/Corailchaib\" \/>\n<meta property=\"article:modified_time\" content=\"2026-05-02T09:43:36+00:00\" \/>\n<meta property=\"og:image\" content=\"https:\/\/corailchaib.com\/wp-content\/uploads\/2026\/01\/Collier-Corail-4-211-3.webp\" \/>\n\t<meta property=\"og:image:width\" content=\"900\" \/>\n\t<meta property=\"og:image:height\" content=\"900\" \/>\n\t<meta property=\"og:image:type\" content=\"image\/webp\" \/>\n<meta name=\"twitter:card\" content=\"summary_large_image\" \/>\n<meta name=\"twitter:site\" content=\"@CorailChaib\" \/>\n<meta name=\"twitter:label1\" content=\"Tempo estimado de leitura\" \/>\n\t<meta name=\"twitter:data1\" content=\"1 minuto\" \/>\n<script type=\"application\/ld+json\" class=\"yoast-schema-graph\">{\"@context\":\"https:\\\/\\\/schema.org\",\"@graph\":[{\"@type\":\"WebPage\",\"@id\":\"https:\\\/\\\/corailchaib.com\\\/produit\\\/collier-corail-4-211\\\/\",\"url\":\"https:\\\/\\\/corailchaib.com\\\/produit\\\/collier-corail-4-211\\\/\",\"name\":\"Collier Corail 4-211 - Corail Chaib\",\"isPartOf\":{\"@id\":\"https:\\\/\\\/corailchaib.com\\\/#website\"},\"primaryImageOfPage\":{\"@id\":\"https:\\\/\\\/corailchaib.com\\\/produit\\\/collier-corail-4-211\\\/#primaryimage\"},\"image\":{\"@id\":\"https:\\\/\\\/corailchaib.com\\\/produit\\\/collier-corail-4-211\\\/#primaryimage\"},\"thumbnailUrl\":\"https:\\\/\\\/corailchaib.com\\\/wp-content\\\/uploads\\\/2026\\\/01\\\/Collier-Corail-4-211-3.webp\",\"datePublished\":\"2026-01-16T10:04:53+00:00\",\"dateModified\":\"2026-05-02T09:43:36+00:00\",\"description\":\"Collier Corail 4-211 \\\/ Collier\u00a0 de corail rouge de M\u00e9diterran\u00e9e, taill\u00e9 en Boules corail Q 2,75, mont\u00e9es sur Or Lamin\u00e9, Taille des boules 10 mm.\",\"breadcrumb\":{\"@id\":\"https:\\\/\\\/corailchaib.com\\\/produit\\\/collier-corail-4-211\\\/#breadcrumb\"},\"inLanguage\":\"pt-PT\",\"potentialAction\":[{\"@type\":\"ReadAction\",\"target\":[\"https:\\\/\\\/corailchaib.com\\\/produit\\\/collier-corail-4-211\\\/\"]}]},{\"@type\":\"ImageObject\",\"inLanguage\":\"pt-PT\",\"@id\":\"https:\\\/\\\/corailchaib.com\\\/produit\\\/collier-corail-4-211\\\/#primaryimage\",\"url\":\"https:\\\/\\\/corailchaib.com\\\/wp-content\\\/uploads\\\/2026\\\/01\\\/Collier-Corail-4-211-3.webp\",\"contentUrl\":\"https:\\\/\\\/corailchaib.com\\\/wp-content\\\/uploads\\\/2026\\\/01\\\/Collier-Corail-4-211-3.webp\",\"width\":900,\"height\":900},{\"@type\":\"BreadcrumbList\",\"@id\":\"https:\\\/\\\/corailchaib.com\\\/produit\\\/collier-corail-4-211\\\/#breadcrumb\",\"itemListElement\":[{\"@type\":\"ListItem\",\"position\":1,\"name\":\"Accueil\",\"item\":\"https:\\\/\\\/corailchaib.com\\\/\"},{\"@type\":\"ListItem\",\"position\":2,\"name\":\"Boutique\",\"item\":\"https:\\\/\\\/corailchaib.com\\\/boutique\\\/\"},{\"@type\":\"ListItem\",\"position\":3,\"name\":\"Collier Corail 4-211\"}]},{\"@type\":\"WebSite\",\"@id\":\"https:\\\/\\\/corailchaib.com\\\/#website\",\"url\":\"https:\\\/\\\/corailchaib.com\\\/\",\"name\":\"corailchaib.com\",\"description\":\"Bijoux en Corail Rouge\",\"publisher\":{\"@id\":\"https:\\\/\\\/corailchaib.com\\\/#organization\"},\"alternateName\":\"Corail Chaib\",\"potentialAction\":[{\"@type\":\"SearchAction\",\"target\":{\"@type\":\"EntryPoint\",\"urlTemplate\":\"https:\\\/\\\/corailchaib.com\\\/?s={search_term_string}\"},\"query-input\":{\"@type\":\"PropertyValueSpecification\",\"valueRequired\":true,\"valueName\":\"search_term_string\"}}],\"inLanguage\":\"pt-PT\"},{\"@type\":\"Organization\",\"@id\":\"https:\\\/\\\/corailchaib.com\\\/#organization\",\"name\":\"Corail Chaib\",\"url\":\"https:\\\/\\\/corailchaib.com\\\/\",\"logo\":{\"@type\":\"ImageObject\",\"inLanguage\":\"pt-PT\",\"@id\":\"https:\\\/\\\/corailchaib.com\\\/#\\\/schema\\\/logo\\\/image\\\/\",\"url\":\"https:\\\/\\\/corailchaib.com\\\/wp-content\\\/uploads\\\/2024\\\/01\\\/LogoP-removebg-preview.png\",\"contentUrl\":\"https:\\\/\\\/corailchaib.com\\\/wp-content\\\/uploads\\\/2024\\\/01\\\/LogoP-removebg-preview.png\",\"width\":255,\"height\":266,\"caption\":\"Corail Chaib\"},\"image\":{\"@id\":\"https:\\\/\\\/corailchaib.com\\\/#\\\/schema\\\/logo\\\/image\\\/\"},\"sameAs\":[\"https:\\\/\\\/www.facebook.com\\\/Corailchaib\",\"https:\\\/\\\/x.com\\\/CorailChaib\",\"https:\\\/\\\/www.instagram.com\\\/corail.chaib\\\/?hl=fr\"]}]}<\/script>\n<!-- \/ Yoast SEO plugin. -->","yoast_head_json":{"title":"Collier Corail 4-211 - Corail Chaib","description":"Collier Corail 4-211 \/ Collier\u00a0 de corail rouge de M\u00e9diterran\u00e9e, taill\u00e9 en Boules corail Q 2,75, mont\u00e9es sur Or Lamin\u00e9, Taille des boules 10 mm.","robots":{"index":"index","follow":"follow","max-snippet":"max-snippet:-1","max-image-preview":"max-image-preview:large","max-video-preview":"max-video-preview:-1"},"canonical":"https:\/\/corailchaib.com\/pt\/produto\/collier-corail-4-211\/","og_locale":"pt_PT","og_type":"article","og_title":"Collier Corail 4-211 - Corail Chaib","og_description":"Collier Corail 4-211 \/ Collier\u00a0 de corail rouge de M\u00e9diterran\u00e9e, taill\u00e9 en Boules corail Q 2,75, mont\u00e9es sur Or Lamin\u00e9, Taille des boules 10 mm.","og_url":"https:\/\/corailchaib.com\/pt\/produto\/collier-corail-4-211\/","og_site_name":"Corail Chaib","article_publisher":"https:\/\/www.facebook.com\/Corailchaib","article_modified_time":"2026-05-02T09:43:36+00:00","og_image":[{"width":900,"height":900,"url":"https:\/\/corailchaib.com\/wp-content\/uploads\/2026\/01\/Collier-Corail-4-211-3.webp","type":"image\/webp"}],"twitter_card":"summary_large_image","twitter_site":"@CorailChaib","twitter_misc":{"Tempo estimado de leitura":"1 minuto"},"schema":{"@context":"https:\/\/schema.org","@graph":[{"@type":"WebPage","@id":"https:\/\/corailchaib.com\/produit\/collier-corail-4-211\/","url":"https:\/\/corailchaib.com\/produit\/collier-corail-4-211\/","name":"Collier Corail 4-211 - Corail Chaib","isPartOf":{"@id":"https:\/\/corailchaib.com\/#website"},"primaryImageOfPage":{"@id":"https:\/\/corailchaib.com\/produit\/collier-corail-4-211\/#primaryimage"},"image":{"@id":"https:\/\/corailchaib.com\/produit\/collier-corail-4-211\/#primaryimage"},"thumbnailUrl":"https:\/\/corailchaib.com\/wp-content\/uploads\/2026\/01\/Collier-Corail-4-211-3.webp","datePublished":"2026-01-16T10:04:53+00:00","dateModified":"2026-05-02T09:43:36+00:00","description":"Collier Corail 4-211 \/ Collier\u00a0 de corail rouge de M\u00e9diterran\u00e9e, taill\u00e9 en Boules corail Q 2,75, mont\u00e9es sur Or Lamin\u00e9, Taille des boules 10 mm.","breadcrumb":{"@id":"https:\/\/corailchaib.com\/produit\/collier-corail-4-211\/#breadcrumb"},"inLanguage":"pt-PT","potentialAction":[{"@type":"ReadAction","target":["https:\/\/corailchaib.com\/produit\/collier-corail-4-211\/"]}]},{"@type":"ImageObject","inLanguage":"pt-PT","@id":"https:\/\/corailchaib.com\/produit\/collier-corail-4-211\/#primaryimage","url":"https:\/\/corailchaib.com\/wp-content\/uploads\/2026\/01\/Collier-Corail-4-211-3.webp","contentUrl":"https:\/\/corailchaib.com\/wp-content\/uploads\/2026\/01\/Collier-Corail-4-211-3.webp","width":900,"height":900},{"@type":"BreadcrumbList","@id":"https:\/\/corailchaib.com\/produit\/collier-corail-4-211\/#breadcrumb","itemListElement":[{"@type":"ListItem","position":1,"name":"Accueil","item":"https:\/\/corailchaib.com\/"},{"@type":"ListItem","position":2,"name":"Boutique","item":"https:\/\/corailchaib.com\/boutique\/"},{"@type":"ListItem","position":3,"name":"Collier Corail 4-211"}]},{"@type":"WebSite","@id":"https:\/\/corailchaib.com\/#website","url":"https:\/\/corailchaib.com\/","name":"corailchaib.com","description":"J\u00f3ias de Coral Vermelho","publisher":{"@id":"https:\/\/corailchaib.com\/#organization"},"alternateName":"Corail Chaib","potentialAction":[{"@type":"SearchAction","target":{"@type":"EntryPoint","urlTemplate":"https:\/\/corailchaib.com\/?s={search_term_string}"},"query-input":{"@type":"PropertyValueSpecification","valueRequired":true,"valueName":"search_term_string"}}],"inLanguage":"pt-PT"},{"@type":"Organization","@id":"https:\/\/corailchaib.com\/#organization","name":"Corail Chaib","url":"https:\/\/corailchaib.com\/","logo":{"@type":"ImageObject","inLanguage":"pt-PT","@id":"https:\/\/corailchaib.com\/#\/schema\/logo\/image\/","url":"https:\/\/corailchaib.com\/wp-content\/uploads\/2024\/01\/LogoP-removebg-preview.png","contentUrl":"https:\/\/corailchaib.com\/wp-content\/uploads\/2024\/01\/LogoP-removebg-preview.png","width":255,"height":266,"caption":"Corail Chaib"},"image":{"@id":"https:\/\/corailchaib.com\/#\/schema\/logo\/image\/"},"sameAs":["https:\/\/www.facebook.com\/Corailchaib","https:\/\/x.com\/CorailChaib","https:\/\/www.instagram.com\/corail.chaib\/?hl=fr"]}]}},"jetpack_sharing_enabled":true,"_links":{"self":[{"href":"https:\/\/corailchaib.com\/pt\/wp-json\/wp\/v2\/product\/13252","targetHints":{"allow":["GET"]}}],"collection":[{"href":"https:\/\/corailchaib.com\/pt\/wp-json\/wp\/v2\/product"}],"about":[{"href":"https:\/\/corailchaib.com\/pt\/wp-json\/wp\/v2\/types\/product"}],"replies":[{"embeddable":true,"href":"https:\/\/corailchaib.com\/pt\/wp-json\/wp\/v2\/comments?post=13252"}],"version-history":[{"count":2,"href":"https:\/\/corailchaib.com\/pt\/wp-json\/wp\/v2\/product\/13252\/revisions"}],"predecessor-version":[{"id":13555,"href":"https:\/\/corailchaib.com\/pt\/wp-json\/wp\/v2\/product\/13252\/revisions\/13555"}],"wp:featuredmedia":[{"embeddable":true,"href":"https:\/\/corailchaib.com\/pt\/wp-json\/wp\/v2\/media\/13253"}],"wp:attachment":[{"href":"https:\/\/corailchaib.com\/pt\/wp-json\/wp\/v2\/media?parent=13252"}],"wp:term":[{"taxonomy":"product_brand","embeddable":true,"href":"https:\/\/corailchaib.com\/pt\/wp-json\/wp\/v2\/product_brand?post=13252"},{"taxonomy":"product_cat","embeddable":true,"href":"https:\/\/corailchaib.com\/pt\/wp-json\/wp\/v2\/product_cat?post=13252"},{"taxonomy":"product_tag","embeddable":true,"href":"https:\/\/corailchaib.com\/pt\/wp-json\/wp\/v2\/product_tag?post=13252"}],"curies":[{"name":"wp","href":"https:\/\/api.w.org\/{rel}","templated":true}]}}